{"id":1582,"date":"2019-03-18T21:15:42","date_gmt":"2019-03-18T20:15:42","guid":{"rendered":"http:\/\/mbi-design.de\/wp\/?page_id=1582"},"modified":"2019-03-24T17:47:58","modified_gmt":"2019-03-24T16:47:58","slug":"vakuummotoren","status":"publish","type":"page","link":"https:\/\/mbi-design.de\/wp\/vakuummotoren\/","title":{"rendered":"Vakuummotoren"},"content":{"rendered":"\n<p>Der Vakuummotor z\u00e4hlt auch zu der Kategorie Hei\u00dfluftmotoren. Bei diesem System wird \u00fcber einer \u00d6ffnung im Zylinder hei\u00dfe Gase angesaugt. Kurz bevor der Kolben den unteren Totpunkt erreicht schlie\u00dft ein Schieber die \u00d6ffnung. Im inneren des Zylinders k\u00fchlt die  hei\u00dfe Luft ab und ein Unterdruck entsteht. Der Kolben wird somit wieder zum oberen  Totpunkt geschoben (gezogen).<\/p>\n\n\n\n<figure class=\"wp-block-image is-resized\"><img loading=\"lazy\" decoding=\"async\" src=\"https:\/\/mbi-design.de\/wp\/wp-content\/uploads\/2019\/03\/Vakuummotor-Hei\u00dfluftmotor-50-1-1024x768.jpg\" alt=\"\" class=\"wp-image-1760\" width=\"512\" height=\"384\" srcset=\"https:\/\/mbi-design.de\/wp\/wp-content\/uploads\/2019\/03\/Vakuummotor-Hei\u00dfluftmotor-50-1-1024x768.jpg 1024w, https:\/\/mbi-design.de\/wp\/wp-content\/uploads\/2019\/03\/Vakuummotor-Hei\u00dfluftmotor-50-1-300x225.jpg 300w, https:\/\/mbi-design.de\/wp\/wp-content\/uploads\/2019\/03\/Vakuummotor-Hei\u00dfluftmotor-50-1-768x576.jpg 768w, https:\/\/mbi-design.de\/wp\/wp-content\/uploads\/2019\/03\/Vakuummotor-Hei\u00dfluftmotor-50-1.jpg 1280w\" sizes=\"auto, (max-width: 512px) 100vw, 512px\" \/><figcaption>Der Vakuummotor wird mit Spiritus betrieben.<\/figcaption><\/figure>\n\n\n\n<figure class=\"wp-block-image is-resized\"><img loading=\"lazy\" decoding=\"async\" src=\"https:\/\/mbi-design.de\/wp\/wp-content\/uploads\/2019\/03\/Vakuummotor-Hei\u00dfluftmotor-50-3-1024x768.jpg\" alt=\"\" class=\"wp-image-1761\" width=\"512\" height=\"384\" srcset=\"https:\/\/mbi-design.de\/wp\/wp-content\/uploads\/2019\/03\/Vakuummotor-Hei\u00dfluftmotor-50-3-1024x768.jpg 1024w, https:\/\/mbi-design.de\/wp\/wp-content\/uploads\/2019\/03\/Vakuummotor-Hei\u00dfluftmotor-50-3-300x225.jpg 300w, https:\/\/mbi-design.de\/wp\/wp-content\/uploads\/2019\/03\/Vakuummotor-Hei\u00dfluftmotor-50-3-768x576.jpg 768w, https:\/\/mbi-design.de\/wp\/wp-content\/uploads\/2019\/03\/Vakuummotor-Hei\u00dfluftmotor-50-3.jpg 1280w\" sizes=\"auto, (max-width: 512px) 100vw, 512px\" \/><figcaption>Hier kann man sch\u00f6n das Auslassventil am Zylinder sehen.<\/figcaption><\/figure>\n\n\n\n<figure class=\"wp-block-image is-resized\"><img loading=\"lazy\" decoding=\"async\" src=\"https:\/\/mbi-design.de\/wp\/wp-content\/uploads\/2019\/03\/Vakuummotor-Hei\u00dfluftmotor-506-1024x768.jpg\" alt=\"\" class=\"wp-image-1762\" width=\"512\" height=\"384\" srcset=\"https:\/\/mbi-design.de\/wp\/wp-content\/uploads\/2019\/03\/Vakuummotor-Hei\u00dfluftmotor-506-1024x768.jpg 1024w, https:\/\/mbi-design.de\/wp\/wp-content\/uploads\/2019\/03\/Vakuummotor-Hei\u00dfluftmotor-506-300x225.jpg 300w, https:\/\/mbi-design.de\/wp\/wp-content\/uploads\/2019\/03\/Vakuummotor-Hei\u00dfluftmotor-506-768x576.jpg 768w, https:\/\/mbi-design.de\/wp\/wp-content\/uploads\/2019\/03\/Vakuummotor-Hei\u00dfluftmotor-506.jpg 1280w\" sizes=\"auto, (max-width: 512px) 100vw, 512px\" \/><figcaption>Hier sieht man die Ansaug\u00f6ffnung mit Schieber. Dieses Modell ist ein Unikat.<\/figcaption><\/figure>\n","protected":false},"excerpt":{"rendered":"<p>Der Vakuummotor z\u00e4hlt auch zu der Kategorie Hei\u00dfluftmotoren. Bei diesem System wird \u00fcber einer \u00d6ffnung im Zylinder hei\u00dfe Gase angesaugt. Kurz bevor der Kolben den unteren Totpunkt erreicht schlie\u00dft ein Schieber die \u00d6ffnung. Im inneren des Zylinders k\u00fchlt die hei\u00dfe Luft ab und ein Unterdruck entsteht. Der Kolben wird somit wieder zum oberen Totpunkt geschoben &hellip; <a href=\"https:\/\/mbi-design.de\/wp\/vakuummotoren\/\" class=\"more-link\"><span class=\"screen-reader-text\">Vakuummotoren<\/span> weiterlesen <span class=\"meta-nav\">&rarr;<\/span><\/a><\/p>\n","protected":false},"author":1,"featured_media":0,"parent":0,"menu_order":0,"comment_status":"closed","ping_status":"closed","template":"","meta":{"ngg_post_thumbnail":0,"footnotes":""},"class_list":["post-1582","page","type-page","status-publish","hentry"],"yoast_head":"<!-- This site is optimized with the Yoast SEO plugin v27.3 - https:\/\/yoast.com\/product\/yoast-seo-wordpress\/ -->\n<title>Vakuummotoren - MBI Design Modellbau<\/title>\n<meta name=\"robots\" content=\"index, follow, max-snippet:-1, max-image-preview:large, max-video-preview:-1\" \/>\n<link rel=\"canonical\" href=\"https:\/\/mbi-design.de\/wp\/vakuummotoren\/\" \/>\n<meta property=\"og:locale\" content=\"de_DE\" \/>\n<meta property=\"og:type\" content=\"article\" \/>\n<meta property=\"og:title\" content=\"Vakuummotoren - MBI Design Modellbau\" \/>\n<meta property=\"og:description\" content=\"Der Vakuummotor z\u00e4hlt auch zu der Kategorie Hei\u00dfluftmotoren. Bei diesem System wird \u00fcber einer \u00d6ffnung im Zylinder hei\u00dfe Gase angesaugt. Kurz bevor der Kolben den unteren Totpunkt erreicht schlie\u00dft ein Schieber die \u00d6ffnung. Im inneren des Zylinders k\u00fchlt die hei\u00dfe Luft ab und ein Unterdruck entsteht. Der Kolben wird somit wieder zum oberen Totpunkt geschoben &hellip; Vakuummotoren weiterlesen &rarr;\" \/>\n<meta property=\"og:url\" content=\"https:\/\/mbi-design.de\/wp\/vakuummotoren\/\" \/>\n<meta property=\"og:site_name\" content=\"MBI Design Modellbau\" \/>\n<meta property=\"article:modified_time\" content=\"2019-03-24T16:47:58+00:00\" \/>\n<meta name=\"twitter:card\" content=\"summary_large_image\" \/>\n<script type=\"application\/ld+json\" class=\"yoast-schema-graph\">{\"@context\":\"https:\\\/\\\/schema.org\",\"@graph\":[{\"@type\":\"WebPage\",\"@id\":\"https:\\\/\\\/mbi-design.de\\\/wp\\\/vakuummotoren\\\/\",\"url\":\"https:\\\/\\\/mbi-design.de\\\/wp\\\/vakuummotoren\\\/\",\"name\":\"Vakuummotoren - MBI Design Modellbau\",\"isPartOf\":{\"@id\":\"https:\\\/\\\/mbi-design.de\\\/wp\\\/#website\"},\"datePublished\":\"2019-03-18T20:15:42+00:00\",\"dateModified\":\"2019-03-24T16:47:58+00:00\",\"breadcrumb\":{\"@id\":\"https:\\\/\\\/mbi-design.de\\\/wp\\\/vakuummotoren\\\/#breadcrumb\"},\"inLanguage\":\"de\",\"potentialAction\":[{\"@type\":\"ReadAction\",\"target\":[\"https:\\\/\\\/mbi-design.de\\\/wp\\\/vakuummotoren\\\/\"]}]},{\"@type\":\"BreadcrumbList\",\"@id\":\"https:\\\/\\\/mbi-design.de\\\/wp\\\/vakuummotoren\\\/#breadcrumb\",\"itemListElement\":[{\"@type\":\"ListItem\",\"position\":1,\"name\":\"Startseite\",\"item\":\"https:\\\/\\\/mbi-design.de\\\/wp\\\/\"},{\"@type\":\"ListItem\",\"position\":2,\"name\":\"Vakuummotoren\"}]},{\"@type\":\"WebSite\",\"@id\":\"https:\\\/\\\/mbi-design.de\\\/wp\\\/#website\",\"url\":\"https:\\\/\\\/mbi-design.de\\\/wp\\\/\",\"name\":\"MBI Design Modellbau\",\"description\":\"Funktionsmodellbau\",\"publisher\":{\"@id\":\"https:\\\/\\\/mbi-design.de\\\/wp\\\/#organization\"},\"potentialAction\":[{\"@type\":\"SearchAction\",\"target\":{\"@type\":\"EntryPoint\",\"urlTemplate\":\"https:\\\/\\\/mbi-design.de\\\/wp\\\/?s={search_term_string}\"},\"query-input\":{\"@type\":\"PropertyValueSpecification\",\"valueRequired\":true,\"valueName\":\"search_term_string\"}}],\"inLanguage\":\"de\"},{\"@type\":\"Organization\",\"@id\":\"https:\\\/\\\/mbi-design.de\\\/wp\\\/#organization\",\"name\":\"MBI Design Modellbau\",\"url\":\"https:\\\/\\\/mbi-design.de\\\/wp\\\/\",\"logo\":{\"@type\":\"ImageObject\",\"inLanguage\":\"de\",\"@id\":\"https:\\\/\\\/mbi-design.de\\\/wp\\\/#\\\/schema\\\/logo\\\/image\\\/\",\"url\":\"https:\\\/\\\/mbi-design.de\\\/wp\\\/wp-content\\\/uploads\\\/2020\\\/03\\\/favicon-1.png\",\"contentUrl\":\"https:\\\/\\\/mbi-design.de\\\/wp\\\/wp-content\\\/uploads\\\/2020\\\/03\\\/favicon-1.png\",\"width\":102,\"height\":102,\"caption\":\"MBI Design Modellbau\"},\"image\":{\"@id\":\"https:\\\/\\\/mbi-design.de\\\/wp\\\/#\\\/schema\\\/logo\\\/image\\\/\"}}]}<\/script>\n<!-- \/ Yoast SEO plugin. -->","yoast_head_json":{"title":"Vakuummotoren - MBI Design Modellbau","robots":{"index":"index","follow":"follow","max-snippet":"max-snippet:-1","max-image-preview":"max-image-preview:large","max-video-preview":"max-video-preview:-1"},"canonical":"https:\/\/mbi-design.de\/wp\/vakuummotoren\/","og_locale":"de_DE","og_type":"article","og_title":"Vakuummotoren - MBI Design Modellbau","og_description":"Der Vakuummotor z\u00e4hlt auch zu der Kategorie Hei\u00dfluftmotoren. Bei diesem System wird \u00fcber einer \u00d6ffnung im Zylinder hei\u00dfe Gase angesaugt. Kurz bevor der Kolben den unteren Totpunkt erreicht schlie\u00dft ein Schieber die \u00d6ffnung. Im inneren des Zylinders k\u00fchlt die hei\u00dfe Luft ab und ein Unterdruck entsteht. Der Kolben wird somit wieder zum oberen Totpunkt geschoben &hellip; Vakuummotoren weiterlesen &rarr;","og_url":"https:\/\/mbi-design.de\/wp\/vakuummotoren\/","og_site_name":"MBI Design Modellbau","article_modified_time":"2019-03-24T16:47:58+00:00","twitter_card":"summary_large_image","schema":{"@context":"https:\/\/schema.org","@graph":[{"@type":"WebPage","@id":"https:\/\/mbi-design.de\/wp\/vakuummotoren\/","url":"https:\/\/mbi-design.de\/wp\/vakuummotoren\/","name":"Vakuummotoren - MBI Design Modellbau","isPartOf":{"@id":"https:\/\/mbi-design.de\/wp\/#website"},"datePublished":"2019-03-18T20:15:42+00:00","dateModified":"2019-03-24T16:47:58+00:00","breadcrumb":{"@id":"https:\/\/mbi-design.de\/wp\/vakuummotoren\/#breadcrumb"},"inLanguage":"de","potentialAction":[{"@type":"ReadAction","target":["https:\/\/mbi-design.de\/wp\/vakuummotoren\/"]}]},{"@type":"BreadcrumbList","@id":"https:\/\/mbi-design.de\/wp\/vakuummotoren\/#breadcrumb","itemListElement":[{"@type":"ListItem","position":1,"name":"Startseite","item":"https:\/\/mbi-design.de\/wp\/"},{"@type":"ListItem","position":2,"name":"Vakuummotoren"}]},{"@type":"WebSite","@id":"https:\/\/mbi-design.de\/wp\/#website","url":"https:\/\/mbi-design.de\/wp\/","name":"MBI Design Modellbau","description":"Funktionsmodellbau","publisher":{"@id":"https:\/\/mbi-design.de\/wp\/#organization"},"potentialAction":[{"@type":"SearchAction","target":{"@type":"EntryPoint","urlTemplate":"https:\/\/mbi-design.de\/wp\/?s={search_term_string}"},"query-input":{"@type":"PropertyValueSpecification","valueRequired":true,"valueName":"search_term_string"}}],"inLanguage":"de"},{"@type":"Organization","@id":"https:\/\/mbi-design.de\/wp\/#organization","name":"MBI Design Modellbau","url":"https:\/\/mbi-design.de\/wp\/","logo":{"@type":"ImageObject","inLanguage":"de","@id":"https:\/\/mbi-design.de\/wp\/#\/schema\/logo\/image\/","url":"https:\/\/mbi-design.de\/wp\/wp-content\/uploads\/2020\/03\/favicon-1.png","contentUrl":"https:\/\/mbi-design.de\/wp\/wp-content\/uploads\/2020\/03\/favicon-1.png","width":102,"height":102,"caption":"MBI Design Modellbau"},"image":{"@id":"https:\/\/mbi-design.de\/wp\/#\/schema\/logo\/image\/"}}]}},"_links":{"self":[{"href":"https:\/\/mbi-design.de\/wp\/wp-json\/wp\/v2\/pages\/1582","targetHints":{"allow":["GET"]}}],"collection":[{"href":"https:\/\/mbi-design.de\/wp\/wp-json\/wp\/v2\/pages"}],"about":[{"href":"https:\/\/mbi-design.de\/wp\/wp-json\/wp\/v2\/types\/page"}],"author":[{"embeddable":true,"href":"https:\/\/mbi-design.de\/wp\/wp-json\/wp\/v2\/users\/1"}],"replies":[{"embeddable":true,"href":"https:\/\/mbi-design.de\/wp\/wp-json\/wp\/v2\/comments?post=1582"}],"version-history":[{"count":3,"href":"https:\/\/mbi-design.de\/wp\/wp-json\/wp\/v2\/pages\/1582\/revisions"}],"predecessor-version":[{"id":1763,"href":"https:\/\/mbi-design.de\/wp\/wp-json\/wp\/v2\/pages\/1582\/revisions\/1763"}],"wp:attachment":[{"href":"https:\/\/mbi-design.de\/wp\/wp-json\/wp\/v2\/media?parent=1582"}],"curies":[{"name":"wp","href":"https:\/\/api.w.org\/{rel}","templated":true}]}}