{"id":931,"date":"2019-01-25T21:00:09","date_gmt":"2019-01-25T20:00:09","guid":{"rendered":"http:\/\/mbi-design.de\/wp\/?page_id=931"},"modified":"2019-03-09T00:04:35","modified_gmt":"2019-03-08T23:04:35","slug":"cnc-bearbeitung","status":"publish","type":"page","link":"https:\/\/mbi-design.de\/wp\/galerie\/cnc-bearbeitung\/","title":{"rendered":"CNC BEARBEITUNG"},"content":{"rendered":"\n<figure class=\"wp-block-image\"><img loading=\"lazy\" decoding=\"async\" width=\"768\" height=\"1024\" src=\"https:\/\/mbi-design.de\/wp\/wp-content\/uploads\/2019\/03\/25D-Gefr\u00e4ster-Zylinderkopf-50-768x1024.jpg\" alt=\"\" class=\"wp-image-1522\" srcset=\"https:\/\/mbi-design.de\/wp\/wp-content\/uploads\/2019\/03\/25D-Gefr\u00e4ster-Zylinderkopf-50-768x1024.jpg 768w, https:\/\/mbi-design.de\/wp\/wp-content\/uploads\/2019\/03\/25D-Gefr\u00e4ster-Zylinderkopf-50-scaled-300x400.jpg 300w, https:\/\/mbi-design.de\/wp\/wp-content\/uploads\/2019\/03\/25D-Gefr\u00e4ster-Zylinderkopf-50-225x300.jpg 225w, https:\/\/mbi-design.de\/wp\/wp-content\/uploads\/2019\/03\/25D-Gefr\u00e4ster-Zylinderkopf-50-scaled.jpg 1920w\" sizes=\"auto, (max-width: 768px) 100vw, 768px\" \/><figcaption>2,5 D gefr\u00e4ster  Zylinderkopf<\/figcaption><\/figure>\n\n\n\n<figure class=\"wp-block-image\"><img loading=\"lazy\" decoding=\"async\" width=\"1024\" height=\"768\" src=\"https:\/\/mbi-design.de\/wp\/wp-content\/uploads\/2019\/01\/CNC-1024x768.jpg\" alt=\"\" class=\"wp-image-956\" srcset=\"https:\/\/mbi-design.de\/wp\/wp-content\/uploads\/2019\/01\/CNC-1024x768.jpg 1024w, https:\/\/mbi-design.de\/wp\/wp-content\/uploads\/2019\/01\/CNC-300x225.jpg 300w, https:\/\/mbi-design.de\/wp\/wp-content\/uploads\/2019\/01\/CNC-768x576.jpg 768w, https:\/\/mbi-design.de\/wp\/wp-content\/uploads\/2019\/01\/CNC.jpg 1037w\" sizes=\"auto, (max-width: 1024px) 100vw, 1024px\" \/><figcaption>Pleuelstangen<\/figcaption><\/figure>\n\n\n\n<figure class=\"wp-block-image\"><img loading=\"lazy\" decoding=\"async\" width=\"1024\" height=\"768\" src=\"https:\/\/mbi-design.de\/wp\/wp-content\/uploads\/2019\/03\/Holz-fr\u00e4sen-50-1024x768.jpg\" alt=\"\" class=\"wp-image-1517\" srcset=\"https:\/\/mbi-design.de\/wp\/wp-content\/uploads\/2019\/03\/Holz-fr\u00e4sen-50-1024x768.jpg 1024w, https:\/\/mbi-design.de\/wp\/wp-content\/uploads\/2019\/03\/Holz-fr\u00e4sen-50-300x225.jpg 300w, https:\/\/mbi-design.de\/wp\/wp-content\/uploads\/2019\/03\/Holz-fr\u00e4sen-50-768x576.jpg 768w\" sizes=\"auto, (max-width: 1024px) 100vw, 1024px\" \/><figcaption>L\u00fcfterfl\u00fcgel f\u00fcr ein Stirling fan.<\/figcaption><\/figure>\n\n\n\n<figure class=\"wp-block-image\"><img loading=\"lazy\" decoding=\"async\" width=\"768\" height=\"1024\" src=\"https:\/\/mbi-design.de\/wp\/wp-content\/uploads\/2019\/03\/Autot\u00fcrf\u00fchrung-50-768x1024.jpg\" alt=\"\" class=\"wp-image-1519\" srcset=\"https:\/\/mbi-design.de\/wp\/wp-content\/uploads\/2019\/03\/Autot\u00fcrf\u00fchrung-50-768x1024.jpg 768w, https:\/\/mbi-design.de\/wp\/wp-content\/uploads\/2019\/03\/Autot\u00fcrf\u00fchrung-50-300x400.jpg 300w, https:\/\/mbi-design.de\/wp\/wp-content\/uploads\/2019\/03\/Autot\u00fcrf\u00fchrung-50-225x300.jpg 225w, https:\/\/mbi-design.de\/wp\/wp-content\/uploads\/2019\/03\/Autot\u00fcrf\u00fchrung-50.jpg 1488w\" sizes=\"auto, (max-width: 768px) 100vw, 768px\" \/><figcaption>2,5 D gefr\u00e4ste Autot\u00fcrf\u00fchrung  mit einer L\u00e4nge von ca. 60mm .<\/figcaption><\/figure>\n\n\n","protected":false},"excerpt":{"rendered":"","protected":false},"author":1,"featured_media":0,"parent":94,"menu_order":0,"comment_status":"closed","ping_status":"closed","template":"","meta":{"ngg_post_thumbnail":0,"footnotes":""},"class_list":["post-931","page","type-page","status-publish","hentry"],"yoast_head":"<!-- This site is optimized with the Yoast SEO plugin v27.3 - https:\/\/yoast.com\/product\/yoast-seo-wordpress\/ -->\n<title>CNC BEARBEITUNG - MBI Design Modellbau<\/title>\n<meta name=\"robots\" content=\"index, follow, max-snippet:-1, max-image-preview:large, max-video-preview:-1\" \/>\n<link rel=\"canonical\" href=\"https:\/\/mbi-design.de\/wp\/galerie\/cnc-bearbeitung\/\" \/>\n<meta property=\"og:locale\" content=\"de_DE\" \/>\n<meta property=\"og:type\" content=\"article\" \/>\n<meta property=\"og:title\" content=\"CNC BEARBEITUNG - MBI Design Modellbau\" \/>\n<meta property=\"og:url\" content=\"https:\/\/mbi-design.de\/wp\/galerie\/cnc-bearbeitung\/\" \/>\n<meta property=\"og:site_name\" content=\"MBI Design Modellbau\" \/>\n<meta property=\"article:modified_time\" content=\"2019-03-08T23:04:35+00:00\" \/>\n<meta property=\"og:image\" content=\"http:\/\/mbi-design.de\/wp\/wp-content\/uploads\/2019\/01\/CNC-1024x768.jpg\" \/>\n<meta name=\"twitter:card\" content=\"summary_large_image\" \/>\n<script type=\"application\/ld+json\" class=\"yoast-schema-graph\">{\"@context\":\"https:\\\/\\\/schema.org\",\"@graph\":[{\"@type\":\"WebPage\",\"@id\":\"https:\\\/\\\/mbi-design.de\\\/wp\\\/galerie\\\/cnc-bearbeitung\\\/\",\"url\":\"https:\\\/\\\/mbi-design.de\\\/wp\\\/galerie\\\/cnc-bearbeitung\\\/\",\"name\":\"CNC BEARBEITUNG - MBI Design Modellbau\",\"isPartOf\":{\"@id\":\"https:\\\/\\\/mbi-design.de\\\/wp\\\/#website\"},\"primaryImageOfPage\":{\"@id\":\"https:\\\/\\\/mbi-design.de\\\/wp\\\/galerie\\\/cnc-bearbeitung\\\/#primaryimage\"},\"image\":{\"@id\":\"https:\\\/\\\/mbi-design.de\\\/wp\\\/galerie\\\/cnc-bearbeitung\\\/#primaryimage\"},\"thumbnailUrl\":\"http:\\\/\\\/mbi-design.de\\\/wp\\\/wp-content\\\/uploads\\\/2019\\\/01\\\/CNC-1024x768.jpg\",\"datePublished\":\"2019-01-25T20:00:09+00:00\",\"dateModified\":\"2019-03-08T23:04:35+00:00\",\"breadcrumb\":{\"@id\":\"https:\\\/\\\/mbi-design.de\\\/wp\\\/galerie\\\/cnc-bearbeitung\\\/#breadcrumb\"},\"inLanguage\":\"de\",\"potentialAction\":[{\"@type\":\"ReadAction\",\"target\":[\"https:\\\/\\\/mbi-design.de\\\/wp\\\/galerie\\\/cnc-bearbeitung\\\/\"]}]},{\"@type\":\"ImageObject\",\"inLanguage\":\"de\",\"@id\":\"https:\\\/\\\/mbi-design.de\\\/wp\\\/galerie\\\/cnc-bearbeitung\\\/#primaryimage\",\"url\":\"http:\\\/\\\/mbi-design.de\\\/wp\\\/wp-content\\\/uploads\\\/2019\\\/01\\\/CNC-1024x768.jpg\",\"contentUrl\":\"http:\\\/\\\/mbi-design.de\\\/wp\\\/wp-content\\\/uploads\\\/2019\\\/01\\\/CNC-1024x768.jpg\"},{\"@type\":\"BreadcrumbList\",\"@id\":\"https:\\\/\\\/mbi-design.de\\\/wp\\\/galerie\\\/cnc-bearbeitung\\\/#breadcrumb\",\"itemListElement\":[{\"@type\":\"ListItem\",\"position\":1,\"name\":\"Startseite\",\"item\":\"https:\\\/\\\/mbi-design.de\\\/wp\\\/\"},{\"@type\":\"ListItem\",\"position\":2,\"name\":\"Galerie\",\"item\":\"https:\\\/\\\/mbi-design.de\\\/wp\\\/galerie\\\/\"},{\"@type\":\"ListItem\",\"position\":3,\"name\":\"CNC BEARBEITUNG\"}]},{\"@type\":\"WebSite\",\"@id\":\"https:\\\/\\\/mbi-design.de\\\/wp\\\/#website\",\"url\":\"https:\\\/\\\/mbi-design.de\\\/wp\\\/\",\"name\":\"MBI Design Modellbau\",\"description\":\"Funktionsmodellbau\",\"publisher\":{\"@id\":\"https:\\\/\\\/mbi-design.de\\\/wp\\\/#organization\"},\"potentialAction\":[{\"@type\":\"SearchAction\",\"target\":{\"@type\":\"EntryPoint\",\"urlTemplate\":\"https:\\\/\\\/mbi-design.de\\\/wp\\\/?s={search_term_string}\"},\"query-input\":{\"@type\":\"PropertyValueSpecification\",\"valueRequired\":true,\"valueName\":\"search_term_string\"}}],\"inLanguage\":\"de\"},{\"@type\":\"Organization\",\"@id\":\"https:\\\/\\\/mbi-design.de\\\/wp\\\/#organization\",\"name\":\"MBI Design Modellbau\",\"url\":\"https:\\\/\\\/mbi-design.de\\\/wp\\\/\",\"logo\":{\"@type\":\"ImageObject\",\"inLanguage\":\"de\",\"@id\":\"https:\\\/\\\/mbi-design.de\\\/wp\\\/#\\\/schema\\\/logo\\\/image\\\/\",\"url\":\"https:\\\/\\\/mbi-design.de\\\/wp\\\/wp-content\\\/uploads\\\/2020\\\/03\\\/favicon-1.png\",\"contentUrl\":\"https:\\\/\\\/mbi-design.de\\\/wp\\\/wp-content\\\/uploads\\\/2020\\\/03\\\/favicon-1.png\",\"width\":102,\"height\":102,\"caption\":\"MBI Design Modellbau\"},\"image\":{\"@id\":\"https:\\\/\\\/mbi-design.de\\\/wp\\\/#\\\/schema\\\/logo\\\/image\\\/\"}}]}<\/script>\n<!-- \/ Yoast SEO plugin. -->","yoast_head_json":{"title":"CNC BEARBEITUNG - MBI Design Modellbau","robots":{"index":"index","follow":"follow","max-snippet":"max-snippet:-1","max-image-preview":"max-image-preview:large","max-video-preview":"max-video-preview:-1"},"canonical":"https:\/\/mbi-design.de\/wp\/galerie\/cnc-bearbeitung\/","og_locale":"de_DE","og_type":"article","og_title":"CNC BEARBEITUNG - MBI Design Modellbau","og_url":"https:\/\/mbi-design.de\/wp\/galerie\/cnc-bearbeitung\/","og_site_name":"MBI Design Modellbau","article_modified_time":"2019-03-08T23:04:35+00:00","og_image":[{"url":"http:\/\/mbi-design.de\/wp\/wp-content\/uploads\/2019\/01\/CNC-1024x768.jpg","type":"","width":"","height":""}],"twitter_card":"summary_large_image","schema":{"@context":"https:\/\/schema.org","@graph":[{"@type":"WebPage","@id":"https:\/\/mbi-design.de\/wp\/galerie\/cnc-bearbeitung\/","url":"https:\/\/mbi-design.de\/wp\/galerie\/cnc-bearbeitung\/","name":"CNC BEARBEITUNG - MBI Design Modellbau","isPartOf":{"@id":"https:\/\/mbi-design.de\/wp\/#website"},"primaryImageOfPage":{"@id":"https:\/\/mbi-design.de\/wp\/galerie\/cnc-bearbeitung\/#primaryimage"},"image":{"@id":"https:\/\/mbi-design.de\/wp\/galerie\/cnc-bearbeitung\/#primaryimage"},"thumbnailUrl":"http:\/\/mbi-design.de\/wp\/wp-content\/uploads\/2019\/01\/CNC-1024x768.jpg","datePublished":"2019-01-25T20:00:09+00:00","dateModified":"2019-03-08T23:04:35+00:00","breadcrumb":{"@id":"https:\/\/mbi-design.de\/wp\/galerie\/cnc-bearbeitung\/#breadcrumb"},"inLanguage":"de","potentialAction":[{"@type":"ReadAction","target":["https:\/\/mbi-design.de\/wp\/galerie\/cnc-bearbeitung\/"]}]},{"@type":"ImageObject","inLanguage":"de","@id":"https:\/\/mbi-design.de\/wp\/galerie\/cnc-bearbeitung\/#primaryimage","url":"http:\/\/mbi-design.de\/wp\/wp-content\/uploads\/2019\/01\/CNC-1024x768.jpg","contentUrl":"http:\/\/mbi-design.de\/wp\/wp-content\/uploads\/2019\/01\/CNC-1024x768.jpg"},{"@type":"BreadcrumbList","@id":"https:\/\/mbi-design.de\/wp\/galerie\/cnc-bearbeitung\/#breadcrumb","itemListElement":[{"@type":"ListItem","position":1,"name":"Startseite","item":"https:\/\/mbi-design.de\/wp\/"},{"@type":"ListItem","position":2,"name":"Galerie","item":"https:\/\/mbi-design.de\/wp\/galerie\/"},{"@type":"ListItem","position":3,"name":"CNC BEARBEITUNG"}]},{"@type":"WebSite","@id":"https:\/\/mbi-design.de\/wp\/#website","url":"https:\/\/mbi-design.de\/wp\/","name":"MBI Design Modellbau","description":"Funktionsmodellbau","publisher":{"@id":"https:\/\/mbi-design.de\/wp\/#organization"},"potentialAction":[{"@type":"SearchAction","target":{"@type":"EntryPoint","urlTemplate":"https:\/\/mbi-design.de\/wp\/?s={search_term_string}"},"query-input":{"@type":"PropertyValueSpecification","valueRequired":true,"valueName":"search_term_string"}}],"inLanguage":"de"},{"@type":"Organization","@id":"https:\/\/mbi-design.de\/wp\/#organization","name":"MBI Design Modellbau","url":"https:\/\/mbi-design.de\/wp\/","logo":{"@type":"ImageObject","inLanguage":"de","@id":"https:\/\/mbi-design.de\/wp\/#\/schema\/logo\/image\/","url":"https:\/\/mbi-design.de\/wp\/wp-content\/uploads\/2020\/03\/favicon-1.png","contentUrl":"https:\/\/mbi-design.de\/wp\/wp-content\/uploads\/2020\/03\/favicon-1.png","width":102,"height":102,"caption":"MBI Design Modellbau"},"image":{"@id":"https:\/\/mbi-design.de\/wp\/#\/schema\/logo\/image\/"}}]}},"_links":{"self":[{"href":"https:\/\/mbi-design.de\/wp\/wp-json\/wp\/v2\/pages\/931","targetHints":{"allow":["GET"]}}],"collection":[{"href":"https:\/\/mbi-design.de\/wp\/wp-json\/wp\/v2\/pages"}],"about":[{"href":"https:\/\/mbi-design.de\/wp\/wp-json\/wp\/v2\/types\/page"}],"author":[{"embeddable":true,"href":"https:\/\/mbi-design.de\/wp\/wp-json\/wp\/v2\/users\/1"}],"replies":[{"embeddable":true,"href":"https:\/\/mbi-design.de\/wp\/wp-json\/wp\/v2\/comments?post=931"}],"version-history":[{"count":7,"href":"https:\/\/mbi-design.de\/wp\/wp-json\/wp\/v2\/pages\/931\/revisions"}],"predecessor-version":[{"id":1523,"href":"https:\/\/mbi-design.de\/wp\/wp-json\/wp\/v2\/pages\/931\/revisions\/1523"}],"up":[{"embeddable":true,"href":"https:\/\/mbi-design.de\/wp\/wp-json\/wp\/v2\/pages\/94"}],"wp:attachment":[{"href":"https:\/\/mbi-design.de\/wp\/wp-json\/wp\/v2\/media?parent=931"}],"curies":[{"name":"wp","href":"https:\/\/api.w.org\/{rel}","templated":true}]}}