{"id":967,"date":"2019-01-25T21:26:45","date_gmt":"2019-01-25T20:26:45","guid":{"rendered":"http:\/\/mbi-design.de\/wp\/?page_id=967"},"modified":"2019-03-24T14:32:58","modified_gmt":"2019-03-24T13:32:58","slug":"cnc-maschinen","status":"publish","type":"page","link":"https:\/\/mbi-design.de\/wp\/galerie\/cnc-maschinen\/","title":{"rendered":"CNC Maschinen"},"content":{"rendered":"\n<p>Der erste Prototyp im Jahre 2002, der in Richtung CNC Maschine ging, war ein kleiner Plotter, der mit einer PCNC Steuerung  und einer 1500 mA Endstufe lief.<\/p>\n\n\n\n<figure class=\"wp-block-image is-resized\"><img loading=\"lazy\" decoding=\"async\" src=\"https:\/\/mbi-design.de\/wp\/wp-content\/uploads\/2019\/03\/Prototyp-Plotter-CNC-Maschine-6-1-1024x768.jpg\" alt=\"\" class=\"wp-image-1491\" width=\"512\" height=\"384\"\/><figcaption>Dieser Plotter entstand 2002 und er funktionierte  mit einer  PCNC 1500 Steuerung.<\/figcaption><\/figure>\n\n\n\n<figure class=\"wp-block-image is-resized\"><img loading=\"lazy\" decoding=\"async\" src=\"https:\/\/mbi-design.de\/wp\/wp-content\/uploads\/2019\/03\/Prototyp-Plotter-CNC-Maschine-5-2-1024x768.jpg\" alt=\"\" class=\"wp-image-1493\" width=\"512\" height=\"384\"\/><figcaption>Alles kugelgelagert und  auf der Basis von einer Portalfr\u00e4se.<\/figcaption><\/figure>\n\n\n\n<figure class=\"wp-block-image is-resized\"><img loading=\"lazy\" decoding=\"async\" src=\"https:\/\/mbi-design.de\/wp\/wp-content\/uploads\/2019\/03\/Prototyp-Plotter-CNC-Maschine-1-1-768x1024.jpg\" alt=\"\" class=\"wp-image-1494\" width=\"384\" height=\"512\"\/><figcaption>Die Z-Achse mit einem Stift als  Fr\u00e4serimitat.<\/figcaption><\/figure>\n\n\n\nDarauf erfolgte im Jahr 2003 die erste CNC Maschine mit einer Bearbeitungsfl\u00e4che von 150x150x40 mm. Mit dieser Maschine habe ich viel Erfahrung gesammelt und unz\u00e4hlige Sachen gefr\u00e4st.\n\n\n\n<figure class=\"wp-block-image is-resized\"><img loading=\"lazy\" decoding=\"async\" src=\"https:\/\/mbi-design.de\/wp\/wp-content\/uploads\/2019\/03\/CNC-Fr\u00e4smaschine-Portalfr\u00e4se-1-768x1024.jpg\" alt=\"\" class=\"wp-image-1496\" width=\"384\" height=\"512\" srcset=\"https:\/\/mbi-design.de\/wp\/wp-content\/uploads\/2019\/03\/CNC-Fr\u00e4smaschine-Portalfr\u00e4se-1-768x1024.jpg 768w, https:\/\/mbi-design.de\/wp\/wp-content\/uploads\/2019\/03\/CNC-Fr\u00e4smaschine-Portalfr\u00e4se-1-300x400.jpg 300w, https:\/\/mbi-design.de\/wp\/wp-content\/uploads\/2019\/03\/CNC-Fr\u00e4smaschine-Portalfr\u00e4se-1-225x300.jpg 225w, https:\/\/mbi-design.de\/wp\/wp-content\/uploads\/2019\/03\/CNC-Fr\u00e4smaschine-Portalfr\u00e4se-1.jpg 1920w\" sizes=\"auto, (max-width: 384px) 100vw, 384px\" \/><figcaption>Als Portalfr\u00e4se und mit  Spiritus-K\u00fchlung.<\/figcaption><\/figure>\n\n\n\n<figure class=\"wp-block-image is-resized\"><img loading=\"lazy\" decoding=\"async\" src=\"https:\/\/mbi-design.de\/wp\/wp-content\/uploads\/2019\/03\/CNC-Fr\u00e4smaschine-Portalfr\u00e4se-3-1024x768.jpg\" alt=\"\" class=\"wp-image-1497\" width=\"512\" height=\"384\" srcset=\"https:\/\/mbi-design.de\/wp\/wp-content\/uploads\/2019\/03\/CNC-Fr\u00e4smaschine-Portalfr\u00e4se-3-1024x768.jpg 1024w, https:\/\/mbi-design.de\/wp\/wp-content\/uploads\/2019\/03\/CNC-Fr\u00e4smaschine-Portalfr\u00e4se-3-300x225.jpg 300w, https:\/\/mbi-design.de\/wp\/wp-content\/uploads\/2019\/03\/CNC-Fr\u00e4smaschine-Portalfr\u00e4se-3-768x576.jpg 768w\" sizes=\"auto, (max-width: 512px) 100vw, 512px\" \/><figcaption>Ich habe schon immer Wert auf das Aussehen gelegt.<\/figcaption><\/figure>\n\n\n\n<figure class=\"wp-block-image is-resized\"><img loading=\"lazy\" decoding=\"async\" src=\"https:\/\/mbi-design.de\/wp\/wp-content\/uploads\/2019\/03\/CNC-Fr\u00e4smaschine-Portalfr\u00e4se-14-1024x768.jpg\" alt=\"\" class=\"wp-image-1498\" width=\"512\" height=\"384\" srcset=\"https:\/\/mbi-design.de\/wp\/wp-content\/uploads\/2019\/03\/CNC-Fr\u00e4smaschine-Portalfr\u00e4se-14-1024x768.jpg 1024w, https:\/\/mbi-design.de\/wp\/wp-content\/uploads\/2019\/03\/CNC-Fr\u00e4smaschine-Portalfr\u00e4se-14-300x225.jpg 300w, https:\/\/mbi-design.de\/wp\/wp-content\/uploads\/2019\/03\/CNC-Fr\u00e4smaschine-Portalfr\u00e4se-14-768x576.jpg 768w\" sizes=\"auto, (max-width: 512px) 100vw, 512px\" \/><figcaption>Die F\u00fchrungen  waren auch  schon alle mit  Linearlagern  ausgestattet.<\/figcaption><\/figure>\n\n\n\n<figure class=\"wp-block-image is-resized\"><img loading=\"lazy\" decoding=\"async\" src=\"https:\/\/mbi-design.de\/wp\/wp-content\/uploads\/2019\/03\/CNC-Fr\u00e4smaschine-Portalfr\u00e4se-7-1024x768.jpg\" alt=\"\" class=\"wp-image-1499\" width=\"512\" height=\"384\" srcset=\"https:\/\/mbi-design.de\/wp\/wp-content\/uploads\/2019\/03\/CNC-Fr\u00e4smaschine-Portalfr\u00e4se-7-1024x768.jpg 1024w, https:\/\/mbi-design.de\/wp\/wp-content\/uploads\/2019\/03\/CNC-Fr\u00e4smaschine-Portalfr\u00e4se-7-300x225.jpg 300w, https:\/\/mbi-design.de\/wp\/wp-content\/uploads\/2019\/03\/CNC-Fr\u00e4smaschine-Portalfr\u00e4se-7-768x576.jpg 768w\" sizes=\"auto, (max-width: 512px) 100vw, 512px\" \/><figcaption>Mit Unterschrank.<\/figcaption><\/figure>\n\n\n\n<figure class=\"wp-block-image is-resized\"><img loading=\"lazy\" decoding=\"async\" src=\"https:\/\/mbi-design.de\/wp\/wp-content\/uploads\/2019\/03\/CNC-Fr\u00e4smaschine-Portalfr\u00e4se-11-1024x768.jpg\" alt=\"\" class=\"wp-image-1500\" width=\"512\" height=\"384\" srcset=\"https:\/\/mbi-design.de\/wp\/wp-content\/uploads\/2019\/03\/CNC-Fr\u00e4smaschine-Portalfr\u00e4se-11-1024x768.jpg 1024w, https:\/\/mbi-design.de\/wp\/wp-content\/uploads\/2019\/03\/CNC-Fr\u00e4smaschine-Portalfr\u00e4se-11-300x225.jpg 300w, https:\/\/mbi-design.de\/wp\/wp-content\/uploads\/2019\/03\/CNC-Fr\u00e4smaschine-Portalfr\u00e4se-11-768x576.jpg 768w\" sizes=\"auto, (max-width: 512px) 100vw, 512px\" \/><figcaption>Auch  sch\u00f6n alles  angeschlossen,  die Steck-Schraubverbinder haben nie Probleme gemacht.<\/figcaption><\/figure>\n\n\n\nDarauf folgte im Jahr 2006 eine etwas gr\u00f6\u00dfere Portalfr\u00e4se. Ich bin damals auch auf Servomotoren umgestiegen und habe aus Amerika Gecko-Drive Endstufen bestellt. Die Schrittmotoren machten furchtbare Ger\u00e4usche und waren so langsam. Diese Maschine habe ich heute noch. Sie ist mit einer HF-Spindel und Minimalm\u00e4ngenschmierung ausgestattet. Nat\u00fcrlich sind alle F\u00fchrungen mit Linearlagern und Kugelumlaufspindeln ausgestattet.\n\n\n\n<figure class=\"wp-block-image is-resized\"><img loading=\"lazy\" decoding=\"async\" src=\"https:\/\/mbi-design.de\/wp\/wp-content\/uploads\/2019\/03\/CNC-Fr\u00e4se-Eigenbau-Portalfr\u00e4se-4-1024x768.jpg\" alt=\"\" class=\"wp-image-1502\" width=\"512\" height=\"384\" srcset=\"https:\/\/mbi-design.de\/wp\/wp-content\/uploads\/2019\/03\/CNC-Fr\u00e4se-Eigenbau-Portalfr\u00e4se-4-1024x768.jpg 1024w, https:\/\/mbi-design.de\/wp\/wp-content\/uploads\/2019\/03\/CNC-Fr\u00e4se-Eigenbau-Portalfr\u00e4se-4-300x225.jpg 300w, https:\/\/mbi-design.de\/wp\/wp-content\/uploads\/2019\/03\/CNC-Fr\u00e4se-Eigenbau-Portalfr\u00e4se-4-768x576.jpg 768w\" sizes=\"auto, (max-width: 512px) 100vw, 512px\" \/><figcaption>Der Arbeitsbereich  war damals 500x450x150 mm, nach dem HF-Spindel Umbau etwas geringer.<\/figcaption><\/figure>\n\n\n\n<figure class=\"wp-block-image is-resized\"><img loading=\"lazy\" decoding=\"async\" src=\"https:\/\/mbi-design.de\/wp\/wp-content\/uploads\/2019\/03\/CNC-Fr\u00e4se-Eigenbau-Portalfr\u00e4se-5-1024x768.jpg\" alt=\"\" class=\"wp-image-1503\" width=\"512\" height=\"384\" srcset=\"https:\/\/mbi-design.de\/wp\/wp-content\/uploads\/2019\/03\/CNC-Fr\u00e4se-Eigenbau-Portalfr\u00e4se-5-1024x768.jpg 1024w, https:\/\/mbi-design.de\/wp\/wp-content\/uploads\/2019\/03\/CNC-Fr\u00e4se-Eigenbau-Portalfr\u00e4se-5-300x225.jpg 300w, https:\/\/mbi-design.de\/wp\/wp-content\/uploads\/2019\/03\/CNC-Fr\u00e4se-Eigenbau-Portalfr\u00e4se-5-768x576.jpg 768w\" sizes=\"auto, (max-width: 512px) 100vw, 512px\" \/><figcaption>Mit einer Abrollvorrichtung  ist man noch  Flexibler.<\/figcaption><\/figure>\n\n\n\n<figure class=\"wp-block-image is-resized\"><img loading=\"lazy\" decoding=\"async\" src=\"https:\/\/mbi-design.de\/wp\/wp-content\/uploads\/2019\/03\/CNC-Fr\u00e4se-Eigenbau-Portalfr\u00e4se-3-1024x768.jpg\" alt=\"\" class=\"wp-image-1504\" width=\"512\" height=\"384\" srcset=\"https:\/\/mbi-design.de\/wp\/wp-content\/uploads\/2019\/03\/CNC-Fr\u00e4se-Eigenbau-Portalfr\u00e4se-3-1024x768.jpg 1024w, https:\/\/mbi-design.de\/wp\/wp-content\/uploads\/2019\/03\/CNC-Fr\u00e4se-Eigenbau-Portalfr\u00e4se-3-300x225.jpg 300w, https:\/\/mbi-design.de\/wp\/wp-content\/uploads\/2019\/03\/CNC-Fr\u00e4se-Eigenbau-Portalfr\u00e4se-3-768x576.jpg 768w\" sizes=\"auto, (max-width: 512px) 100vw, 512px\" \/><figcaption>Das Netzteil ist noch mit einem  schweren  1250 Watt Trafo ausgestattet.<\/figcaption><\/figure>\n\n\n","protected":false},"excerpt":{"rendered":"<p>Der erste Prototyp im Jahre 2002, der in Richtung CNC Maschine ging, war ein kleiner Plotter, der mit einer PCNC Steuerung und einer 1500 mA Endstufe lief. Darauf erfolgte im Jahr 2003 die erste CNC Maschine mit einer Bearbeitungsfl\u00e4che von 150x150x40 mm. Mit dieser Maschine habe ich viel Erfahrung gesammelt und unz\u00e4hlige Sachen gefr\u00e4st. Darauf &hellip; <a href=\"https:\/\/mbi-design.de\/wp\/galerie\/cnc-maschinen\/\" class=\"more-link\"><span class=\"screen-reader-text\">CNC Maschinen<\/span> weiterlesen <span class=\"meta-nav\">&rarr;<\/span><\/a><\/p>\n","protected":false},"author":1,"featured_media":0,"parent":94,"menu_order":0,"comment_status":"closed","ping_status":"closed","template":"","meta":{"ngg_post_thumbnail":0,"footnotes":""},"class_list":["post-967","page","type-page","status-publish","hentry"],"yoast_head":"<!-- This site is optimized with the Yoast SEO plugin v27.3 - https:\/\/yoast.com\/product\/yoast-seo-wordpress\/ -->\n<title>CNC Maschinen - MBI Design Modellbau<\/title>\n<meta name=\"robots\" content=\"index, follow, max-snippet:-1, max-image-preview:large, max-video-preview:-1\" \/>\n<link rel=\"canonical\" href=\"https:\/\/mbi-design.de\/wp\/galerie\/cnc-maschinen\/\" \/>\n<meta property=\"og:locale\" content=\"de_DE\" \/>\n<meta property=\"og:type\" content=\"article\" \/>\n<meta property=\"og:title\" content=\"CNC Maschinen - MBI Design Modellbau\" \/>\n<meta property=\"og:description\" content=\"Der erste Prototyp im Jahre 2002, der in Richtung CNC Maschine ging, war ein kleiner Plotter, der mit einer PCNC Steuerung und einer 1500 mA Endstufe lief. Darauf erfolgte im Jahr 2003 die erste CNC Maschine mit einer Bearbeitungsfl\u00e4che von 150x150x40 mm. Mit dieser Maschine habe ich viel Erfahrung gesammelt und unz\u00e4hlige Sachen gefr\u00e4st. Darauf &hellip; CNC Maschinen weiterlesen &rarr;\" \/>\n<meta property=\"og:url\" content=\"https:\/\/mbi-design.de\/wp\/galerie\/cnc-maschinen\/\" \/>\n<meta property=\"og:site_name\" content=\"MBI Design Modellbau\" \/>\n<meta property=\"article:modified_time\" content=\"2019-03-24T13:32:58+00:00\" \/>\n<meta property=\"og:image\" content=\"http:\/\/mbi-design.de\/wp\/wp-content\/uploads\/2019\/03\/Prototyp-Plotter-CNC-Maschine-6-1-1024x768.jpg\" \/>\n<meta name=\"twitter:card\" content=\"summary_large_image\" \/>\n<meta name=\"twitter:label1\" content=\"Gesch\u00e4tzte Lesezeit\" \/>\n\t<meta name=\"twitter:data1\" content=\"1\u00a0Minute\" \/>\n<script type=\"application\/ld+json\" class=\"yoast-schema-graph\">{\"@context\":\"https:\\\/\\\/schema.org\",\"@graph\":[{\"@type\":\"WebPage\",\"@id\":\"https:\\\/\\\/mbi-design.de\\\/wp\\\/galerie\\\/cnc-maschinen\\\/\",\"url\":\"https:\\\/\\\/mbi-design.de\\\/wp\\\/galerie\\\/cnc-maschinen\\\/\",\"name\":\"CNC Maschinen - MBI Design Modellbau\",\"isPartOf\":{\"@id\":\"https:\\\/\\\/mbi-design.de\\\/wp\\\/#website\"},\"primaryImageOfPage\":{\"@id\":\"https:\\\/\\\/mbi-design.de\\\/wp\\\/galerie\\\/cnc-maschinen\\\/#primaryimage\"},\"image\":{\"@id\":\"https:\\\/\\\/mbi-design.de\\\/wp\\\/galerie\\\/cnc-maschinen\\\/#primaryimage\"},\"thumbnailUrl\":\"http:\\\/\\\/mbi-design.de\\\/wp\\\/wp-content\\\/uploads\\\/2019\\\/03\\\/Prototyp-Plotter-CNC-Maschine-6-1-1024x768.jpg\",\"datePublished\":\"2019-01-25T20:26:45+00:00\",\"dateModified\":\"2019-03-24T13:32:58+00:00\",\"breadcrumb\":{\"@id\":\"https:\\\/\\\/mbi-design.de\\\/wp\\\/galerie\\\/cnc-maschinen\\\/#breadcrumb\"},\"inLanguage\":\"de\",\"potentialAction\":[{\"@type\":\"ReadAction\",\"target\":[\"https:\\\/\\\/mbi-design.de\\\/wp\\\/galerie\\\/cnc-maschinen\\\/\"]}]},{\"@type\":\"ImageObject\",\"inLanguage\":\"de\",\"@id\":\"https:\\\/\\\/mbi-design.de\\\/wp\\\/galerie\\\/cnc-maschinen\\\/#primaryimage\",\"url\":\"http:\\\/\\\/mbi-design.de\\\/wp\\\/wp-content\\\/uploads\\\/2019\\\/03\\\/Prototyp-Plotter-CNC-Maschine-6-1-1024x768.jpg\",\"contentUrl\":\"http:\\\/\\\/mbi-design.de\\\/wp\\\/wp-content\\\/uploads\\\/2019\\\/03\\\/Prototyp-Plotter-CNC-Maschine-6-1-1024x768.jpg\"},{\"@type\":\"BreadcrumbList\",\"@id\":\"https:\\\/\\\/mbi-design.de\\\/wp\\\/galerie\\\/cnc-maschinen\\\/#breadcrumb\",\"itemListElement\":[{\"@type\":\"ListItem\",\"position\":1,\"name\":\"Startseite\",\"item\":\"https:\\\/\\\/mbi-design.de\\\/wp\\\/\"},{\"@type\":\"ListItem\",\"position\":2,\"name\":\"Galerie\",\"item\":\"https:\\\/\\\/mbi-design.de\\\/wp\\\/galerie\\\/\"},{\"@type\":\"ListItem\",\"position\":3,\"name\":\"CNC Maschinen\"}]},{\"@type\":\"WebSite\",\"@id\":\"https:\\\/\\\/mbi-design.de\\\/wp\\\/#website\",\"url\":\"https:\\\/\\\/mbi-design.de\\\/wp\\\/\",\"name\":\"MBI Design Modellbau\",\"description\":\"Funktionsmodellbau\",\"publisher\":{\"@id\":\"https:\\\/\\\/mbi-design.de\\\/wp\\\/#organization\"},\"potentialAction\":[{\"@type\":\"SearchAction\",\"target\":{\"@type\":\"EntryPoint\",\"urlTemplate\":\"https:\\\/\\\/mbi-design.de\\\/wp\\\/?s={search_term_string}\"},\"query-input\":{\"@type\":\"PropertyValueSpecification\",\"valueRequired\":true,\"valueName\":\"search_term_string\"}}],\"inLanguage\":\"de\"},{\"@type\":\"Organization\",\"@id\":\"https:\\\/\\\/mbi-design.de\\\/wp\\\/#organization\",\"name\":\"MBI Design Modellbau\",\"url\":\"https:\\\/\\\/mbi-design.de\\\/wp\\\/\",\"logo\":{\"@type\":\"ImageObject\",\"inLanguage\":\"de\",\"@id\":\"https:\\\/\\\/mbi-design.de\\\/wp\\\/#\\\/schema\\\/logo\\\/image\\\/\",\"url\":\"https:\\\/\\\/mbi-design.de\\\/wp\\\/wp-content\\\/uploads\\\/2020\\\/03\\\/favicon-1.png\",\"contentUrl\":\"https:\\\/\\\/mbi-design.de\\\/wp\\\/wp-content\\\/uploads\\\/2020\\\/03\\\/favicon-1.png\",\"width\":102,\"height\":102,\"caption\":\"MBI Design Modellbau\"},\"image\":{\"@id\":\"https:\\\/\\\/mbi-design.de\\\/wp\\\/#\\\/schema\\\/logo\\\/image\\\/\"}}]}<\/script>\n<!-- \/ Yoast SEO plugin. -->","yoast_head_json":{"title":"CNC Maschinen - MBI Design Modellbau","robots":{"index":"index","follow":"follow","max-snippet":"max-snippet:-1","max-image-preview":"max-image-preview:large","max-video-preview":"max-video-preview:-1"},"canonical":"https:\/\/mbi-design.de\/wp\/galerie\/cnc-maschinen\/","og_locale":"de_DE","og_type":"article","og_title":"CNC Maschinen - MBI Design Modellbau","og_description":"Der erste Prototyp im Jahre 2002, der in Richtung CNC Maschine ging, war ein kleiner Plotter, der mit einer PCNC Steuerung und einer 1500 mA Endstufe lief. Darauf erfolgte im Jahr 2003 die erste CNC Maschine mit einer Bearbeitungsfl\u00e4che von 150x150x40 mm. Mit dieser Maschine habe ich viel Erfahrung gesammelt und unz\u00e4hlige Sachen gefr\u00e4st. Darauf &hellip; CNC Maschinen weiterlesen &rarr;","og_url":"https:\/\/mbi-design.de\/wp\/galerie\/cnc-maschinen\/","og_site_name":"MBI Design Modellbau","article_modified_time":"2019-03-24T13:32:58+00:00","og_image":[{"url":"http:\/\/mbi-design.de\/wp\/wp-content\/uploads\/2019\/03\/Prototyp-Plotter-CNC-Maschine-6-1-1024x768.jpg","type":"","width":"","height":""}],"twitter_card":"summary_large_image","twitter_misc":{"Gesch\u00e4tzte Lesezeit":"1\u00a0Minute"},"schema":{"@context":"https:\/\/schema.org","@graph":[{"@type":"WebPage","@id":"https:\/\/mbi-design.de\/wp\/galerie\/cnc-maschinen\/","url":"https:\/\/mbi-design.de\/wp\/galerie\/cnc-maschinen\/","name":"CNC Maschinen - MBI Design Modellbau","isPartOf":{"@id":"https:\/\/mbi-design.de\/wp\/#website"},"primaryImageOfPage":{"@id":"https:\/\/mbi-design.de\/wp\/galerie\/cnc-maschinen\/#primaryimage"},"image":{"@id":"https:\/\/mbi-design.de\/wp\/galerie\/cnc-maschinen\/#primaryimage"},"thumbnailUrl":"http:\/\/mbi-design.de\/wp\/wp-content\/uploads\/2019\/03\/Prototyp-Plotter-CNC-Maschine-6-1-1024x768.jpg","datePublished":"2019-01-25T20:26:45+00:00","dateModified":"2019-03-24T13:32:58+00:00","breadcrumb":{"@id":"https:\/\/mbi-design.de\/wp\/galerie\/cnc-maschinen\/#breadcrumb"},"inLanguage":"de","potentialAction":[{"@type":"ReadAction","target":["https:\/\/mbi-design.de\/wp\/galerie\/cnc-maschinen\/"]}]},{"@type":"ImageObject","inLanguage":"de","@id":"https:\/\/mbi-design.de\/wp\/galerie\/cnc-maschinen\/#primaryimage","url":"http:\/\/mbi-design.de\/wp\/wp-content\/uploads\/2019\/03\/Prototyp-Plotter-CNC-Maschine-6-1-1024x768.jpg","contentUrl":"http:\/\/mbi-design.de\/wp\/wp-content\/uploads\/2019\/03\/Prototyp-Plotter-CNC-Maschine-6-1-1024x768.jpg"},{"@type":"BreadcrumbList","@id":"https:\/\/mbi-design.de\/wp\/galerie\/cnc-maschinen\/#breadcrumb","itemListElement":[{"@type":"ListItem","position":1,"name":"Startseite","item":"https:\/\/mbi-design.de\/wp\/"},{"@type":"ListItem","position":2,"name":"Galerie","item":"https:\/\/mbi-design.de\/wp\/galerie\/"},{"@type":"ListItem","position":3,"name":"CNC Maschinen"}]},{"@type":"WebSite","@id":"https:\/\/mbi-design.de\/wp\/#website","url":"https:\/\/mbi-design.de\/wp\/","name":"MBI Design Modellbau","description":"Funktionsmodellbau","publisher":{"@id":"https:\/\/mbi-design.de\/wp\/#organization"},"potentialAction":[{"@type":"SearchAction","target":{"@type":"EntryPoint","urlTemplate":"https:\/\/mbi-design.de\/wp\/?s={search_term_string}"},"query-input":{"@type":"PropertyValueSpecification","valueRequired":true,"valueName":"search_term_string"}}],"inLanguage":"de"},{"@type":"Organization","@id":"https:\/\/mbi-design.de\/wp\/#organization","name":"MBI Design Modellbau","url":"https:\/\/mbi-design.de\/wp\/","logo":{"@type":"ImageObject","inLanguage":"de","@id":"https:\/\/mbi-design.de\/wp\/#\/schema\/logo\/image\/","url":"https:\/\/mbi-design.de\/wp\/wp-content\/uploads\/2020\/03\/favicon-1.png","contentUrl":"https:\/\/mbi-design.de\/wp\/wp-content\/uploads\/2020\/03\/favicon-1.png","width":102,"height":102,"caption":"MBI Design Modellbau"},"image":{"@id":"https:\/\/mbi-design.de\/wp\/#\/schema\/logo\/image\/"}}]}},"_links":{"self":[{"href":"https:\/\/mbi-design.de\/wp\/wp-json\/wp\/v2\/pages\/967","targetHints":{"allow":["GET"]}}],"collection":[{"href":"https:\/\/mbi-design.de\/wp\/wp-json\/wp\/v2\/pages"}],"about":[{"href":"https:\/\/mbi-design.de\/wp\/wp-json\/wp\/v2\/types\/page"}],"author":[{"embeddable":true,"href":"https:\/\/mbi-design.de\/wp\/wp-json\/wp\/v2\/users\/1"}],"replies":[{"embeddable":true,"href":"https:\/\/mbi-design.de\/wp\/wp-json\/wp\/v2\/comments?post=967"}],"version-history":[{"count":6,"href":"https:\/\/mbi-design.de\/wp\/wp-json\/wp\/v2\/pages\/967\/revisions"}],"predecessor-version":[{"id":1723,"href":"https:\/\/mbi-design.de\/wp\/wp-json\/wp\/v2\/pages\/967\/revisions\/1723"}],"up":[{"embeddable":true,"href":"https:\/\/mbi-design.de\/wp\/wp-json\/wp\/v2\/pages\/94"}],"wp:attachment":[{"href":"https:\/\/mbi-design.de\/wp\/wp-json\/wp\/v2\/media?parent=967"}],"curies":[{"name":"wp","href":"https:\/\/api.w.org\/{rel}","templated":true}]}}