{"id":2450,"date":"2022-08-28T21:57:24","date_gmt":"2022-08-28T19:57:24","guid":{"rendered":"https:\/\/mbi-design.de\/wp\/?post_type=product&#038;p=2450"},"modified":"2025-12-11T13:09:09","modified_gmt":"2025-12-11T12:09:09","slug":"kupferrohr-25mm-2","status":"publish","type":"product","link":"https:\/\/mbi-design.de\/wp\/produkt\/kupferrohr-25mm-2\/","title":{"rendered":"Kupferrohr 2,5mm"},"content":{"rendered":"<p>Weiches Kupferrohr mit einem Durchmesser von 2,5mm und einer Wandst\u00e4rke von 0,5mm.<\/p>\n","protected":false},"excerpt":{"rendered":"<p>1 Meter als Ring Ware.&nbsp;<\/p>\n","protected":false},"featured_media":2444,"template":"","meta":{"ngg_post_thumbnail":0},"product_brand":[],"product_cat":[57,100],"product_tag":[],"class_list":{"0":"post-2450","1":"product","2":"type-product","3":"status-publish","4":"has-post-thumbnail","6":"product_cat-behaelter-und-kessel-zubehoer","7":"product_cat-kupferrohr","10":"first","11":"instock","12":"taxable","13":"shipping-taxable","14":"purchasable","15":"product-type-simple"},"yoast_head":"<!-- This site is optimized with the Yoast SEO plugin v27.3 - https:\/\/yoast.com\/product\/yoast-seo-wordpress\/ -->\n<title>Kupferrohr 2,5mm - MBI Design Modellbau<\/title>\n<meta name=\"description\" content=\"Suchen Sie f\u00fcr ihre Dampfmodelle das Passende Kupferrohr? Dann schauen Sie hier vorbei, wir haben bestimmt das Passende und G\u00fcnstigste Kupferrohr f\u00fcr Sie.\" \/>\n<meta name=\"robots\" content=\"index, follow, max-snippet:-1, max-image-preview:large, max-video-preview:-1\" \/>\n<link rel=\"canonical\" href=\"https:\/\/mbi-design.de\/wp\/produkt\/kupferrohr-25mm-2\/\" \/>\n<meta property=\"og:locale\" content=\"de_DE\" \/>\n<meta property=\"og:type\" content=\"article\" \/>\n<meta property=\"og:title\" content=\"Kupferrohr 2,5mm - MBI Design Modellbau\" \/>\n<meta property=\"og:description\" content=\"Suchen Sie f\u00fcr ihre Dampfmodelle das Passende Kupferrohr? Dann schauen Sie hier vorbei, wir haben bestimmt das Passende und G\u00fcnstigste Kupferrohr f\u00fcr Sie.\" \/>\n<meta property=\"og:url\" content=\"https:\/\/mbi-design.de\/wp\/produkt\/kupferrohr-25mm-2\/\" \/>\n<meta property=\"og:site_name\" content=\"MBI Design Modellbau\" \/>\n<meta property=\"article:modified_time\" content=\"2025-12-11T12:09:09+00:00\" \/>\n<meta property=\"og:image\" content=\"https:\/\/mbi-design.de\/wp\/wp-content\/uploads\/2022\/08\/Kupferrohr.jpg\" \/>\n\t<meta property=\"og:image:width\" content=\"505\" \/>\n\t<meta property=\"og:image:height\" content=\"518\" \/>\n\t<meta property=\"og:image:type\" content=\"image\/jpeg\" \/>\n<meta name=\"twitter:card\" content=\"summary_large_image\" \/>\n<meta name=\"twitter:label1\" content=\"Gesch\u00e4tzte Lesezeit\" \/>\n\t<meta name=\"twitter:data1\" content=\"1\u00a0Minute\" \/>\n<script type=\"application\/ld+json\" class=\"yoast-schema-graph\">{\"@context\":\"https:\\\/\\\/schema.org\",\"@graph\":[{\"@type\":\"WebPage\",\"@id\":\"https:\\\/\\\/mbi-design.de\\\/wp\\\/produkt\\\/kupferrohr-25mm-2\\\/\",\"url\":\"https:\\\/\\\/mbi-design.de\\\/wp\\\/produkt\\\/kupferrohr-25mm-2\\\/\",\"name\":\"Kupferrohr 2,5mm - MBI Design Modellbau\",\"isPartOf\":{\"@id\":\"https:\\\/\\\/mbi-design.de\\\/wp\\\/#website\"},\"primaryImageOfPage\":{\"@id\":\"https:\\\/\\\/mbi-design.de\\\/wp\\\/produkt\\\/kupferrohr-25mm-2\\\/#primaryimage\"},\"image\":{\"@id\":\"https:\\\/\\\/mbi-design.de\\\/wp\\\/produkt\\\/kupferrohr-25mm-2\\\/#primaryimage\"},\"thumbnailUrl\":\"https:\\\/\\\/mbi-design.de\\\/wp\\\/wp-content\\\/uploads\\\/2022\\\/08\\\/Kupferrohr.jpg\",\"datePublished\":\"2022-08-28T19:57:24+00:00\",\"dateModified\":\"2025-12-11T12:09:09+00:00\",\"description\":\"Suchen Sie f\u00fcr ihre Dampfmodelle das Passende Kupferrohr? Dann schauen Sie hier vorbei, wir haben bestimmt das Passende und G\u00fcnstigste Kupferrohr f\u00fcr Sie.\",\"breadcrumb\":{\"@id\":\"https:\\\/\\\/mbi-design.de\\\/wp\\\/produkt\\\/kupferrohr-25mm-2\\\/#breadcrumb\"},\"inLanguage\":\"de\",\"potentialAction\":[{\"@type\":\"ReadAction\",\"target\":[\"https:\\\/\\\/mbi-design.de\\\/wp\\\/produkt\\\/kupferrohr-25mm-2\\\/\"]}]},{\"@type\":\"ImageObject\",\"inLanguage\":\"de\",\"@id\":\"https:\\\/\\\/mbi-design.de\\\/wp\\\/produkt\\\/kupferrohr-25mm-2\\\/#primaryimage\",\"url\":\"https:\\\/\\\/mbi-design.de\\\/wp\\\/wp-content\\\/uploads\\\/2022\\\/08\\\/Kupferrohr.jpg\",\"contentUrl\":\"https:\\\/\\\/mbi-design.de\\\/wp\\\/wp-content\\\/uploads\\\/2022\\\/08\\\/Kupferrohr.jpg\",\"width\":505,\"height\":518},{\"@type\":\"BreadcrumbList\",\"@id\":\"https:\\\/\\\/mbi-design.de\\\/wp\\\/produkt\\\/kupferrohr-25mm-2\\\/#breadcrumb\",\"itemListElement\":[{\"@type\":\"ListItem\",\"position\":1,\"name\":\"Startseite\",\"item\":\"https:\\\/\\\/mbi-design.de\\\/wp\\\/\"},{\"@type\":\"ListItem\",\"position\":2,\"name\":\"Shop\",\"item\":\"https:\\\/\\\/mbi-design.de\\\/wp\\\/shop\\\/\"},{\"@type\":\"ListItem\",\"position\":3,\"name\":\"Kupferrohr 2,5mm\"}]},{\"@type\":\"WebSite\",\"@id\":\"https:\\\/\\\/mbi-design.de\\\/wp\\\/#website\",\"url\":\"https:\\\/\\\/mbi-design.de\\\/wp\\\/\",\"name\":\"MBI Design Modellbau\",\"description\":\"Funktionsmodellbau\",\"publisher\":{\"@id\":\"https:\\\/\\\/mbi-design.de\\\/wp\\\/#organization\"},\"potentialAction\":[{\"@type\":\"SearchAction\",\"target\":{\"@type\":\"EntryPoint\",\"urlTemplate\":\"https:\\\/\\\/mbi-design.de\\\/wp\\\/?s={search_term_string}\"},\"query-input\":{\"@type\":\"PropertyValueSpecification\",\"valueRequired\":true,\"valueName\":\"search_term_string\"}}],\"inLanguage\":\"de\"},{\"@type\":\"Organization\",\"@id\":\"https:\\\/\\\/mbi-design.de\\\/wp\\\/#organization\",\"name\":\"MBI Design Modellbau\",\"url\":\"https:\\\/\\\/mbi-design.de\\\/wp\\\/\",\"logo\":{\"@type\":\"ImageObject\",\"inLanguage\":\"de\",\"@id\":\"https:\\\/\\\/mbi-design.de\\\/wp\\\/#\\\/schema\\\/logo\\\/image\\\/\",\"url\":\"https:\\\/\\\/mbi-design.de\\\/wp\\\/wp-content\\\/uploads\\\/2020\\\/03\\\/favicon-1.png\",\"contentUrl\":\"https:\\\/\\\/mbi-design.de\\\/wp\\\/wp-content\\\/uploads\\\/2020\\\/03\\\/favicon-1.png\",\"width\":102,\"height\":102,\"caption\":\"MBI Design Modellbau\"},\"image\":{\"@id\":\"https:\\\/\\\/mbi-design.de\\\/wp\\\/#\\\/schema\\\/logo\\\/image\\\/\"}}]}<\/script>\n<!-- \/ Yoast SEO plugin. -->","yoast_head_json":{"title":"Kupferrohr 2,5mm - MBI Design Modellbau","description":"Suchen Sie f\u00fcr ihre Dampfmodelle das Passende Kupferrohr? Dann schauen Sie hier vorbei, wir haben bestimmt das Passende und G\u00fcnstigste Kupferrohr f\u00fcr Sie.","robots":{"index":"index","follow":"follow","max-snippet":"max-snippet:-1","max-image-preview":"max-image-preview:large","max-video-preview":"max-video-preview:-1"},"canonical":"https:\/\/mbi-design.de\/wp\/produkt\/kupferrohr-25mm-2\/","og_locale":"de_DE","og_type":"article","og_title":"Kupferrohr 2,5mm - MBI Design Modellbau","og_description":"Suchen Sie f\u00fcr ihre Dampfmodelle das Passende Kupferrohr? Dann schauen Sie hier vorbei, wir haben bestimmt das Passende und G\u00fcnstigste Kupferrohr f\u00fcr Sie.","og_url":"https:\/\/mbi-design.de\/wp\/produkt\/kupferrohr-25mm-2\/","og_site_name":"MBI Design Modellbau","article_modified_time":"2025-12-11T12:09:09+00:00","og_image":[{"width":505,"height":518,"url":"https:\/\/mbi-design.de\/wp\/wp-content\/uploads\/2022\/08\/Kupferrohr.jpg","type":"image\/jpeg"}],"twitter_card":"summary_large_image","twitter_misc":{"Gesch\u00e4tzte Lesezeit":"1\u00a0Minute"},"schema":{"@context":"https:\/\/schema.org","@graph":[{"@type":"WebPage","@id":"https:\/\/mbi-design.de\/wp\/produkt\/kupferrohr-25mm-2\/","url":"https:\/\/mbi-design.de\/wp\/produkt\/kupferrohr-25mm-2\/","name":"Kupferrohr 2,5mm - MBI Design Modellbau","isPartOf":{"@id":"https:\/\/mbi-design.de\/wp\/#website"},"primaryImageOfPage":{"@id":"https:\/\/mbi-design.de\/wp\/produkt\/kupferrohr-25mm-2\/#primaryimage"},"image":{"@id":"https:\/\/mbi-design.de\/wp\/produkt\/kupferrohr-25mm-2\/#primaryimage"},"thumbnailUrl":"https:\/\/mbi-design.de\/wp\/wp-content\/uploads\/2022\/08\/Kupferrohr.jpg","datePublished":"2022-08-28T19:57:24+00:00","dateModified":"2025-12-11T12:09:09+00:00","description":"Suchen Sie f\u00fcr ihre Dampfmodelle das Passende Kupferrohr? Dann schauen Sie hier vorbei, wir haben bestimmt das Passende und G\u00fcnstigste Kupferrohr f\u00fcr Sie.","breadcrumb":{"@id":"https:\/\/mbi-design.de\/wp\/produkt\/kupferrohr-25mm-2\/#breadcrumb"},"inLanguage":"de","potentialAction":[{"@type":"ReadAction","target":["https:\/\/mbi-design.de\/wp\/produkt\/kupferrohr-25mm-2\/"]}]},{"@type":"ImageObject","inLanguage":"de","@id":"https:\/\/mbi-design.de\/wp\/produkt\/kupferrohr-25mm-2\/#primaryimage","url":"https:\/\/mbi-design.de\/wp\/wp-content\/uploads\/2022\/08\/Kupferrohr.jpg","contentUrl":"https:\/\/mbi-design.de\/wp\/wp-content\/uploads\/2022\/08\/Kupferrohr.jpg","width":505,"height":518},{"@type":"BreadcrumbList","@id":"https:\/\/mbi-design.de\/wp\/produkt\/kupferrohr-25mm-2\/#breadcrumb","itemListElement":[{"@type":"ListItem","position":1,"name":"Startseite","item":"https:\/\/mbi-design.de\/wp\/"},{"@type":"ListItem","position":2,"name":"Shop","item":"https:\/\/mbi-design.de\/wp\/shop\/"},{"@type":"ListItem","position":3,"name":"Kupferrohr 2,5mm"}]},{"@type":"WebSite","@id":"https:\/\/mbi-design.de\/wp\/#website","url":"https:\/\/mbi-design.de\/wp\/","name":"MBI Design Modellbau","description":"Funktionsmodellbau","publisher":{"@id":"https:\/\/mbi-design.de\/wp\/#organization"},"potentialAction":[{"@type":"SearchAction","target":{"@type":"EntryPoint","urlTemplate":"https:\/\/mbi-design.de\/wp\/?s={search_term_string}"},"query-input":{"@type":"PropertyValueSpecification","valueRequired":true,"valueName":"search_term_string"}}],"inLanguage":"de"},{"@type":"Organization","@id":"https:\/\/mbi-design.de\/wp\/#organization","name":"MBI Design Modellbau","url":"https:\/\/mbi-design.de\/wp\/","logo":{"@type":"ImageObject","inLanguage":"de","@id":"https:\/\/mbi-design.de\/wp\/#\/schema\/logo\/image\/","url":"https:\/\/mbi-design.de\/wp\/wp-content\/uploads\/2020\/03\/favicon-1.png","contentUrl":"https:\/\/mbi-design.de\/wp\/wp-content\/uploads\/2020\/03\/favicon-1.png","width":102,"height":102,"caption":"MBI Design Modellbau"},"image":{"@id":"https:\/\/mbi-design.de\/wp\/#\/schema\/logo\/image\/"}}]}},"_links":{"self":[{"href":"https:\/\/mbi-design.de\/wp\/wp-json\/wp\/v2\/product\/2450","targetHints":{"allow":["GET"]}}],"collection":[{"href":"https:\/\/mbi-design.de\/wp\/wp-json\/wp\/v2\/product"}],"about":[{"href":"https:\/\/mbi-design.de\/wp\/wp-json\/wp\/v2\/types\/product"}],"wp:featuredmedia":[{"embeddable":true,"href":"https:\/\/mbi-design.de\/wp\/wp-json\/wp\/v2\/media\/2444"}],"wp:attachment":[{"href":"https:\/\/mbi-design.de\/wp\/wp-json\/wp\/v2\/media?parent=2450"}],"wp:term":[{"taxonomy":"product_brand","embeddable":true,"href":"https:\/\/mbi-design.de\/wp\/wp-json\/wp\/v2\/product_brand?post=2450"},{"taxonomy":"product_cat","embeddable":true,"href":"https:\/\/mbi-design.de\/wp\/wp-json\/wp\/v2\/product_cat?post=2450"},{"taxonomy":"product_tag","embeddable":true,"href":"https:\/\/mbi-design.de\/wp\/wp-json\/wp\/v2\/product_tag?post=2450"}],"curies":[{"name":"wp","href":"https:\/\/api.w.org\/{rel}","templated":true}]}}