{"id":2762,"date":"2022-10-10T22:19:13","date_gmt":"2022-10-10T20:19:13","guid":{"rendered":"https:\/\/mbi-design.de\/wp\/?post_type=product&#038;p=2762"},"modified":"2026-03-29T20:51:22","modified_gmt":"2026-03-29T18:51:22","slug":"zuendkerze-m10x1","status":"publish","type":"product","link":"https:\/\/mbi-design.de\/wp\/produkt\/zuendkerze-m10x1\/","title":{"rendered":"CM6 Z\u00fcndkerze"},"content":{"rendered":"<p><span style=\"vertical-align: inherit;\"><span style=\"vertical-align: inherit;\">Z\u00fcndkerze f\u00fcr Verbrennungsmotoren.<\/span><\/span><\/p>\n<p><span style=\"vertical-align: inherit;\"><span style=\"vertical-align: inherit;\"><span style=\"vertical-align: inherit;\">Passende Kerzenstecker im Shop erh\u00e4ltlich!<\/span><\/span><\/span><\/p>\n<p><span style=\"vertical-align: inherit;\"><span style=\"vertical-align: inherit;\"><span style=\"vertical-align: inherit;\">Gewindegr\u00f6\u00dfe: M10x1<\/span><\/span><\/span><\/p>\n<p><span style=\"vertical-align: inherit;\"><span style=\"vertical-align: inherit;\"><span style=\"vertical-align: inherit;\">Schl\u00fcsselweite: 14mm<\/span><\/span><\/span><\/p>\n<p><span style=\"vertical-align: inherit;\"><span style=\"vertical-align: inherit;\"><span style=\"vertical-align: inherit;\">L\u00e4nge ohne Elektrode: 34mm<\/span><\/span><\/span><\/p>\n<p><span style=\"vertical-align: inherit;\"><span style=\"vertical-align: inherit;\"><span style=\"vertical-align: inherit;\">Gewindel\u00e4nge: 7mm<\/span><\/span><\/span><\/p>\n","protected":false},"excerpt":{"rendered":"<p><span style=\"vertical-align: inherit;\"><span style=\"vertical-align: inherit;\">CM6 Z\u00fcndkerze mit M10x1 Gewinde f\u00fcr mittlere Modellmotoren.<\/span><\/span><\/p>\n","protected":false},"featured_media":4750,"template":"","meta":{"ngg_post_thumbnail":0},"product_brand":[],"product_cat":[53,118],"product_tag":[124,116,123,126,114,115,117,125],"class_list":{"0":"post-2762","1":"product","2":"type-product","3":"status-publish","4":"has-post-thumbnail","6":"product_cat-motoren-zubehoer","7":"product_cat-zuendkerzen-und-stecker","8":"product_tag-cdi-zuendung","9":"product_tag-kerzenstecker","10":"product_tag-klueh-zuendung","11":"product_tag-modell-zuendkerze","12":"product_tag-modellmotor","13":"product_tag-zuendanlage","14":"product_tag-zuendkabel","15":"product_tag-zuendung","18":"first","19":"instock","20":"sale","21":"taxable","22":"shipping-taxable","23":"purchasable","24":"product-type-simple"},"yoast_head":"<!-- This site is optimized with the Yoast SEO plugin v27.3 - https:\/\/yoast.com\/product\/yoast-seo-wordpress\/ -->\n<title>CM6 Z\u00fcndkerze - MBI Design Modellbau<\/title>\n<meta name=\"description\" content=\"Wir haben eine Vielzahl von Z\u00fcndkerzen im Angebot. Es ist f\u00fcr jede Gr\u00f6\u00dfe von Modellmotoren die passende Z\u00fcndkerze und Z\u00fcndkerzenstecker dabei.\" \/>\n<meta name=\"robots\" content=\"index, follow, max-snippet:-1, max-image-preview:large, max-video-preview:-1\" \/>\n<link rel=\"canonical\" href=\"https:\/\/mbi-design.de\/wp\/produkt\/zuendkerze-m10x1\/\" \/>\n<meta property=\"og:locale\" content=\"de_DE\" \/>\n<meta property=\"og:type\" content=\"article\" \/>\n<meta property=\"og:title\" content=\"CM6 Z\u00fcndkerze - MBI Design Modellbau\" \/>\n<meta property=\"og:description\" content=\"Wir haben eine Vielzahl von Z\u00fcndkerzen im Angebot. Es ist f\u00fcr jede Gr\u00f6\u00dfe von Modellmotoren die passende Z\u00fcndkerze und Z\u00fcndkerzenstecker dabei.\" \/>\n<meta property=\"og:url\" content=\"https:\/\/mbi-design.de\/wp\/produkt\/zuendkerze-m10x1\/\" \/>\n<meta property=\"og:site_name\" content=\"MBI Design Modellbau\" \/>\n<meta property=\"article:modified_time\" content=\"2026-03-29T18:51:22+00:00\" \/>\n<meta property=\"og:image\" content=\"https:\/\/mbi-design.de\/wp\/wp-content\/uploads\/2022\/10\/Modell-Zuendkerze-M10x1-2.jpg\" \/>\n\t<meta property=\"og:image:width\" content=\"536\" \/>\n\t<meta property=\"og:image:height\" content=\"488\" \/>\n\t<meta property=\"og:image:type\" content=\"image\/jpeg\" \/>\n<meta name=\"twitter:card\" content=\"summary_large_image\" \/>\n<meta name=\"twitter:label1\" content=\"Gesch\u00e4tzte Lesezeit\" \/>\n\t<meta name=\"twitter:data1\" content=\"1\u00a0Minute\" \/>\n<script type=\"application\/ld+json\" class=\"yoast-schema-graph\">{\"@context\":\"https:\\\/\\\/schema.org\",\"@graph\":[{\"@type\":\"WebPage\",\"@id\":\"https:\\\/\\\/mbi-design.de\\\/wp\\\/produkt\\\/zuendkerze-m10x1\\\/\",\"url\":\"https:\\\/\\\/mbi-design.de\\\/wp\\\/produkt\\\/zuendkerze-m10x1\\\/\",\"name\":\"CM6 Z\u00fcndkerze - MBI Design Modellbau\",\"isPartOf\":{\"@id\":\"https:\\\/\\\/mbi-design.de\\\/wp\\\/#website\"},\"primaryImageOfPage\":{\"@id\":\"https:\\\/\\\/mbi-design.de\\\/wp\\\/produkt\\\/zuendkerze-m10x1\\\/#primaryimage\"},\"image\":{\"@id\":\"https:\\\/\\\/mbi-design.de\\\/wp\\\/produkt\\\/zuendkerze-m10x1\\\/#primaryimage\"},\"thumbnailUrl\":\"https:\\\/\\\/mbi-design.de\\\/wp\\\/wp-content\\\/uploads\\\/2022\\\/10\\\/Modell-Zuendkerze-M10x1-2.jpg\",\"datePublished\":\"2022-10-10T20:19:13+00:00\",\"dateModified\":\"2026-03-29T18:51:22+00:00\",\"description\":\"Wir haben eine Vielzahl von Z\u00fcndkerzen im Angebot. Es ist f\u00fcr jede Gr\u00f6\u00dfe von Modellmotoren die passende Z\u00fcndkerze und Z\u00fcndkerzenstecker dabei.\",\"breadcrumb\":{\"@id\":\"https:\\\/\\\/mbi-design.de\\\/wp\\\/produkt\\\/zuendkerze-m10x1\\\/#breadcrumb\"},\"inLanguage\":\"de\",\"potentialAction\":[{\"@type\":\"ReadAction\",\"target\":[\"https:\\\/\\\/mbi-design.de\\\/wp\\\/produkt\\\/zuendkerze-m10x1\\\/\"]}]},{\"@type\":\"ImageObject\",\"inLanguage\":\"de\",\"@id\":\"https:\\\/\\\/mbi-design.de\\\/wp\\\/produkt\\\/zuendkerze-m10x1\\\/#primaryimage\",\"url\":\"https:\\\/\\\/mbi-design.de\\\/wp\\\/wp-content\\\/uploads\\\/2022\\\/10\\\/Modell-Zuendkerze-M10x1-2.jpg\",\"contentUrl\":\"https:\\\/\\\/mbi-design.de\\\/wp\\\/wp-content\\\/uploads\\\/2022\\\/10\\\/Modell-Zuendkerze-M10x1-2.jpg\",\"width\":536,\"height\":488},{\"@type\":\"BreadcrumbList\",\"@id\":\"https:\\\/\\\/mbi-design.de\\\/wp\\\/produkt\\\/zuendkerze-m10x1\\\/#breadcrumb\",\"itemListElement\":[{\"@type\":\"ListItem\",\"position\":1,\"name\":\"Startseite\",\"item\":\"https:\\\/\\\/mbi-design.de\\\/wp\\\/\"},{\"@type\":\"ListItem\",\"position\":2,\"name\":\"Shop\",\"item\":\"https:\\\/\\\/mbi-design.de\\\/wp\\\/shop\\\/\"},{\"@type\":\"ListItem\",\"position\":3,\"name\":\"CM6 Z\u00fcndkerze\"}]},{\"@type\":\"WebSite\",\"@id\":\"https:\\\/\\\/mbi-design.de\\\/wp\\\/#website\",\"url\":\"https:\\\/\\\/mbi-design.de\\\/wp\\\/\",\"name\":\"MBI Design Modellbau\",\"description\":\"Funktionsmodellbau\",\"publisher\":{\"@id\":\"https:\\\/\\\/mbi-design.de\\\/wp\\\/#organization\"},\"potentialAction\":[{\"@type\":\"SearchAction\",\"target\":{\"@type\":\"EntryPoint\",\"urlTemplate\":\"https:\\\/\\\/mbi-design.de\\\/wp\\\/?s={search_term_string}\"},\"query-input\":{\"@type\":\"PropertyValueSpecification\",\"valueRequired\":true,\"valueName\":\"search_term_string\"}}],\"inLanguage\":\"de\"},{\"@type\":\"Organization\",\"@id\":\"https:\\\/\\\/mbi-design.de\\\/wp\\\/#organization\",\"name\":\"MBI Design Modellbau\",\"url\":\"https:\\\/\\\/mbi-design.de\\\/wp\\\/\",\"logo\":{\"@type\":\"ImageObject\",\"inLanguage\":\"de\",\"@id\":\"https:\\\/\\\/mbi-design.de\\\/wp\\\/#\\\/schema\\\/logo\\\/image\\\/\",\"url\":\"https:\\\/\\\/mbi-design.de\\\/wp\\\/wp-content\\\/uploads\\\/2020\\\/03\\\/favicon-1.png\",\"contentUrl\":\"https:\\\/\\\/mbi-design.de\\\/wp\\\/wp-content\\\/uploads\\\/2020\\\/03\\\/favicon-1.png\",\"width\":102,\"height\":102,\"caption\":\"MBI Design Modellbau\"},\"image\":{\"@id\":\"https:\\\/\\\/mbi-design.de\\\/wp\\\/#\\\/schema\\\/logo\\\/image\\\/\"}}]}<\/script>\n<!-- \/ Yoast SEO plugin. -->","yoast_head_json":{"title":"CM6 Z\u00fcndkerze - MBI Design Modellbau","description":"Wir haben eine Vielzahl von Z\u00fcndkerzen im Angebot. Es ist f\u00fcr jede Gr\u00f6\u00dfe von Modellmotoren die passende Z\u00fcndkerze und Z\u00fcndkerzenstecker dabei.","robots":{"index":"index","follow":"follow","max-snippet":"max-snippet:-1","max-image-preview":"max-image-preview:large","max-video-preview":"max-video-preview:-1"},"canonical":"https:\/\/mbi-design.de\/wp\/produkt\/zuendkerze-m10x1\/","og_locale":"de_DE","og_type":"article","og_title":"CM6 Z\u00fcndkerze - MBI Design Modellbau","og_description":"Wir haben eine Vielzahl von Z\u00fcndkerzen im Angebot. Es ist f\u00fcr jede Gr\u00f6\u00dfe von Modellmotoren die passende Z\u00fcndkerze und Z\u00fcndkerzenstecker dabei.","og_url":"https:\/\/mbi-design.de\/wp\/produkt\/zuendkerze-m10x1\/","og_site_name":"MBI Design Modellbau","article_modified_time":"2026-03-29T18:51:22+00:00","og_image":[{"width":536,"height":488,"url":"https:\/\/mbi-design.de\/wp\/wp-content\/uploads\/2022\/10\/Modell-Zuendkerze-M10x1-2.jpg","type":"image\/jpeg"}],"twitter_card":"summary_large_image","twitter_misc":{"Gesch\u00e4tzte Lesezeit":"1\u00a0Minute"},"schema":{"@context":"https:\/\/schema.org","@graph":[{"@type":"WebPage","@id":"https:\/\/mbi-design.de\/wp\/produkt\/zuendkerze-m10x1\/","url":"https:\/\/mbi-design.de\/wp\/produkt\/zuendkerze-m10x1\/","name":"CM6 Z\u00fcndkerze - MBI Design Modellbau","isPartOf":{"@id":"https:\/\/mbi-design.de\/wp\/#website"},"primaryImageOfPage":{"@id":"https:\/\/mbi-design.de\/wp\/produkt\/zuendkerze-m10x1\/#primaryimage"},"image":{"@id":"https:\/\/mbi-design.de\/wp\/produkt\/zuendkerze-m10x1\/#primaryimage"},"thumbnailUrl":"https:\/\/mbi-design.de\/wp\/wp-content\/uploads\/2022\/10\/Modell-Zuendkerze-M10x1-2.jpg","datePublished":"2022-10-10T20:19:13+00:00","dateModified":"2026-03-29T18:51:22+00:00","description":"Wir haben eine Vielzahl von Z\u00fcndkerzen im Angebot. Es ist f\u00fcr jede Gr\u00f6\u00dfe von Modellmotoren die passende Z\u00fcndkerze und Z\u00fcndkerzenstecker dabei.","breadcrumb":{"@id":"https:\/\/mbi-design.de\/wp\/produkt\/zuendkerze-m10x1\/#breadcrumb"},"inLanguage":"de","potentialAction":[{"@type":"ReadAction","target":["https:\/\/mbi-design.de\/wp\/produkt\/zuendkerze-m10x1\/"]}]},{"@type":"ImageObject","inLanguage":"de","@id":"https:\/\/mbi-design.de\/wp\/produkt\/zuendkerze-m10x1\/#primaryimage","url":"https:\/\/mbi-design.de\/wp\/wp-content\/uploads\/2022\/10\/Modell-Zuendkerze-M10x1-2.jpg","contentUrl":"https:\/\/mbi-design.de\/wp\/wp-content\/uploads\/2022\/10\/Modell-Zuendkerze-M10x1-2.jpg","width":536,"height":488},{"@type":"BreadcrumbList","@id":"https:\/\/mbi-design.de\/wp\/produkt\/zuendkerze-m10x1\/#breadcrumb","itemListElement":[{"@type":"ListItem","position":1,"name":"Startseite","item":"https:\/\/mbi-design.de\/wp\/"},{"@type":"ListItem","position":2,"name":"Shop","item":"https:\/\/mbi-design.de\/wp\/shop\/"},{"@type":"ListItem","position":3,"name":"CM6 Z\u00fcndkerze"}]},{"@type":"WebSite","@id":"https:\/\/mbi-design.de\/wp\/#website","url":"https:\/\/mbi-design.de\/wp\/","name":"MBI Design Modellbau","description":"Funktionsmodellbau","publisher":{"@id":"https:\/\/mbi-design.de\/wp\/#organization"},"potentialAction":[{"@type":"SearchAction","target":{"@type":"EntryPoint","urlTemplate":"https:\/\/mbi-design.de\/wp\/?s={search_term_string}"},"query-input":{"@type":"PropertyValueSpecification","valueRequired":true,"valueName":"search_term_string"}}],"inLanguage":"de"},{"@type":"Organization","@id":"https:\/\/mbi-design.de\/wp\/#organization","name":"MBI Design Modellbau","url":"https:\/\/mbi-design.de\/wp\/","logo":{"@type":"ImageObject","inLanguage":"de","@id":"https:\/\/mbi-design.de\/wp\/#\/schema\/logo\/image\/","url":"https:\/\/mbi-design.de\/wp\/wp-content\/uploads\/2020\/03\/favicon-1.png","contentUrl":"https:\/\/mbi-design.de\/wp\/wp-content\/uploads\/2020\/03\/favicon-1.png","width":102,"height":102,"caption":"MBI Design Modellbau"},"image":{"@id":"https:\/\/mbi-design.de\/wp\/#\/schema\/logo\/image\/"}}]}},"_links":{"self":[{"href":"https:\/\/mbi-design.de\/wp\/wp-json\/wp\/v2\/product\/2762","targetHints":{"allow":["GET"]}}],"collection":[{"href":"https:\/\/mbi-design.de\/wp\/wp-json\/wp\/v2\/product"}],"about":[{"href":"https:\/\/mbi-design.de\/wp\/wp-json\/wp\/v2\/types\/product"}],"wp:featuredmedia":[{"embeddable":true,"href":"https:\/\/mbi-design.de\/wp\/wp-json\/wp\/v2\/media\/4750"}],"wp:attachment":[{"href":"https:\/\/mbi-design.de\/wp\/wp-json\/wp\/v2\/media?parent=2762"}],"wp:term":[{"taxonomy":"product_brand","embeddable":true,"href":"https:\/\/mbi-design.de\/wp\/wp-json\/wp\/v2\/product_brand?post=2762"},{"taxonomy":"product_cat","embeddable":true,"href":"https:\/\/mbi-design.de\/wp\/wp-json\/wp\/v2\/product_cat?post=2762"},{"taxonomy":"product_tag","embeddable":true,"href":"https:\/\/mbi-design.de\/wp\/wp-json\/wp\/v2\/product_tag?post=2762"}],"curies":[{"name":"wp","href":"https:\/\/api.w.org\/{rel}","templated":true}]}}