{"id":2946,"date":"2022-10-30T14:04:09","date_gmt":"2022-10-30T13:04:09","guid":{"rendered":"https:\/\/mbi-design.de\/wp\/?post_type=product&#038;p=2946"},"modified":"2025-04-21T14:19:11","modified_gmt":"2025-04-21T12:19:11","slug":"2mm-pu-riemen","status":"publish","type":"product","link":"https:\/\/mbi-design.de\/wp\/produkt\/2mm-pu-riemen\/","title":{"rendered":"2mm PU Riemen"},"content":{"rendered":"<pre>Rundriemen in gr\u00fcn. \r\nDiese Riemen ist ideal f\u00fcr kleine Modelle. Er zeichnet sich durch gute Hafteigenschafften und Flexibilit\u00e4t aus. Die L\u00e4nge ist individuell anpassbar, da der Riemen sich durch Hitze verschwei\u00dfen l\u00e4sst.    \r\n\r\nMaterial: PU Gr\u00fcn\r\nGewebeeinlage: Nein\r\nGesamtl\u00e4nge: 100mm \r\nDurchmesser: 2mm \r\nH\u00e4rte: 70-90A\r\nMaximale zul\u00e4ssige Dehnung: bis 5% \r\nMinimaler UD: 12mm\r\n\r\nBeispiel: Wenn sie 300mm Ben\u00f6tigen, dann legen sie 3 St\u00fcck in den Warenkorb und Sie erhalten ein St\u00fcck in 300mm L\u00e4nge.<\/pre>\n","protected":false},"excerpt":{"rendered":"<p>100mm<\/p>\n","protected":false},"featured_media":2928,"template":"","meta":{"ngg_post_thumbnail":0},"product_brand":[],"product_cat":[68,70],"product_tag":[],"class_list":{"0":"post-2946","1":"product","2":"type-product","3":"status-publish","4":"has-post-thumbnail","6":"product_cat-riemen","7":"product_cat-rundriemen","10":"first","11":"instock","12":"taxable","13":"shipping-taxable","14":"purchasable","15":"product-type-simple"},"yoast_head":"<!-- This site is optimized with the Yoast SEO plugin v27.3 - https:\/\/yoast.com\/product\/yoast-seo-wordpress\/ -->\n<title>2mm PU Riemen - MBI Design Modellbau<\/title>\n<meta name=\"robots\" content=\"index, follow, max-snippet:-1, max-image-preview:large, max-video-preview:-1\" \/>\n<link rel=\"canonical\" href=\"https:\/\/mbi-design.de\/wp\/produkt\/2mm-pu-riemen\/\" \/>\n<meta property=\"og:locale\" content=\"de_DE\" \/>\n<meta property=\"og:type\" content=\"article\" \/>\n<meta property=\"og:title\" content=\"2mm PU Riemen - MBI Design Modellbau\" \/>\n<meta property=\"og:description\" content=\"100mm\" \/>\n<meta property=\"og:url\" content=\"https:\/\/mbi-design.de\/wp\/produkt\/2mm-pu-riemen\/\" \/>\n<meta property=\"og:site_name\" content=\"MBI Design Modellbau\" \/>\n<meta property=\"article:modified_time\" content=\"2025-04-21T12:19:11+00:00\" \/>\n<meta property=\"og:image\" content=\"https:\/\/mbi-design.de\/wp\/wp-content\/uploads\/2022\/10\/PU-Riemen.jpg\" \/>\n\t<meta property=\"og:image:width\" content=\"503\" \/>\n\t<meta property=\"og:image:height\" content=\"520\" \/>\n\t<meta property=\"og:image:type\" content=\"image\/jpeg\" \/>\n<meta name=\"twitter:card\" content=\"summary_large_image\" \/>\n<meta name=\"twitter:label1\" content=\"Gesch\u00e4tzte Lesezeit\" \/>\n\t<meta name=\"twitter:data1\" content=\"1\u00a0Minute\" \/>\n<script type=\"application\/ld+json\" class=\"yoast-schema-graph\">{\"@context\":\"https:\\\/\\\/schema.org\",\"@graph\":[{\"@type\":\"WebPage\",\"@id\":\"https:\\\/\\\/mbi-design.de\\\/wp\\\/produkt\\\/2mm-pu-riemen\\\/\",\"url\":\"https:\\\/\\\/mbi-design.de\\\/wp\\\/produkt\\\/2mm-pu-riemen\\\/\",\"name\":\"2mm PU Riemen - MBI Design Modellbau\",\"isPartOf\":{\"@id\":\"https:\\\/\\\/mbi-design.de\\\/wp\\\/#website\"},\"primaryImageOfPage\":{\"@id\":\"https:\\\/\\\/mbi-design.de\\\/wp\\\/produkt\\\/2mm-pu-riemen\\\/#primaryimage\"},\"image\":{\"@id\":\"https:\\\/\\\/mbi-design.de\\\/wp\\\/produkt\\\/2mm-pu-riemen\\\/#primaryimage\"},\"thumbnailUrl\":\"https:\\\/\\\/mbi-design.de\\\/wp\\\/wp-content\\\/uploads\\\/2022\\\/10\\\/PU-Riemen.jpg\",\"datePublished\":\"2022-10-30T13:04:09+00:00\",\"dateModified\":\"2025-04-21T12:19:11+00:00\",\"breadcrumb\":{\"@id\":\"https:\\\/\\\/mbi-design.de\\\/wp\\\/produkt\\\/2mm-pu-riemen\\\/#breadcrumb\"},\"inLanguage\":\"de\",\"potentialAction\":[{\"@type\":\"ReadAction\",\"target\":[\"https:\\\/\\\/mbi-design.de\\\/wp\\\/produkt\\\/2mm-pu-riemen\\\/\"]}]},{\"@type\":\"ImageObject\",\"inLanguage\":\"de\",\"@id\":\"https:\\\/\\\/mbi-design.de\\\/wp\\\/produkt\\\/2mm-pu-riemen\\\/#primaryimage\",\"url\":\"https:\\\/\\\/mbi-design.de\\\/wp\\\/wp-content\\\/uploads\\\/2022\\\/10\\\/PU-Riemen.jpg\",\"contentUrl\":\"https:\\\/\\\/mbi-design.de\\\/wp\\\/wp-content\\\/uploads\\\/2022\\\/10\\\/PU-Riemen.jpg\",\"width\":503,\"height\":520},{\"@type\":\"BreadcrumbList\",\"@id\":\"https:\\\/\\\/mbi-design.de\\\/wp\\\/produkt\\\/2mm-pu-riemen\\\/#breadcrumb\",\"itemListElement\":[{\"@type\":\"ListItem\",\"position\":1,\"name\":\"Startseite\",\"item\":\"https:\\\/\\\/mbi-design.de\\\/wp\\\/\"},{\"@type\":\"ListItem\",\"position\":2,\"name\":\"Shop\",\"item\":\"https:\\\/\\\/mbi-design.de\\\/wp\\\/shop\\\/\"},{\"@type\":\"ListItem\",\"position\":3,\"name\":\"2mm PU Riemen\"}]},{\"@type\":\"WebSite\",\"@id\":\"https:\\\/\\\/mbi-design.de\\\/wp\\\/#website\",\"url\":\"https:\\\/\\\/mbi-design.de\\\/wp\\\/\",\"name\":\"MBI Design Modellbau\",\"description\":\"Funktionsmodellbau\",\"publisher\":{\"@id\":\"https:\\\/\\\/mbi-design.de\\\/wp\\\/#organization\"},\"potentialAction\":[{\"@type\":\"SearchAction\",\"target\":{\"@type\":\"EntryPoint\",\"urlTemplate\":\"https:\\\/\\\/mbi-design.de\\\/wp\\\/?s={search_term_string}\"},\"query-input\":{\"@type\":\"PropertyValueSpecification\",\"valueRequired\":true,\"valueName\":\"search_term_string\"}}],\"inLanguage\":\"de\"},{\"@type\":\"Organization\",\"@id\":\"https:\\\/\\\/mbi-design.de\\\/wp\\\/#organization\",\"name\":\"MBI Design Modellbau\",\"url\":\"https:\\\/\\\/mbi-design.de\\\/wp\\\/\",\"logo\":{\"@type\":\"ImageObject\",\"inLanguage\":\"de\",\"@id\":\"https:\\\/\\\/mbi-design.de\\\/wp\\\/#\\\/schema\\\/logo\\\/image\\\/\",\"url\":\"https:\\\/\\\/mbi-design.de\\\/wp\\\/wp-content\\\/uploads\\\/2020\\\/03\\\/favicon-1.png\",\"contentUrl\":\"https:\\\/\\\/mbi-design.de\\\/wp\\\/wp-content\\\/uploads\\\/2020\\\/03\\\/favicon-1.png\",\"width\":102,\"height\":102,\"caption\":\"MBI Design Modellbau\"},\"image\":{\"@id\":\"https:\\\/\\\/mbi-design.de\\\/wp\\\/#\\\/schema\\\/logo\\\/image\\\/\"}}]}<\/script>\n<!-- \/ Yoast SEO plugin. -->","yoast_head_json":{"title":"2mm PU Riemen - MBI Design Modellbau","robots":{"index":"index","follow":"follow","max-snippet":"max-snippet:-1","max-image-preview":"max-image-preview:large","max-video-preview":"max-video-preview:-1"},"canonical":"https:\/\/mbi-design.de\/wp\/produkt\/2mm-pu-riemen\/","og_locale":"de_DE","og_type":"article","og_title":"2mm PU Riemen - MBI Design Modellbau","og_description":"100mm","og_url":"https:\/\/mbi-design.de\/wp\/produkt\/2mm-pu-riemen\/","og_site_name":"MBI Design Modellbau","article_modified_time":"2025-04-21T12:19:11+00:00","og_image":[{"width":503,"height":520,"url":"https:\/\/mbi-design.de\/wp\/wp-content\/uploads\/2022\/10\/PU-Riemen.jpg","type":"image\/jpeg"}],"twitter_card":"summary_large_image","twitter_misc":{"Gesch\u00e4tzte Lesezeit":"1\u00a0Minute"},"schema":{"@context":"https:\/\/schema.org","@graph":[{"@type":"WebPage","@id":"https:\/\/mbi-design.de\/wp\/produkt\/2mm-pu-riemen\/","url":"https:\/\/mbi-design.de\/wp\/produkt\/2mm-pu-riemen\/","name":"2mm PU Riemen - MBI Design Modellbau","isPartOf":{"@id":"https:\/\/mbi-design.de\/wp\/#website"},"primaryImageOfPage":{"@id":"https:\/\/mbi-design.de\/wp\/produkt\/2mm-pu-riemen\/#primaryimage"},"image":{"@id":"https:\/\/mbi-design.de\/wp\/produkt\/2mm-pu-riemen\/#primaryimage"},"thumbnailUrl":"https:\/\/mbi-design.de\/wp\/wp-content\/uploads\/2022\/10\/PU-Riemen.jpg","datePublished":"2022-10-30T13:04:09+00:00","dateModified":"2025-04-21T12:19:11+00:00","breadcrumb":{"@id":"https:\/\/mbi-design.de\/wp\/produkt\/2mm-pu-riemen\/#breadcrumb"},"inLanguage":"de","potentialAction":[{"@type":"ReadAction","target":["https:\/\/mbi-design.de\/wp\/produkt\/2mm-pu-riemen\/"]}]},{"@type":"ImageObject","inLanguage":"de","@id":"https:\/\/mbi-design.de\/wp\/produkt\/2mm-pu-riemen\/#primaryimage","url":"https:\/\/mbi-design.de\/wp\/wp-content\/uploads\/2022\/10\/PU-Riemen.jpg","contentUrl":"https:\/\/mbi-design.de\/wp\/wp-content\/uploads\/2022\/10\/PU-Riemen.jpg","width":503,"height":520},{"@type":"BreadcrumbList","@id":"https:\/\/mbi-design.de\/wp\/produkt\/2mm-pu-riemen\/#breadcrumb","itemListElement":[{"@type":"ListItem","position":1,"name":"Startseite","item":"https:\/\/mbi-design.de\/wp\/"},{"@type":"ListItem","position":2,"name":"Shop","item":"https:\/\/mbi-design.de\/wp\/shop\/"},{"@type":"ListItem","position":3,"name":"2mm PU Riemen"}]},{"@type":"WebSite","@id":"https:\/\/mbi-design.de\/wp\/#website","url":"https:\/\/mbi-design.de\/wp\/","name":"MBI Design Modellbau","description":"Funktionsmodellbau","publisher":{"@id":"https:\/\/mbi-design.de\/wp\/#organization"},"potentialAction":[{"@type":"SearchAction","target":{"@type":"EntryPoint","urlTemplate":"https:\/\/mbi-design.de\/wp\/?s={search_term_string}"},"query-input":{"@type":"PropertyValueSpecification","valueRequired":true,"valueName":"search_term_string"}}],"inLanguage":"de"},{"@type":"Organization","@id":"https:\/\/mbi-design.de\/wp\/#organization","name":"MBI Design Modellbau","url":"https:\/\/mbi-design.de\/wp\/","logo":{"@type":"ImageObject","inLanguage":"de","@id":"https:\/\/mbi-design.de\/wp\/#\/schema\/logo\/image\/","url":"https:\/\/mbi-design.de\/wp\/wp-content\/uploads\/2020\/03\/favicon-1.png","contentUrl":"https:\/\/mbi-design.de\/wp\/wp-content\/uploads\/2020\/03\/favicon-1.png","width":102,"height":102,"caption":"MBI Design Modellbau"},"image":{"@id":"https:\/\/mbi-design.de\/wp\/#\/schema\/logo\/image\/"}}]}},"_links":{"self":[{"href":"https:\/\/mbi-design.de\/wp\/wp-json\/wp\/v2\/product\/2946","targetHints":{"allow":["GET"]}}],"collection":[{"href":"https:\/\/mbi-design.de\/wp\/wp-json\/wp\/v2\/product"}],"about":[{"href":"https:\/\/mbi-design.de\/wp\/wp-json\/wp\/v2\/types\/product"}],"wp:featuredmedia":[{"embeddable":true,"href":"https:\/\/mbi-design.de\/wp\/wp-json\/wp\/v2\/media\/2928"}],"wp:attachment":[{"href":"https:\/\/mbi-design.de\/wp\/wp-json\/wp\/v2\/media?parent=2946"}],"wp:term":[{"taxonomy":"product_brand","embeddable":true,"href":"https:\/\/mbi-design.de\/wp\/wp-json\/wp\/v2\/product_brand?post=2946"},{"taxonomy":"product_cat","embeddable":true,"href":"https:\/\/mbi-design.de\/wp\/wp-json\/wp\/v2\/product_cat?post=2946"},{"taxonomy":"product_tag","embeddable":true,"href":"https:\/\/mbi-design.de\/wp\/wp-json\/wp\/v2\/product_tag?post=2946"}],"curies":[{"name":"wp","href":"https:\/\/api.w.org\/{rel}","templated":true}]}}