{"id":3067,"date":"2022-11-21T20:18:28","date_gmt":"2022-11-21T19:18:28","guid":{"rendered":"https:\/\/mbi-design.de\/wp\/?post_type=product&#038;p=3067"},"modified":"2026-02-10T21:21:38","modified_gmt":"2026-02-10T20:21:38","slug":"silberlot-200mm","status":"publish","type":"product","link":"https:\/\/mbi-design.de\/wp\/produkt\/silberlot-200mm\/","title":{"rendered":"Silberlot 2,00mm"},"content":{"rendered":"<p>ISO 17672 Ag 134<br \/>\n(DIN EN 1044) (AG 106)<br \/>\nFlussmittel:<br \/>\nDIN EN 1045 FH 10<br \/>\nZusammensetzung [Gew.-%] Ag 34; Cu 36; Zn 27,5; Sn 2,5<br \/>\nTechnische Angaben<br \/>\nSchmelzbereich nach ISO 17672 ca. 630 &#8211; 730\u00b0C<br \/>\nDichte ca. 8,9 g\/cm\u00b3<br \/>\nZugfestigkeit nach DIN EN 12797 an S235: 360 MPa; an E295: 480 MPa;<br \/>\nScherzugfestigkeit nach<br \/>\nDIN EN12797 an S235: min. 150 MPa<br \/>\nMaximale Bruchdehnung A100 ca. 11 %<br \/>\nElektrische Leitf\u00e4higkeit ca. 14,0 m\/ \uf057mm\u00b2<br \/>\nBetriebstemperatur der L\u00f6tstelle ca. -200\u00b0C bis +200\u00b0C (ohne Festigkeitsabfall)<br \/>\nStandard Lieferform*<br \/>\nSt\u00e4be: 2,0 mm \u00d8, 500 mm lang<br \/>\n*Abweichende Lieferformen und Abmessungen auf Anfrage<br \/>\nAnwendung<br \/>\nBrazeTec CoMet 3476U ist ein niedrigschmelzendes Silberhartlot mit sehr guten Flie\u00dfeigenschaften.<br \/>\nDas Hartlot ist geeignet f\u00fcr beliebige St\u00e4hle, Kupfer- und Kupferlegierungen, Nickel- und Nickellegierungen. Es kann f\u00fcr alle Flamml\u00f6tverfahren eingesetzt werden. Typische Anwendungsgebiete<br \/>\nfinden sich z.B. in der Elektroindustrie, Installationstechnik, K\u00e4lte- und Klimatechnik und im<br \/>\nFahrzeugbau. Erfahrungsgem\u00e4\u00df wird die Wirksamkeit von Flussmitteln auch \u00fcber das<br \/>\nMindesthaltbarkeitsdatum hinaus im unge\u00f6ffneten Originalgebinde nicht beeinflusst. Es ist hierbei<br \/>\naber zu beachten, dass es durch Aufnahme oder Abgabe von Feuchtigkeit zu \u00c4nderung der<br \/>\nHaftfestigkeit des Flussmittelmantels kommen kann.<br \/>\nHinweis: Die Flu\u00dfmittelreste sind korrosiv und m\u00fcssen entfernt werden.<\/p>\n<p>Achtung: Aufgrund der Stabl\u00e4nge wird bei einem Versand von wenigen Artikeln der Stab halbiert.<\/p>\n<h1><strong><span style=\"color: #ff0000;\">Achtung:<\/span><\/strong><\/h1>\n<p>Kennzeichnung (VERORDNUNG (EG) Nr. 1272\/2008)<br \/>\nGefahrenhinweise : H302 Gesundheitssch\u00e4dlich bei Verschlucken.<br \/>\nH361d Kann vermutlich das Kind im Mutterleib sch\u00e4digen.<br \/>\nSicherheitshinweise :<br \/>\nPr\u00e4vention:<br \/>\nP201 Vor Gebrauch besondere Anweisungen einholen.<br \/>\nP202 Vor Gebrauch alle Sicherheitshinweise lesen und verstehen.<br \/>\nP264 Nach Gebrauch Haut gr\u00fcndlich waschen.<br \/>\nP280 Schutzhandschuhe\/ Schutzkleidung\/ Augenschutz\/<br \/>\nGesichtsschutz tragen.<br \/>\nReaktion:<br \/>\nP308 + P313 BEI Exposition oder falls betroffen: \u00c4rztlichen<br \/>\nRat einholen\/ \u00e4rztliche Hilfe hinzuziehen.<br \/>\nEntsorgung:<br \/>\nP501 Inhalt\/ Beh\u00e4lter einer anerkannten Abfallentsorgungsanlage zuf\u00fchren.<\/p>\n","protected":false},"excerpt":{"rendered":"<p>St\u00fcck 500mm L\u00e4nge<\/p>\n","protected":false},"featured_media":3068,"template":"","meta":{"ngg_post_thumbnail":0},"product_brand":[],"product_cat":[75,56],"product_tag":[],"class_list":{"0":"post-3067","1":"product","2":"type-product","3":"status-publish","4":"has-post-thumbnail","6":"product_cat-loeten-und-zubehoer","7":"product_cat-werkstattbedarf","10":"first","11":"outofstock","12":"taxable","13":"shipping-taxable","14":"purchasable","15":"product-type-simple"},"yoast_head":"<!-- This site is optimized with the Yoast SEO plugin v27.3 - https:\/\/yoast.com\/product\/yoast-seo-wordpress\/ -->\n<title>Silberlot 2,00mm - MBI Design Modellbau<\/title>\n<meta name=\"robots\" content=\"index, follow, max-snippet:-1, max-image-preview:large, max-video-preview:-1\" \/>\n<link rel=\"canonical\" href=\"https:\/\/mbi-design.de\/wp\/produkt\/silberlot-200mm\/\" \/>\n<meta property=\"og:locale\" content=\"de_DE\" \/>\n<meta property=\"og:type\" content=\"article\" \/>\n<meta property=\"og:title\" content=\"Silberlot 2,00mm - MBI Design Modellbau\" \/>\n<meta property=\"og:description\" content=\"St\u00fcck 500mm L\u00e4nge\" \/>\n<meta property=\"og:url\" content=\"https:\/\/mbi-design.de\/wp\/produkt\/silberlot-200mm\/\" \/>\n<meta property=\"og:site_name\" content=\"MBI Design Modellbau\" \/>\n<meta property=\"article:modified_time\" content=\"2026-02-10T20:21:38+00:00\" \/>\n<meta property=\"og:image\" content=\"https:\/\/mbi-design.de\/wp\/wp-content\/uploads\/2022\/11\/Silberlot-mit-Flussmittel.jpg\" \/>\n\t<meta property=\"og:image:width\" content=\"1543\" \/>\n\t<meta property=\"og:image:height\" content=\"1359\" \/>\n\t<meta property=\"og:image:type\" content=\"image\/jpeg\" \/>\n<meta name=\"twitter:card\" content=\"summary_large_image\" \/>\n<meta name=\"twitter:label1\" content=\"Gesch\u00e4tzte Lesezeit\" \/>\n\t<meta name=\"twitter:data1\" content=\"2\u00a0Minuten\" \/>\n<script type=\"application\/ld+json\" class=\"yoast-schema-graph\">{\"@context\":\"https:\\\/\\\/schema.org\",\"@graph\":[{\"@type\":\"WebPage\",\"@id\":\"https:\\\/\\\/mbi-design.de\\\/wp\\\/produkt\\\/silberlot-200mm\\\/\",\"url\":\"https:\\\/\\\/mbi-design.de\\\/wp\\\/produkt\\\/silberlot-200mm\\\/\",\"name\":\"Silberlot 2,00mm - MBI Design Modellbau\",\"isPartOf\":{\"@id\":\"https:\\\/\\\/mbi-design.de\\\/wp\\\/#website\"},\"primaryImageOfPage\":{\"@id\":\"https:\\\/\\\/mbi-design.de\\\/wp\\\/produkt\\\/silberlot-200mm\\\/#primaryimage\"},\"image\":{\"@id\":\"https:\\\/\\\/mbi-design.de\\\/wp\\\/produkt\\\/silberlot-200mm\\\/#primaryimage\"},\"thumbnailUrl\":\"https:\\\/\\\/mbi-design.de\\\/wp\\\/wp-content\\\/uploads\\\/2022\\\/11\\\/Silberlot-mit-Flussmittel.jpg\",\"datePublished\":\"2022-11-21T19:18:28+00:00\",\"dateModified\":\"2026-02-10T20:21:38+00:00\",\"breadcrumb\":{\"@id\":\"https:\\\/\\\/mbi-design.de\\\/wp\\\/produkt\\\/silberlot-200mm\\\/#breadcrumb\"},\"inLanguage\":\"de\",\"potentialAction\":[{\"@type\":\"ReadAction\",\"target\":[\"https:\\\/\\\/mbi-design.de\\\/wp\\\/produkt\\\/silberlot-200mm\\\/\"]}]},{\"@type\":\"ImageObject\",\"inLanguage\":\"de\",\"@id\":\"https:\\\/\\\/mbi-design.de\\\/wp\\\/produkt\\\/silberlot-200mm\\\/#primaryimage\",\"url\":\"https:\\\/\\\/mbi-design.de\\\/wp\\\/wp-content\\\/uploads\\\/2022\\\/11\\\/Silberlot-mit-Flussmittel.jpg\",\"contentUrl\":\"https:\\\/\\\/mbi-design.de\\\/wp\\\/wp-content\\\/uploads\\\/2022\\\/11\\\/Silberlot-mit-Flussmittel.jpg\",\"width\":1543,\"height\":1359},{\"@type\":\"BreadcrumbList\",\"@id\":\"https:\\\/\\\/mbi-design.de\\\/wp\\\/produkt\\\/silberlot-200mm\\\/#breadcrumb\",\"itemListElement\":[{\"@type\":\"ListItem\",\"position\":1,\"name\":\"Startseite\",\"item\":\"https:\\\/\\\/mbi-design.de\\\/wp\\\/\"},{\"@type\":\"ListItem\",\"position\":2,\"name\":\"Shop\",\"item\":\"https:\\\/\\\/mbi-design.de\\\/wp\\\/shop\\\/\"},{\"@type\":\"ListItem\",\"position\":3,\"name\":\"Silberlot 2,00mm\"}]},{\"@type\":\"WebSite\",\"@id\":\"https:\\\/\\\/mbi-design.de\\\/wp\\\/#website\",\"url\":\"https:\\\/\\\/mbi-design.de\\\/wp\\\/\",\"name\":\"MBI Design Modellbau\",\"description\":\"Funktionsmodellbau\",\"publisher\":{\"@id\":\"https:\\\/\\\/mbi-design.de\\\/wp\\\/#organization\"},\"potentialAction\":[{\"@type\":\"SearchAction\",\"target\":{\"@type\":\"EntryPoint\",\"urlTemplate\":\"https:\\\/\\\/mbi-design.de\\\/wp\\\/?s={search_term_string}\"},\"query-input\":{\"@type\":\"PropertyValueSpecification\",\"valueRequired\":true,\"valueName\":\"search_term_string\"}}],\"inLanguage\":\"de\"},{\"@type\":\"Organization\",\"@id\":\"https:\\\/\\\/mbi-design.de\\\/wp\\\/#organization\",\"name\":\"MBI Design Modellbau\",\"url\":\"https:\\\/\\\/mbi-design.de\\\/wp\\\/\",\"logo\":{\"@type\":\"ImageObject\",\"inLanguage\":\"de\",\"@id\":\"https:\\\/\\\/mbi-design.de\\\/wp\\\/#\\\/schema\\\/logo\\\/image\\\/\",\"url\":\"https:\\\/\\\/mbi-design.de\\\/wp\\\/wp-content\\\/uploads\\\/2020\\\/03\\\/favicon-1.png\",\"contentUrl\":\"https:\\\/\\\/mbi-design.de\\\/wp\\\/wp-content\\\/uploads\\\/2020\\\/03\\\/favicon-1.png\",\"width\":102,\"height\":102,\"caption\":\"MBI Design Modellbau\"},\"image\":{\"@id\":\"https:\\\/\\\/mbi-design.de\\\/wp\\\/#\\\/schema\\\/logo\\\/image\\\/\"}}]}<\/script>\n<!-- \/ Yoast SEO plugin. -->","yoast_head_json":{"title":"Silberlot 2,00mm - MBI Design Modellbau","robots":{"index":"index","follow":"follow","max-snippet":"max-snippet:-1","max-image-preview":"max-image-preview:large","max-video-preview":"max-video-preview:-1"},"canonical":"https:\/\/mbi-design.de\/wp\/produkt\/silberlot-200mm\/","og_locale":"de_DE","og_type":"article","og_title":"Silberlot 2,00mm - MBI Design Modellbau","og_description":"St\u00fcck 500mm L\u00e4nge","og_url":"https:\/\/mbi-design.de\/wp\/produkt\/silberlot-200mm\/","og_site_name":"MBI Design Modellbau","article_modified_time":"2026-02-10T20:21:38+00:00","og_image":[{"width":1543,"height":1359,"url":"https:\/\/mbi-design.de\/wp\/wp-content\/uploads\/2022\/11\/Silberlot-mit-Flussmittel.jpg","type":"image\/jpeg"}],"twitter_card":"summary_large_image","twitter_misc":{"Gesch\u00e4tzte Lesezeit":"2\u00a0Minuten"},"schema":{"@context":"https:\/\/schema.org","@graph":[{"@type":"WebPage","@id":"https:\/\/mbi-design.de\/wp\/produkt\/silberlot-200mm\/","url":"https:\/\/mbi-design.de\/wp\/produkt\/silberlot-200mm\/","name":"Silberlot 2,00mm - MBI Design Modellbau","isPartOf":{"@id":"https:\/\/mbi-design.de\/wp\/#website"},"primaryImageOfPage":{"@id":"https:\/\/mbi-design.de\/wp\/produkt\/silberlot-200mm\/#primaryimage"},"image":{"@id":"https:\/\/mbi-design.de\/wp\/produkt\/silberlot-200mm\/#primaryimage"},"thumbnailUrl":"https:\/\/mbi-design.de\/wp\/wp-content\/uploads\/2022\/11\/Silberlot-mit-Flussmittel.jpg","datePublished":"2022-11-21T19:18:28+00:00","dateModified":"2026-02-10T20:21:38+00:00","breadcrumb":{"@id":"https:\/\/mbi-design.de\/wp\/produkt\/silberlot-200mm\/#breadcrumb"},"inLanguage":"de","potentialAction":[{"@type":"ReadAction","target":["https:\/\/mbi-design.de\/wp\/produkt\/silberlot-200mm\/"]}]},{"@type":"ImageObject","inLanguage":"de","@id":"https:\/\/mbi-design.de\/wp\/produkt\/silberlot-200mm\/#primaryimage","url":"https:\/\/mbi-design.de\/wp\/wp-content\/uploads\/2022\/11\/Silberlot-mit-Flussmittel.jpg","contentUrl":"https:\/\/mbi-design.de\/wp\/wp-content\/uploads\/2022\/11\/Silberlot-mit-Flussmittel.jpg","width":1543,"height":1359},{"@type":"BreadcrumbList","@id":"https:\/\/mbi-design.de\/wp\/produkt\/silberlot-200mm\/#breadcrumb","itemListElement":[{"@type":"ListItem","position":1,"name":"Startseite","item":"https:\/\/mbi-design.de\/wp\/"},{"@type":"ListItem","position":2,"name":"Shop","item":"https:\/\/mbi-design.de\/wp\/shop\/"},{"@type":"ListItem","position":3,"name":"Silberlot 2,00mm"}]},{"@type":"WebSite","@id":"https:\/\/mbi-design.de\/wp\/#website","url":"https:\/\/mbi-design.de\/wp\/","name":"MBI Design Modellbau","description":"Funktionsmodellbau","publisher":{"@id":"https:\/\/mbi-design.de\/wp\/#organization"},"potentialAction":[{"@type":"SearchAction","target":{"@type":"EntryPoint","urlTemplate":"https:\/\/mbi-design.de\/wp\/?s={search_term_string}"},"query-input":{"@type":"PropertyValueSpecification","valueRequired":true,"valueName":"search_term_string"}}],"inLanguage":"de"},{"@type":"Organization","@id":"https:\/\/mbi-design.de\/wp\/#organization","name":"MBI Design Modellbau","url":"https:\/\/mbi-design.de\/wp\/","logo":{"@type":"ImageObject","inLanguage":"de","@id":"https:\/\/mbi-design.de\/wp\/#\/schema\/logo\/image\/","url":"https:\/\/mbi-design.de\/wp\/wp-content\/uploads\/2020\/03\/favicon-1.png","contentUrl":"https:\/\/mbi-design.de\/wp\/wp-content\/uploads\/2020\/03\/favicon-1.png","width":102,"height":102,"caption":"MBI Design Modellbau"},"image":{"@id":"https:\/\/mbi-design.de\/wp\/#\/schema\/logo\/image\/"}}]}},"_links":{"self":[{"href":"https:\/\/mbi-design.de\/wp\/wp-json\/wp\/v2\/product\/3067","targetHints":{"allow":["GET"]}}],"collection":[{"href":"https:\/\/mbi-design.de\/wp\/wp-json\/wp\/v2\/product"}],"about":[{"href":"https:\/\/mbi-design.de\/wp\/wp-json\/wp\/v2\/types\/product"}],"wp:featuredmedia":[{"embeddable":true,"href":"https:\/\/mbi-design.de\/wp\/wp-json\/wp\/v2\/media\/3068"}],"wp:attachment":[{"href":"https:\/\/mbi-design.de\/wp\/wp-json\/wp\/v2\/media?parent=3067"}],"wp:term":[{"taxonomy":"product_brand","embeddable":true,"href":"https:\/\/mbi-design.de\/wp\/wp-json\/wp\/v2\/product_brand?post=3067"},{"taxonomy":"product_cat","embeddable":true,"href":"https:\/\/mbi-design.de\/wp\/wp-json\/wp\/v2\/product_cat?post=3067"},{"taxonomy":"product_tag","embeddable":true,"href":"https:\/\/mbi-design.de\/wp\/wp-json\/wp\/v2\/product_tag?post=3067"}],"curies":[{"name":"wp","href":"https:\/\/api.w.org\/{rel}","templated":true}]}}