{"id":3074,"date":"2022-11-21T21:05:02","date_gmt":"2022-11-21T20:05:02","guid":{"rendered":"https:\/\/mbi-design.de\/wp\/?post_type=product&#038;p=3074"},"modified":"2026-03-19T21:56:12","modified_gmt":"2026-03-19T20:56:12","slug":"silberlot-flussmittel-60g","status":"publish","type":"product","link":"https:\/\/mbi-design.de\/wp\/produkt\/silberlot-flussmittel-60g\/","title":{"rendered":"Silberlot Flussmittel 60g"},"content":{"rendered":"<h1>Flussmittel f\u00fcr Silberlot nach DIN EN 1045 FH 10<\/h1>\n<p>Dieses Silberlot Flussmittel ist in Pulverform. Es wird mit Destillierten Wasser zu einer Paste gemischt. Bei l\u00e4ngerer Lagerung kann das Flussmittel immer wieder mit Wasser neu angemischt werden. Das Flussmittel sch\u00fctzt von Anfang an die Nahtstelle vor Oxidation und das L\u00f6ten wird somit einfacher.<\/p>\n<p>Die Arbeitstemperatur liegt bei 550- 800\u00b0 C&nbsp;<\/p>\n<p>Anwendung: Zum L\u00f6ten von Stahl, Edelstahl. Kupfer, Messing und Rotguss.<\/p>\n<p>Das Flussmittel in Pulverform wird in einer Dose geliefert.<\/p>\n<p>Flussmitteltypen nach DIN EN 1045<br \/>\nFH 10 550 &#8211; 800 \u00b0C Borverbindungen,<br \/>\neinfache und komplexe<br \/>\nFluoride<br \/>\nUniversalflussmittel korrosiv<\/p>\n<h1><strong><span style=\"color: #ff0000;\">Achtung:<\/span><\/strong><\/h1>\n<p>Kennzeichnung (VERORDNUNG (EG) Nr. 1272\/2008)<br \/>\nGefahrenhinweise : H302 Gesundheitssch\u00e4dlich bei Verschlucken.<br \/>\nH361d Kann vermutlich das Kind im Mutterleib sch\u00e4digen.<br \/>\nSicherheitshinweise :<br \/>\nPr\u00e4vention:<br \/>\nP201 Vor Gebrauch besondere Anweisungen einholen.<br \/>\nP202 Vor Gebrauch alle Sicherheitshinweise lesen und verstehen.<br \/>\nP264 Nach Gebrauch Haut gr\u00fcndlich waschen.<br \/>\nP280 Schutzhandschuhe\/ Schutzkleidung\/ Augenschutz\/<br \/>\nGesichtsschutz tragen.<br \/>\nReaktion:<br \/>\nP308 + P313 BEI Exposition oder falls betroffen: \u00c4rztlichen<br \/>\nRat einholen\/ \u00e4rztliche Hilfe hinzuziehen.<br \/>\nEntsorgung:<br \/>\nP501 Inhalt\/ Beh\u00e4lter einer anerkannten Abfallentsorgungsanlage zuf\u00fchren.<\/p>\n","protected":false},"excerpt":{"rendered":"<p>60g<\/p>\n","protected":false},"featured_media":3062,"template":"","meta":{"ngg_post_thumbnail":0},"product_brand":[],"product_cat":[75,56],"product_tag":[],"class_list":{"0":"post-3074","1":"product","2":"type-product","3":"status-publish","4":"has-post-thumbnail","6":"product_cat-loeten-und-zubehoer","7":"product_cat-werkstattbedarf","10":"first","11":"instock","12":"taxable","13":"shipping-taxable","14":"purchasable","15":"product-type-simple"},"yoast_head":"<!-- This site is optimized with the Yoast SEO plugin v27.3 - https:\/\/yoast.com\/product\/yoast-seo-wordpress\/ -->\n<title>Silberlot Flussmittel 60g - MBI Design Modellbau<\/title>\n<meta name=\"robots\" content=\"index, follow, max-snippet:-1, max-image-preview:large, max-video-preview:-1\" \/>\n<link rel=\"canonical\" href=\"https:\/\/mbi-design.de\/wp\/produkt\/silberlot-flussmittel-60g\/\" \/>\n<meta property=\"og:locale\" content=\"de_DE\" \/>\n<meta property=\"og:type\" content=\"article\" \/>\n<meta property=\"og:title\" content=\"Silberlot Flussmittel 60g - MBI Design Modellbau\" \/>\n<meta property=\"og:description\" content=\"60g\" \/>\n<meta property=\"og:url\" content=\"https:\/\/mbi-design.de\/wp\/produkt\/silberlot-flussmittel-60g\/\" \/>\n<meta property=\"og:site_name\" content=\"MBI Design Modellbau\" \/>\n<meta property=\"article:modified_time\" content=\"2026-03-19T20:56:12+00:00\" \/>\n<meta property=\"og:image\" content=\"https:\/\/mbi-design.de\/wp\/wp-content\/uploads\/2022\/11\/Flussmittel.jpg\" \/>\n\t<meta property=\"og:image:width\" content=\"498\" \/>\n\t<meta property=\"og:image:height\" content=\"526\" \/>\n\t<meta property=\"og:image:type\" content=\"image\/jpeg\" \/>\n<meta name=\"twitter:card\" content=\"summary_large_image\" \/>\n<meta name=\"twitter:label1\" content=\"Gesch\u00e4tzte Lesezeit\" \/>\n\t<meta name=\"twitter:data1\" content=\"2\u00a0Minuten\" \/>\n<script type=\"application\/ld+json\" class=\"yoast-schema-graph\">{\"@context\":\"https:\\\/\\\/schema.org\",\"@graph\":[{\"@type\":\"WebPage\",\"@id\":\"https:\\\/\\\/mbi-design.de\\\/wp\\\/produkt\\\/silberlot-flussmittel-60g\\\/\",\"url\":\"https:\\\/\\\/mbi-design.de\\\/wp\\\/produkt\\\/silberlot-flussmittel-60g\\\/\",\"name\":\"Silberlot Flussmittel 60g - MBI Design Modellbau\",\"isPartOf\":{\"@id\":\"https:\\\/\\\/mbi-design.de\\\/wp\\\/#website\"},\"primaryImageOfPage\":{\"@id\":\"https:\\\/\\\/mbi-design.de\\\/wp\\\/produkt\\\/silberlot-flussmittel-60g\\\/#primaryimage\"},\"image\":{\"@id\":\"https:\\\/\\\/mbi-design.de\\\/wp\\\/produkt\\\/silberlot-flussmittel-60g\\\/#primaryimage\"},\"thumbnailUrl\":\"https:\\\/\\\/mbi-design.de\\\/wp\\\/wp-content\\\/uploads\\\/2022\\\/11\\\/Flussmittel.jpg\",\"datePublished\":\"2022-11-21T20:05:02+00:00\",\"dateModified\":\"2026-03-19T20:56:12+00:00\",\"breadcrumb\":{\"@id\":\"https:\\\/\\\/mbi-design.de\\\/wp\\\/produkt\\\/silberlot-flussmittel-60g\\\/#breadcrumb\"},\"inLanguage\":\"de\",\"potentialAction\":[{\"@type\":\"ReadAction\",\"target\":[\"https:\\\/\\\/mbi-design.de\\\/wp\\\/produkt\\\/silberlot-flussmittel-60g\\\/\"]}]},{\"@type\":\"ImageObject\",\"inLanguage\":\"de\",\"@id\":\"https:\\\/\\\/mbi-design.de\\\/wp\\\/produkt\\\/silberlot-flussmittel-60g\\\/#primaryimage\",\"url\":\"https:\\\/\\\/mbi-design.de\\\/wp\\\/wp-content\\\/uploads\\\/2022\\\/11\\\/Flussmittel.jpg\",\"contentUrl\":\"https:\\\/\\\/mbi-design.de\\\/wp\\\/wp-content\\\/uploads\\\/2022\\\/11\\\/Flussmittel.jpg\",\"width\":498,\"height\":526},{\"@type\":\"BreadcrumbList\",\"@id\":\"https:\\\/\\\/mbi-design.de\\\/wp\\\/produkt\\\/silberlot-flussmittel-60g\\\/#breadcrumb\",\"itemListElement\":[{\"@type\":\"ListItem\",\"position\":1,\"name\":\"Startseite\",\"item\":\"https:\\\/\\\/mbi-design.de\\\/wp\\\/\"},{\"@type\":\"ListItem\",\"position\":2,\"name\":\"Shop\",\"item\":\"https:\\\/\\\/mbi-design.de\\\/wp\\\/shop\\\/\"},{\"@type\":\"ListItem\",\"position\":3,\"name\":\"Silberlot Flussmittel 60g\"}]},{\"@type\":\"WebSite\",\"@id\":\"https:\\\/\\\/mbi-design.de\\\/wp\\\/#website\",\"url\":\"https:\\\/\\\/mbi-design.de\\\/wp\\\/\",\"name\":\"MBI Design Modellbau\",\"description\":\"Funktionsmodellbau\",\"publisher\":{\"@id\":\"https:\\\/\\\/mbi-design.de\\\/wp\\\/#organization\"},\"potentialAction\":[{\"@type\":\"SearchAction\",\"target\":{\"@type\":\"EntryPoint\",\"urlTemplate\":\"https:\\\/\\\/mbi-design.de\\\/wp\\\/?s={search_term_string}\"},\"query-input\":{\"@type\":\"PropertyValueSpecification\",\"valueRequired\":true,\"valueName\":\"search_term_string\"}}],\"inLanguage\":\"de\"},{\"@type\":\"Organization\",\"@id\":\"https:\\\/\\\/mbi-design.de\\\/wp\\\/#organization\",\"name\":\"MBI Design Modellbau\",\"url\":\"https:\\\/\\\/mbi-design.de\\\/wp\\\/\",\"logo\":{\"@type\":\"ImageObject\",\"inLanguage\":\"de\",\"@id\":\"https:\\\/\\\/mbi-design.de\\\/wp\\\/#\\\/schema\\\/logo\\\/image\\\/\",\"url\":\"https:\\\/\\\/mbi-design.de\\\/wp\\\/wp-content\\\/uploads\\\/2020\\\/03\\\/favicon-1.png\",\"contentUrl\":\"https:\\\/\\\/mbi-design.de\\\/wp\\\/wp-content\\\/uploads\\\/2020\\\/03\\\/favicon-1.png\",\"width\":102,\"height\":102,\"caption\":\"MBI Design Modellbau\"},\"image\":{\"@id\":\"https:\\\/\\\/mbi-design.de\\\/wp\\\/#\\\/schema\\\/logo\\\/image\\\/\"}}]}<\/script>\n<!-- \/ Yoast SEO plugin. -->","yoast_head_json":{"title":"Silberlot Flussmittel 60g - MBI Design Modellbau","robots":{"index":"index","follow":"follow","max-snippet":"max-snippet:-1","max-image-preview":"max-image-preview:large","max-video-preview":"max-video-preview:-1"},"canonical":"https:\/\/mbi-design.de\/wp\/produkt\/silberlot-flussmittel-60g\/","og_locale":"de_DE","og_type":"article","og_title":"Silberlot Flussmittel 60g - MBI Design Modellbau","og_description":"60g","og_url":"https:\/\/mbi-design.de\/wp\/produkt\/silberlot-flussmittel-60g\/","og_site_name":"MBI Design Modellbau","article_modified_time":"2026-03-19T20:56:12+00:00","og_image":[{"width":498,"height":526,"url":"https:\/\/mbi-design.de\/wp\/wp-content\/uploads\/2022\/11\/Flussmittel.jpg","type":"image\/jpeg"}],"twitter_card":"summary_large_image","twitter_misc":{"Gesch\u00e4tzte Lesezeit":"2\u00a0Minuten"},"schema":{"@context":"https:\/\/schema.org","@graph":[{"@type":"WebPage","@id":"https:\/\/mbi-design.de\/wp\/produkt\/silberlot-flussmittel-60g\/","url":"https:\/\/mbi-design.de\/wp\/produkt\/silberlot-flussmittel-60g\/","name":"Silberlot Flussmittel 60g - MBI Design Modellbau","isPartOf":{"@id":"https:\/\/mbi-design.de\/wp\/#website"},"primaryImageOfPage":{"@id":"https:\/\/mbi-design.de\/wp\/produkt\/silberlot-flussmittel-60g\/#primaryimage"},"image":{"@id":"https:\/\/mbi-design.de\/wp\/produkt\/silberlot-flussmittel-60g\/#primaryimage"},"thumbnailUrl":"https:\/\/mbi-design.de\/wp\/wp-content\/uploads\/2022\/11\/Flussmittel.jpg","datePublished":"2022-11-21T20:05:02+00:00","dateModified":"2026-03-19T20:56:12+00:00","breadcrumb":{"@id":"https:\/\/mbi-design.de\/wp\/produkt\/silberlot-flussmittel-60g\/#breadcrumb"},"inLanguage":"de","potentialAction":[{"@type":"ReadAction","target":["https:\/\/mbi-design.de\/wp\/produkt\/silberlot-flussmittel-60g\/"]}]},{"@type":"ImageObject","inLanguage":"de","@id":"https:\/\/mbi-design.de\/wp\/produkt\/silberlot-flussmittel-60g\/#primaryimage","url":"https:\/\/mbi-design.de\/wp\/wp-content\/uploads\/2022\/11\/Flussmittel.jpg","contentUrl":"https:\/\/mbi-design.de\/wp\/wp-content\/uploads\/2022\/11\/Flussmittel.jpg","width":498,"height":526},{"@type":"BreadcrumbList","@id":"https:\/\/mbi-design.de\/wp\/produkt\/silberlot-flussmittel-60g\/#breadcrumb","itemListElement":[{"@type":"ListItem","position":1,"name":"Startseite","item":"https:\/\/mbi-design.de\/wp\/"},{"@type":"ListItem","position":2,"name":"Shop","item":"https:\/\/mbi-design.de\/wp\/shop\/"},{"@type":"ListItem","position":3,"name":"Silberlot Flussmittel 60g"}]},{"@type":"WebSite","@id":"https:\/\/mbi-design.de\/wp\/#website","url":"https:\/\/mbi-design.de\/wp\/","name":"MBI Design Modellbau","description":"Funktionsmodellbau","publisher":{"@id":"https:\/\/mbi-design.de\/wp\/#organization"},"potentialAction":[{"@type":"SearchAction","target":{"@type":"EntryPoint","urlTemplate":"https:\/\/mbi-design.de\/wp\/?s={search_term_string}"},"query-input":{"@type":"PropertyValueSpecification","valueRequired":true,"valueName":"search_term_string"}}],"inLanguage":"de"},{"@type":"Organization","@id":"https:\/\/mbi-design.de\/wp\/#organization","name":"MBI Design Modellbau","url":"https:\/\/mbi-design.de\/wp\/","logo":{"@type":"ImageObject","inLanguage":"de","@id":"https:\/\/mbi-design.de\/wp\/#\/schema\/logo\/image\/","url":"https:\/\/mbi-design.de\/wp\/wp-content\/uploads\/2020\/03\/favicon-1.png","contentUrl":"https:\/\/mbi-design.de\/wp\/wp-content\/uploads\/2020\/03\/favicon-1.png","width":102,"height":102,"caption":"MBI Design Modellbau"},"image":{"@id":"https:\/\/mbi-design.de\/wp\/#\/schema\/logo\/image\/"}}]}},"_links":{"self":[{"href":"https:\/\/mbi-design.de\/wp\/wp-json\/wp\/v2\/product\/3074","targetHints":{"allow":["GET"]}}],"collection":[{"href":"https:\/\/mbi-design.de\/wp\/wp-json\/wp\/v2\/product"}],"about":[{"href":"https:\/\/mbi-design.de\/wp\/wp-json\/wp\/v2\/types\/product"}],"wp:featuredmedia":[{"embeddable":true,"href":"https:\/\/mbi-design.de\/wp\/wp-json\/wp\/v2\/media\/3062"}],"wp:attachment":[{"href":"https:\/\/mbi-design.de\/wp\/wp-json\/wp\/v2\/media?parent=3074"}],"wp:term":[{"taxonomy":"product_brand","embeddable":true,"href":"https:\/\/mbi-design.de\/wp\/wp-json\/wp\/v2\/product_brand?post=3074"},{"taxonomy":"product_cat","embeddable":true,"href":"https:\/\/mbi-design.de\/wp\/wp-json\/wp\/v2\/product_cat?post=3074"},{"taxonomy":"product_tag","embeddable":true,"href":"https:\/\/mbi-design.de\/wp\/wp-json\/wp\/v2\/product_tag?post=3074"}],"curies":[{"name":"wp","href":"https:\/\/api.w.org\/{rel}","templated":true}]}}