{"id":3191,"date":"2022-12-11T22:48:06","date_gmt":"2022-12-11T21:48:06","guid":{"rendered":"https:\/\/mbi-design.de\/wp\/?post_type=product&#038;p=3191"},"modified":"2025-12-04T10:50:27","modified_gmt":"2025-12-04T09:50:27","slug":"18mm-rueckschlagventil-180-durchgang","status":"publish","type":"product","link":"https:\/\/mbi-design.de\/wp\/produkt\/18mm-rueckschlagventil-180-durchgang\/","title":{"rendered":"18mm R\u00fcckschlagventil 180\u00b0 Durchgang"},"content":{"rendered":"<pre>Bausatz eines R\u00fcckschlagventil, was dem Original nachempfunden ist. Alle Gussteile werden in der hauseigenen Gie\u00dferei im Feingussverfahren hergestellt. Wir achten bei der Herstellung darauf, wie die weitere Bearbeitung der Bauteile mit einfachen mitteln bewerkstelligt werden kann. Somit haben die meisten Gussteile einen Zapfen, damit man sie besser Spannen kann. Die Meisten Bohrungen sind auch angebohrt damit entf\u00e4llt das l\u00e4stige Anzeichnen und somit ist die Fertigung sehr einfach gestaltet. Sie K\u00f6nnen selber Entscheiden ob sie einen Rund oder Ovalflansch benutzen wollen. Der Ovalflansch ist leicht erhaben und bei nicht gebrauch wird die Fl\u00e4che einfach Plan gedreht. Ein Bauplan liegt mit bei. \r\n<span style=\"color: #ff0000;\">\r\nWenn Sie von einer Armatur mehr ben\u00f6tigen, dann schreiben Sie uns an, da es Kombinierbare Bauteile sind und die Verf\u00fcgbarkeit dadurch Stark variiert.<\/span> \r\n\r\nFlanschma\u00df: 18mm\r\nGesamth\u00f6he: 44mm\r\nEinbaul\u00e4nge: 25mm\r\nFlanschversatz: 12mm\r\nBreite: 21mm\r\n\r\nToleranz: +-0,3mm\r\n\r\n\r\nIm Lieferumfang sind nicht die Schrauben\/Muttern und die Anschlussflansche enthalten!<\/pre>\n","protected":false},"excerpt":{"rendered":"<p>St\u00fcck<\/p>\n","protected":false},"featured_media":3192,"template":"","meta":{"ngg_post_thumbnail":0},"product_brand":[],"product_cat":[50],"product_tag":[],"class_list":{"0":"post-3191","1":"product","2":"type-product","3":"status-publish","4":"has-post-thumbnail","6":"product_cat-rueckschlagventile-bausaetze","9":"first","10":"instock","11":"taxable","12":"shipping-taxable","13":"purchasable","14":"product-type-simple"},"yoast_head":"<!-- This site is optimized with the Yoast SEO plugin v27.3 - https:\/\/yoast.com\/product\/yoast-seo-wordpress\/ -->\n<title>18mm R\u00fcckschlagventil 180\u00b0 Durchgang - MBI Design Modellbau<\/title>\n<meta name=\"robots\" content=\"index, follow, max-snippet:-1, max-image-preview:large, max-video-preview:-1\" \/>\n<link rel=\"canonical\" href=\"https:\/\/mbi-design.de\/wp\/produkt\/18mm-rueckschlagventil-180-durchgang\/\" \/>\n<meta property=\"og:locale\" content=\"de_DE\" \/>\n<meta property=\"og:type\" content=\"article\" \/>\n<meta property=\"og:title\" content=\"18mm R\u00fcckschlagventil 180\u00b0 Durchgang - MBI Design Modellbau\" \/>\n<meta property=\"og:description\" content=\"St\u00fcck\" \/>\n<meta property=\"og:url\" content=\"https:\/\/mbi-design.de\/wp\/produkt\/18mm-rueckschlagventil-180-durchgang\/\" \/>\n<meta property=\"og:site_name\" content=\"MBI Design Modellbau\" \/>\n<meta property=\"article:modified_time\" content=\"2025-12-04T09:50:27+00:00\" \/>\n<meta property=\"og:image\" content=\"https:\/\/mbi-design.de\/wp\/wp-content\/uploads\/2022\/12\/Durchgangs-Rueckschlagventil-JPG.jpg\" \/>\n\t<meta property=\"og:image:width\" content=\"2155\" \/>\n\t<meta property=\"og:image:height\" content=\"1946\" \/>\n\t<meta property=\"og:image:type\" content=\"image\/jpeg\" \/>\n<meta name=\"twitter:card\" content=\"summary_large_image\" \/>\n<meta name=\"twitter:label1\" content=\"Gesch\u00e4tzte Lesezeit\" \/>\n\t<meta name=\"twitter:data1\" content=\"1\u00a0Minute\" \/>\n<script type=\"application\/ld+json\" class=\"yoast-schema-graph\">{\"@context\":\"https:\\\/\\\/schema.org\",\"@graph\":[{\"@type\":\"WebPage\",\"@id\":\"https:\\\/\\\/mbi-design.de\\\/wp\\\/produkt\\\/18mm-rueckschlagventil-180-durchgang\\\/\",\"url\":\"https:\\\/\\\/mbi-design.de\\\/wp\\\/produkt\\\/18mm-rueckschlagventil-180-durchgang\\\/\",\"name\":\"18mm R\u00fcckschlagventil 180\u00b0 Durchgang - MBI Design Modellbau\",\"isPartOf\":{\"@id\":\"https:\\\/\\\/mbi-design.de\\\/wp\\\/#website\"},\"primaryImageOfPage\":{\"@id\":\"https:\\\/\\\/mbi-design.de\\\/wp\\\/produkt\\\/18mm-rueckschlagventil-180-durchgang\\\/#primaryimage\"},\"image\":{\"@id\":\"https:\\\/\\\/mbi-design.de\\\/wp\\\/produkt\\\/18mm-rueckschlagventil-180-durchgang\\\/#primaryimage\"},\"thumbnailUrl\":\"https:\\\/\\\/mbi-design.de\\\/wp\\\/wp-content\\\/uploads\\\/2022\\\/12\\\/Durchgangs-Rueckschlagventil-JPG.jpg\",\"datePublished\":\"2022-12-11T21:48:06+00:00\",\"dateModified\":\"2025-12-04T09:50:27+00:00\",\"breadcrumb\":{\"@id\":\"https:\\\/\\\/mbi-design.de\\\/wp\\\/produkt\\\/18mm-rueckschlagventil-180-durchgang\\\/#breadcrumb\"},\"inLanguage\":\"de\",\"potentialAction\":[{\"@type\":\"ReadAction\",\"target\":[\"https:\\\/\\\/mbi-design.de\\\/wp\\\/produkt\\\/18mm-rueckschlagventil-180-durchgang\\\/\"]}]},{\"@type\":\"ImageObject\",\"inLanguage\":\"de\",\"@id\":\"https:\\\/\\\/mbi-design.de\\\/wp\\\/produkt\\\/18mm-rueckschlagventil-180-durchgang\\\/#primaryimage\",\"url\":\"https:\\\/\\\/mbi-design.de\\\/wp\\\/wp-content\\\/uploads\\\/2022\\\/12\\\/Durchgangs-Rueckschlagventil-JPG.jpg\",\"contentUrl\":\"https:\\\/\\\/mbi-design.de\\\/wp\\\/wp-content\\\/uploads\\\/2022\\\/12\\\/Durchgangs-Rueckschlagventil-JPG.jpg\",\"width\":2155,\"height\":1946},{\"@type\":\"BreadcrumbList\",\"@id\":\"https:\\\/\\\/mbi-design.de\\\/wp\\\/produkt\\\/18mm-rueckschlagventil-180-durchgang\\\/#breadcrumb\",\"itemListElement\":[{\"@type\":\"ListItem\",\"position\":1,\"name\":\"Startseite\",\"item\":\"https:\\\/\\\/mbi-design.de\\\/wp\\\/\"},{\"@type\":\"ListItem\",\"position\":2,\"name\":\"Shop\",\"item\":\"https:\\\/\\\/mbi-design.de\\\/wp\\\/shop\\\/\"},{\"@type\":\"ListItem\",\"position\":3,\"name\":\"18mm R\u00fcckschlagventil 180\u00b0 Durchgang\"}]},{\"@type\":\"WebSite\",\"@id\":\"https:\\\/\\\/mbi-design.de\\\/wp\\\/#website\",\"url\":\"https:\\\/\\\/mbi-design.de\\\/wp\\\/\",\"name\":\"MBI Design Modellbau\",\"description\":\"Funktionsmodellbau\",\"publisher\":{\"@id\":\"https:\\\/\\\/mbi-design.de\\\/wp\\\/#organization\"},\"potentialAction\":[{\"@type\":\"SearchAction\",\"target\":{\"@type\":\"EntryPoint\",\"urlTemplate\":\"https:\\\/\\\/mbi-design.de\\\/wp\\\/?s={search_term_string}\"},\"query-input\":{\"@type\":\"PropertyValueSpecification\",\"valueRequired\":true,\"valueName\":\"search_term_string\"}}],\"inLanguage\":\"de\"},{\"@type\":\"Organization\",\"@id\":\"https:\\\/\\\/mbi-design.de\\\/wp\\\/#organization\",\"name\":\"MBI Design Modellbau\",\"url\":\"https:\\\/\\\/mbi-design.de\\\/wp\\\/\",\"logo\":{\"@type\":\"ImageObject\",\"inLanguage\":\"de\",\"@id\":\"https:\\\/\\\/mbi-design.de\\\/wp\\\/#\\\/schema\\\/logo\\\/image\\\/\",\"url\":\"https:\\\/\\\/mbi-design.de\\\/wp\\\/wp-content\\\/uploads\\\/2020\\\/03\\\/favicon-1.png\",\"contentUrl\":\"https:\\\/\\\/mbi-design.de\\\/wp\\\/wp-content\\\/uploads\\\/2020\\\/03\\\/favicon-1.png\",\"width\":102,\"height\":102,\"caption\":\"MBI Design Modellbau\"},\"image\":{\"@id\":\"https:\\\/\\\/mbi-design.de\\\/wp\\\/#\\\/schema\\\/logo\\\/image\\\/\"}}]}<\/script>\n<!-- \/ Yoast SEO plugin. -->","yoast_head_json":{"title":"18mm R\u00fcckschlagventil 180\u00b0 Durchgang - MBI Design Modellbau","robots":{"index":"index","follow":"follow","max-snippet":"max-snippet:-1","max-image-preview":"max-image-preview:large","max-video-preview":"max-video-preview:-1"},"canonical":"https:\/\/mbi-design.de\/wp\/produkt\/18mm-rueckschlagventil-180-durchgang\/","og_locale":"de_DE","og_type":"article","og_title":"18mm R\u00fcckschlagventil 180\u00b0 Durchgang - MBI Design Modellbau","og_description":"St\u00fcck","og_url":"https:\/\/mbi-design.de\/wp\/produkt\/18mm-rueckschlagventil-180-durchgang\/","og_site_name":"MBI Design Modellbau","article_modified_time":"2025-12-04T09:50:27+00:00","og_image":[{"width":2155,"height":1946,"url":"https:\/\/mbi-design.de\/wp\/wp-content\/uploads\/2022\/12\/Durchgangs-Rueckschlagventil-JPG.jpg","type":"image\/jpeg"}],"twitter_card":"summary_large_image","twitter_misc":{"Gesch\u00e4tzte Lesezeit":"1\u00a0Minute"},"schema":{"@context":"https:\/\/schema.org","@graph":[{"@type":"WebPage","@id":"https:\/\/mbi-design.de\/wp\/produkt\/18mm-rueckschlagventil-180-durchgang\/","url":"https:\/\/mbi-design.de\/wp\/produkt\/18mm-rueckschlagventil-180-durchgang\/","name":"18mm R\u00fcckschlagventil 180\u00b0 Durchgang - MBI Design Modellbau","isPartOf":{"@id":"https:\/\/mbi-design.de\/wp\/#website"},"primaryImageOfPage":{"@id":"https:\/\/mbi-design.de\/wp\/produkt\/18mm-rueckschlagventil-180-durchgang\/#primaryimage"},"image":{"@id":"https:\/\/mbi-design.de\/wp\/produkt\/18mm-rueckschlagventil-180-durchgang\/#primaryimage"},"thumbnailUrl":"https:\/\/mbi-design.de\/wp\/wp-content\/uploads\/2022\/12\/Durchgangs-Rueckschlagventil-JPG.jpg","datePublished":"2022-12-11T21:48:06+00:00","dateModified":"2025-12-04T09:50:27+00:00","breadcrumb":{"@id":"https:\/\/mbi-design.de\/wp\/produkt\/18mm-rueckschlagventil-180-durchgang\/#breadcrumb"},"inLanguage":"de","potentialAction":[{"@type":"ReadAction","target":["https:\/\/mbi-design.de\/wp\/produkt\/18mm-rueckschlagventil-180-durchgang\/"]}]},{"@type":"ImageObject","inLanguage":"de","@id":"https:\/\/mbi-design.de\/wp\/produkt\/18mm-rueckschlagventil-180-durchgang\/#primaryimage","url":"https:\/\/mbi-design.de\/wp\/wp-content\/uploads\/2022\/12\/Durchgangs-Rueckschlagventil-JPG.jpg","contentUrl":"https:\/\/mbi-design.de\/wp\/wp-content\/uploads\/2022\/12\/Durchgangs-Rueckschlagventil-JPG.jpg","width":2155,"height":1946},{"@type":"BreadcrumbList","@id":"https:\/\/mbi-design.de\/wp\/produkt\/18mm-rueckschlagventil-180-durchgang\/#breadcrumb","itemListElement":[{"@type":"ListItem","position":1,"name":"Startseite","item":"https:\/\/mbi-design.de\/wp\/"},{"@type":"ListItem","position":2,"name":"Shop","item":"https:\/\/mbi-design.de\/wp\/shop\/"},{"@type":"ListItem","position":3,"name":"18mm R\u00fcckschlagventil 180\u00b0 Durchgang"}]},{"@type":"WebSite","@id":"https:\/\/mbi-design.de\/wp\/#website","url":"https:\/\/mbi-design.de\/wp\/","name":"MBI Design Modellbau","description":"Funktionsmodellbau","publisher":{"@id":"https:\/\/mbi-design.de\/wp\/#organization"},"potentialAction":[{"@type":"SearchAction","target":{"@type":"EntryPoint","urlTemplate":"https:\/\/mbi-design.de\/wp\/?s={search_term_string}"},"query-input":{"@type":"PropertyValueSpecification","valueRequired":true,"valueName":"search_term_string"}}],"inLanguage":"de"},{"@type":"Organization","@id":"https:\/\/mbi-design.de\/wp\/#organization","name":"MBI Design Modellbau","url":"https:\/\/mbi-design.de\/wp\/","logo":{"@type":"ImageObject","inLanguage":"de","@id":"https:\/\/mbi-design.de\/wp\/#\/schema\/logo\/image\/","url":"https:\/\/mbi-design.de\/wp\/wp-content\/uploads\/2020\/03\/favicon-1.png","contentUrl":"https:\/\/mbi-design.de\/wp\/wp-content\/uploads\/2020\/03\/favicon-1.png","width":102,"height":102,"caption":"MBI Design Modellbau"},"image":{"@id":"https:\/\/mbi-design.de\/wp\/#\/schema\/logo\/image\/"}}]}},"_links":{"self":[{"href":"https:\/\/mbi-design.de\/wp\/wp-json\/wp\/v2\/product\/3191","targetHints":{"allow":["GET"]}}],"collection":[{"href":"https:\/\/mbi-design.de\/wp\/wp-json\/wp\/v2\/product"}],"about":[{"href":"https:\/\/mbi-design.de\/wp\/wp-json\/wp\/v2\/types\/product"}],"wp:featuredmedia":[{"embeddable":true,"href":"https:\/\/mbi-design.de\/wp\/wp-json\/wp\/v2\/media\/3192"}],"wp:attachment":[{"href":"https:\/\/mbi-design.de\/wp\/wp-json\/wp\/v2\/media?parent=3191"}],"wp:term":[{"taxonomy":"product_brand","embeddable":true,"href":"https:\/\/mbi-design.de\/wp\/wp-json\/wp\/v2\/product_brand?post=3191"},{"taxonomy":"product_cat","embeddable":true,"href":"https:\/\/mbi-design.de\/wp\/wp-json\/wp\/v2\/product_cat?post=3191"},{"taxonomy":"product_tag","embeddable":true,"href":"https:\/\/mbi-design.de\/wp\/wp-json\/wp\/v2\/product_tag?post=3191"}],"curies":[{"name":"wp","href":"https:\/\/api.w.org\/{rel}","templated":true}]}}