{"id":3246,"date":"2023-01-15T17:16:21","date_gmt":"2023-01-15T16:16:21","guid":{"rendered":"https:\/\/mbi-design.de\/wp\/?post_type=product&#038;p=3246"},"modified":"2025-10-28T23:38:31","modified_gmt":"2025-10-28T22:38:31","slug":"13mm-eck-absperrventil-90-5","status":"publish","type":"product","link":"https:\/\/mbi-design.de\/wp\/produkt\/13mm-eck-absperrventil-90-5\/","title":{"rendered":"13mm Eck-Absperrventil"},"content":{"rendered":"<pre>Bausatz eines Eck-Absperrventils, was dem Original nachempfunden wurde. Alle Gussteile werden in der hauseigenen Gie\u00dferei im Feingussverfahren hergestellt. Wir achten bei der Herstellung darauf, wie die weitere Bearbeitung der Bauteile mit einfachen mitteln bewerkstelligt werden kann. Somit haben die meisten Gussteile einen Zapfen, damit man sie besser Spannen kann. Die Flusskan\u00e4le sind bereits im Ventil vorhanden. Es ist m\u00f6glich mittels verschieden gro\u00dfer Handr\u00e4der, ein gr\u00f6\u00dfer oder kleiner aussehen des Ventiles zu erzielen. Standardm\u00e4\u00dfig wird ein 15mm Handrad mit gebogenen Speichen mit geliefert. Die Flansche werden mit einem 6x1mm O-Ring laut Zeichnung abgedichtet, das ist von uns eine Empfehlung und jeder kann selber seine Abdichtung w\u00e4hlen. Der Flansch ist nicht vorgebohrt, das hat den Vorteil das man seine eigenen Flansche mit Lochma\u00df selber W\u00e4hlen kann. Ein Bauplan liegt mit bei. \r\n<span style=\"color: #ff0000;\">\r\nWenn Sie von einer Armatur mehr ben\u00f6tigen, dann schreiben Sie uns an, da es Kombinierbare Bauteile sind und die Verf\u00fcgbarkeit dadurch Stark variiert.<\/span> \r\n\r\nMaterial: Messing\r\nFlanschma\u00df: 13mm f\u00fcr 3 oder 4mm Rohr\r\nGesamth\u00f6he: 36mm\r\nEinbaul\u00e4nge Mitte Fl.: 9mm\r\nHandraddurchmesser: 15 oder 13mm \r\nToleranz: +-0,3mm\r\n\r\n\r\nIm Lieferumfang sind nicht die Schrauben\/Muttern und die Anschlussflansche enthalten!<\/pre>\n","protected":false},"excerpt":{"rendered":"<p>St\u00fcck<\/p>\n","protected":false},"featured_media":3247,"template":"","meta":{"ngg_post_thumbnail":0},"product_brand":[],"product_cat":[52],"product_tag":[],"class_list":{"0":"post-3246","1":"product","2":"type-product","3":"status-publish","4":"has-post-thumbnail","6":"product_cat-absperrventile-bausaetze","9":"first","10":"instock","11":"taxable","12":"shipping-taxable","13":"purchasable","14":"product-type-simple"},"yoast_head":"<!-- This site is optimized with the Yoast SEO plugin v27.3 - https:\/\/yoast.com\/product\/yoast-seo-wordpress\/ -->\n<title>13mm Eck-Absperrventil - MBI Design Modellbau<\/title>\n<meta name=\"robots\" content=\"index, follow, max-snippet:-1, max-image-preview:large, max-video-preview:-1\" \/>\n<link rel=\"canonical\" href=\"https:\/\/mbi-design.de\/wp\/produkt\/13mm-eck-absperrventil-90-5\/\" \/>\n<meta property=\"og:locale\" content=\"de_DE\" \/>\n<meta property=\"og:type\" content=\"article\" \/>\n<meta property=\"og:title\" content=\"13mm Eck-Absperrventil - MBI Design Modellbau\" \/>\n<meta property=\"og:description\" content=\"St\u00fcck\" \/>\n<meta property=\"og:url\" content=\"https:\/\/mbi-design.de\/wp\/produkt\/13mm-eck-absperrventil-90-5\/\" \/>\n<meta property=\"og:site_name\" content=\"MBI Design Modellbau\" \/>\n<meta property=\"article:modified_time\" content=\"2025-10-28T22:38:31+00:00\" \/>\n<meta property=\"og:image\" content=\"https:\/\/mbi-design.de\/wp\/wp-content\/uploads\/2023\/01\/Eckvemtil-2-EV-3-2.jpg\" \/>\n\t<meta property=\"og:image:width\" content=\"530\" \/>\n\t<meta property=\"og:image:height\" content=\"493\" \/>\n\t<meta property=\"og:image:type\" content=\"image\/jpeg\" \/>\n<meta name=\"twitter:card\" content=\"summary_large_image\" \/>\n<meta name=\"twitter:label1\" content=\"Gesch\u00e4tzte Lesezeit\" \/>\n\t<meta name=\"twitter:data1\" content=\"1\u00a0Minute\" \/>\n<script type=\"application\/ld+json\" class=\"yoast-schema-graph\">{\"@context\":\"https:\\\/\\\/schema.org\",\"@graph\":[{\"@type\":\"WebPage\",\"@id\":\"https:\\\/\\\/mbi-design.de\\\/wp\\\/produkt\\\/13mm-eck-absperrventil-90-5\\\/\",\"url\":\"https:\\\/\\\/mbi-design.de\\\/wp\\\/produkt\\\/13mm-eck-absperrventil-90-5\\\/\",\"name\":\"13mm Eck-Absperrventil - MBI Design Modellbau\",\"isPartOf\":{\"@id\":\"https:\\\/\\\/mbi-design.de\\\/wp\\\/#website\"},\"primaryImageOfPage\":{\"@id\":\"https:\\\/\\\/mbi-design.de\\\/wp\\\/produkt\\\/13mm-eck-absperrventil-90-5\\\/#primaryimage\"},\"image\":{\"@id\":\"https:\\\/\\\/mbi-design.de\\\/wp\\\/produkt\\\/13mm-eck-absperrventil-90-5\\\/#primaryimage\"},\"thumbnailUrl\":\"https:\\\/\\\/mbi-design.de\\\/wp\\\/wp-content\\\/uploads\\\/2023\\\/01\\\/Eckvemtil-2-EV-3-2.jpg\",\"datePublished\":\"2023-01-15T16:16:21+00:00\",\"dateModified\":\"2025-10-28T22:38:31+00:00\",\"breadcrumb\":{\"@id\":\"https:\\\/\\\/mbi-design.de\\\/wp\\\/produkt\\\/13mm-eck-absperrventil-90-5\\\/#breadcrumb\"},\"inLanguage\":\"de\",\"potentialAction\":[{\"@type\":\"ReadAction\",\"target\":[\"https:\\\/\\\/mbi-design.de\\\/wp\\\/produkt\\\/13mm-eck-absperrventil-90-5\\\/\"]}]},{\"@type\":\"ImageObject\",\"inLanguage\":\"de\",\"@id\":\"https:\\\/\\\/mbi-design.de\\\/wp\\\/produkt\\\/13mm-eck-absperrventil-90-5\\\/#primaryimage\",\"url\":\"https:\\\/\\\/mbi-design.de\\\/wp\\\/wp-content\\\/uploads\\\/2023\\\/01\\\/Eckvemtil-2-EV-3-2.jpg\",\"contentUrl\":\"https:\\\/\\\/mbi-design.de\\\/wp\\\/wp-content\\\/uploads\\\/2023\\\/01\\\/Eckvemtil-2-EV-3-2.jpg\",\"width\":530,\"height\":493},{\"@type\":\"BreadcrumbList\",\"@id\":\"https:\\\/\\\/mbi-design.de\\\/wp\\\/produkt\\\/13mm-eck-absperrventil-90-5\\\/#breadcrumb\",\"itemListElement\":[{\"@type\":\"ListItem\",\"position\":1,\"name\":\"Startseite\",\"item\":\"https:\\\/\\\/mbi-design.de\\\/wp\\\/\"},{\"@type\":\"ListItem\",\"position\":2,\"name\":\"Shop\",\"item\":\"https:\\\/\\\/mbi-design.de\\\/wp\\\/shop\\\/\"},{\"@type\":\"ListItem\",\"position\":3,\"name\":\"13mm Eck-Absperrventil\"}]},{\"@type\":\"WebSite\",\"@id\":\"https:\\\/\\\/mbi-design.de\\\/wp\\\/#website\",\"url\":\"https:\\\/\\\/mbi-design.de\\\/wp\\\/\",\"name\":\"MBI Design Modellbau\",\"description\":\"Funktionsmodellbau\",\"publisher\":{\"@id\":\"https:\\\/\\\/mbi-design.de\\\/wp\\\/#organization\"},\"potentialAction\":[{\"@type\":\"SearchAction\",\"target\":{\"@type\":\"EntryPoint\",\"urlTemplate\":\"https:\\\/\\\/mbi-design.de\\\/wp\\\/?s={search_term_string}\"},\"query-input\":{\"@type\":\"PropertyValueSpecification\",\"valueRequired\":true,\"valueName\":\"search_term_string\"}}],\"inLanguage\":\"de\"},{\"@type\":\"Organization\",\"@id\":\"https:\\\/\\\/mbi-design.de\\\/wp\\\/#organization\",\"name\":\"MBI Design Modellbau\",\"url\":\"https:\\\/\\\/mbi-design.de\\\/wp\\\/\",\"logo\":{\"@type\":\"ImageObject\",\"inLanguage\":\"de\",\"@id\":\"https:\\\/\\\/mbi-design.de\\\/wp\\\/#\\\/schema\\\/logo\\\/image\\\/\",\"url\":\"https:\\\/\\\/mbi-design.de\\\/wp\\\/wp-content\\\/uploads\\\/2020\\\/03\\\/favicon-1.png\",\"contentUrl\":\"https:\\\/\\\/mbi-design.de\\\/wp\\\/wp-content\\\/uploads\\\/2020\\\/03\\\/favicon-1.png\",\"width\":102,\"height\":102,\"caption\":\"MBI Design Modellbau\"},\"image\":{\"@id\":\"https:\\\/\\\/mbi-design.de\\\/wp\\\/#\\\/schema\\\/logo\\\/image\\\/\"}}]}<\/script>\n<!-- \/ Yoast SEO plugin. -->","yoast_head_json":{"title":"13mm Eck-Absperrventil - MBI Design Modellbau","robots":{"index":"index","follow":"follow","max-snippet":"max-snippet:-1","max-image-preview":"max-image-preview:large","max-video-preview":"max-video-preview:-1"},"canonical":"https:\/\/mbi-design.de\/wp\/produkt\/13mm-eck-absperrventil-90-5\/","og_locale":"de_DE","og_type":"article","og_title":"13mm Eck-Absperrventil - MBI Design Modellbau","og_description":"St\u00fcck","og_url":"https:\/\/mbi-design.de\/wp\/produkt\/13mm-eck-absperrventil-90-5\/","og_site_name":"MBI Design Modellbau","article_modified_time":"2025-10-28T22:38:31+00:00","og_image":[{"width":530,"height":493,"url":"https:\/\/mbi-design.de\/wp\/wp-content\/uploads\/2023\/01\/Eckvemtil-2-EV-3-2.jpg","type":"image\/jpeg"}],"twitter_card":"summary_large_image","twitter_misc":{"Gesch\u00e4tzte Lesezeit":"1\u00a0Minute"},"schema":{"@context":"https:\/\/schema.org","@graph":[{"@type":"WebPage","@id":"https:\/\/mbi-design.de\/wp\/produkt\/13mm-eck-absperrventil-90-5\/","url":"https:\/\/mbi-design.de\/wp\/produkt\/13mm-eck-absperrventil-90-5\/","name":"13mm Eck-Absperrventil - MBI Design Modellbau","isPartOf":{"@id":"https:\/\/mbi-design.de\/wp\/#website"},"primaryImageOfPage":{"@id":"https:\/\/mbi-design.de\/wp\/produkt\/13mm-eck-absperrventil-90-5\/#primaryimage"},"image":{"@id":"https:\/\/mbi-design.de\/wp\/produkt\/13mm-eck-absperrventil-90-5\/#primaryimage"},"thumbnailUrl":"https:\/\/mbi-design.de\/wp\/wp-content\/uploads\/2023\/01\/Eckvemtil-2-EV-3-2.jpg","datePublished":"2023-01-15T16:16:21+00:00","dateModified":"2025-10-28T22:38:31+00:00","breadcrumb":{"@id":"https:\/\/mbi-design.de\/wp\/produkt\/13mm-eck-absperrventil-90-5\/#breadcrumb"},"inLanguage":"de","potentialAction":[{"@type":"ReadAction","target":["https:\/\/mbi-design.de\/wp\/produkt\/13mm-eck-absperrventil-90-5\/"]}]},{"@type":"ImageObject","inLanguage":"de","@id":"https:\/\/mbi-design.de\/wp\/produkt\/13mm-eck-absperrventil-90-5\/#primaryimage","url":"https:\/\/mbi-design.de\/wp\/wp-content\/uploads\/2023\/01\/Eckvemtil-2-EV-3-2.jpg","contentUrl":"https:\/\/mbi-design.de\/wp\/wp-content\/uploads\/2023\/01\/Eckvemtil-2-EV-3-2.jpg","width":530,"height":493},{"@type":"BreadcrumbList","@id":"https:\/\/mbi-design.de\/wp\/produkt\/13mm-eck-absperrventil-90-5\/#breadcrumb","itemListElement":[{"@type":"ListItem","position":1,"name":"Startseite","item":"https:\/\/mbi-design.de\/wp\/"},{"@type":"ListItem","position":2,"name":"Shop","item":"https:\/\/mbi-design.de\/wp\/shop\/"},{"@type":"ListItem","position":3,"name":"13mm Eck-Absperrventil"}]},{"@type":"WebSite","@id":"https:\/\/mbi-design.de\/wp\/#website","url":"https:\/\/mbi-design.de\/wp\/","name":"MBI Design Modellbau","description":"Funktionsmodellbau","publisher":{"@id":"https:\/\/mbi-design.de\/wp\/#organization"},"potentialAction":[{"@type":"SearchAction","target":{"@type":"EntryPoint","urlTemplate":"https:\/\/mbi-design.de\/wp\/?s={search_term_string}"},"query-input":{"@type":"PropertyValueSpecification","valueRequired":true,"valueName":"search_term_string"}}],"inLanguage":"de"},{"@type":"Organization","@id":"https:\/\/mbi-design.de\/wp\/#organization","name":"MBI Design Modellbau","url":"https:\/\/mbi-design.de\/wp\/","logo":{"@type":"ImageObject","inLanguage":"de","@id":"https:\/\/mbi-design.de\/wp\/#\/schema\/logo\/image\/","url":"https:\/\/mbi-design.de\/wp\/wp-content\/uploads\/2020\/03\/favicon-1.png","contentUrl":"https:\/\/mbi-design.de\/wp\/wp-content\/uploads\/2020\/03\/favicon-1.png","width":102,"height":102,"caption":"MBI Design Modellbau"},"image":{"@id":"https:\/\/mbi-design.de\/wp\/#\/schema\/logo\/image\/"}}]}},"_links":{"self":[{"href":"https:\/\/mbi-design.de\/wp\/wp-json\/wp\/v2\/product\/3246","targetHints":{"allow":["GET"]}}],"collection":[{"href":"https:\/\/mbi-design.de\/wp\/wp-json\/wp\/v2\/product"}],"about":[{"href":"https:\/\/mbi-design.de\/wp\/wp-json\/wp\/v2\/types\/product"}],"wp:featuredmedia":[{"embeddable":true,"href":"https:\/\/mbi-design.de\/wp\/wp-json\/wp\/v2\/media\/3247"}],"wp:attachment":[{"href":"https:\/\/mbi-design.de\/wp\/wp-json\/wp\/v2\/media?parent=3246"}],"wp:term":[{"taxonomy":"product_brand","embeddable":true,"href":"https:\/\/mbi-design.de\/wp\/wp-json\/wp\/v2\/product_brand?post=3246"},{"taxonomy":"product_cat","embeddable":true,"href":"https:\/\/mbi-design.de\/wp\/wp-json\/wp\/v2\/product_cat?post=3246"},{"taxonomy":"product_tag","embeddable":true,"href":"https:\/\/mbi-design.de\/wp\/wp-json\/wp\/v2\/product_tag?post=3246"}],"curies":[{"name":"wp","href":"https:\/\/api.w.org\/{rel}","templated":true}]}}