{"id":3256,"date":"2023-01-15T18:05:36","date_gmt":"2023-01-15T17:05:36","guid":{"rendered":"https:\/\/mbi-design.de\/wp\/?post_type=product&#038;p=3256"},"modified":"2024-02-16T11:46:12","modified_gmt":"2024-02-16T10:46:12","slug":"13mm-eck-absperrventil-90-7","status":"publish","type":"product","link":"https:\/\/mbi-design.de\/wp\/produkt\/13mm-eck-absperrventil-90-7\/","title":{"rendered":"13mm Eck-Absperrventil"},"content":{"rendered":"<pre>Bausatz eines Eck-Absperrventils, was dem Original nachempfunden wurde. Alle Gussteile werden in der hauseigenen Gie\u00dferei im Feingussverfahren hergestellt. Wir achten bei der Herstellung darauf, wie die weitere Bearbeitung der Bauteile mit einfachen mitteln bewerkstelligt werden kann. Somit haben die meisten Gussteile einen Zapfen, damit man sie besser Spannen kann. Die Flusskan\u00e4le sind bereits im Ventil vorhanden. Es ist m\u00f6glich mittels verschieden gro\u00dfer Handr\u00e4der, ein gr\u00f6\u00dfer oder kleiner aussehen des Ventiles zu erzielen. Standardm\u00e4\u00dfig wird ein 15mm Handrad mit geliefert. Informieren Sie uns \u00fcber die Wahl zwischen gebogenen oder geraden Speichen, bei nicht Information legen wir einfach eines bei. Ein Bauplan wird mit geliefert. \r\n\r\nUniversal Gussteil\r\nDie Gussanschl\u00fcsse haben ein 8mm Sechskant mit 4mm Bohrung. Somit haben Sie verschiedene Varianten die sie als Anschluss ausf\u00fchren k\u00f6nnen.\r\n\r\n+ L\u00f6ten 4-5mm Rohr innen oder 6mm Au\u00dfen\r\n+ Au\u00dfengewinde M6x0,75 oder M6x0,5\r\n+ Innengewinde M5 oder M5x0,75\/0,5\r\n+ f\u00fcr \u00dcberwurfmutter\/Konus Verschraubung M6x0,75\/05\r\n\r\nMaterial: Messing\r\nFlanschma\u00df: Universal\r\nGesamth\u00f6he: 36mm ohne 4mm Gewinde\r\nEinbaul\u00e4nge Mitte Fl.: 9mm +4mm Gewinde\r\nHandraddurchmesser: 15 oder 13mm \r\nToleranz: +-0,3mm\r\n<span style=\"color: #ff0000;\">\r\nWenn Sie von einer Armatur mehr ben\u00f6tigen, dann schreiben Sie uns an, da es Kombinierbare Bauteile sind und die Verf\u00fcgbarkeit dadurch Stark variiert.<\/span> \r\n\r\nIm Lieferumfang ist nicht die Handradmutter enthalten!<\/pre>\n","protected":false},"excerpt":{"rendered":"<p>St\u00fcck<\/p>\n","protected":false},"featured_media":3257,"template":"","meta":{"ngg_post_thumbnail":0},"product_brand":[],"product_cat":[52],"product_tag":[],"class_list":{"0":"post-3256","1":"product","2":"type-product","3":"status-publish","4":"has-post-thumbnail","6":"product_cat-absperrventile-bausaetze","9":"first","10":"instock","11":"taxable","12":"shipping-taxable","13":"purchasable","14":"product-type-simple"},"yoast_head":"<!-- This site is optimized with the Yoast SEO plugin v27.3 - https:\/\/yoast.com\/product\/yoast-seo-wordpress\/ -->\n<title>13mm Eck-Absperrventil - MBI Design Modellbau<\/title>\n<meta name=\"robots\" content=\"index, follow, max-snippet:-1, max-image-preview:large, max-video-preview:-1\" \/>\n<link rel=\"canonical\" href=\"https:\/\/mbi-design.de\/wp\/produkt\/13mm-eck-absperrventil-90-7\/\" \/>\n<meta property=\"og:locale\" content=\"de_DE\" \/>\n<meta property=\"og:type\" content=\"article\" \/>\n<meta property=\"og:title\" content=\"13mm Eck-Absperrventil - MBI Design Modellbau\" \/>\n<meta property=\"og:description\" content=\"St\u00fcck\" \/>\n<meta property=\"og:url\" content=\"https:\/\/mbi-design.de\/wp\/produkt\/13mm-eck-absperrventil-90-7\/\" \/>\n<meta property=\"og:site_name\" content=\"MBI Design Modellbau\" \/>\n<meta property=\"article:modified_time\" content=\"2024-02-16T10:46:12+00:00\" \/>\n<meta property=\"og:image\" content=\"https:\/\/mbi-design.de\/wp\/wp-content\/uploads\/2023\/01\/Eckvemtil-EV-4-2.jpg\" \/>\n\t<meta property=\"og:image:width\" content=\"521\" \/>\n\t<meta property=\"og:image:height\" content=\"502\" \/>\n\t<meta property=\"og:image:type\" content=\"image\/jpeg\" \/>\n<meta name=\"twitter:card\" content=\"summary_large_image\" \/>\n<meta name=\"twitter:label1\" content=\"Gesch\u00e4tzte Lesezeit\" \/>\n\t<meta name=\"twitter:data1\" content=\"1\u00a0Minute\" \/>\n<script type=\"application\/ld+json\" class=\"yoast-schema-graph\">{\"@context\":\"https:\\\/\\\/schema.org\",\"@graph\":[{\"@type\":\"WebPage\",\"@id\":\"https:\\\/\\\/mbi-design.de\\\/wp\\\/produkt\\\/13mm-eck-absperrventil-90-7\\\/\",\"url\":\"https:\\\/\\\/mbi-design.de\\\/wp\\\/produkt\\\/13mm-eck-absperrventil-90-7\\\/\",\"name\":\"13mm Eck-Absperrventil - MBI Design Modellbau\",\"isPartOf\":{\"@id\":\"https:\\\/\\\/mbi-design.de\\\/wp\\\/#website\"},\"primaryImageOfPage\":{\"@id\":\"https:\\\/\\\/mbi-design.de\\\/wp\\\/produkt\\\/13mm-eck-absperrventil-90-7\\\/#primaryimage\"},\"image\":{\"@id\":\"https:\\\/\\\/mbi-design.de\\\/wp\\\/produkt\\\/13mm-eck-absperrventil-90-7\\\/#primaryimage\"},\"thumbnailUrl\":\"https:\\\/\\\/mbi-design.de\\\/wp\\\/wp-content\\\/uploads\\\/2023\\\/01\\\/Eckvemtil-EV-4-2.jpg\",\"datePublished\":\"2023-01-15T17:05:36+00:00\",\"dateModified\":\"2024-02-16T10:46:12+00:00\",\"breadcrumb\":{\"@id\":\"https:\\\/\\\/mbi-design.de\\\/wp\\\/produkt\\\/13mm-eck-absperrventil-90-7\\\/#breadcrumb\"},\"inLanguage\":\"de\",\"potentialAction\":[{\"@type\":\"ReadAction\",\"target\":[\"https:\\\/\\\/mbi-design.de\\\/wp\\\/produkt\\\/13mm-eck-absperrventil-90-7\\\/\"]}]},{\"@type\":\"ImageObject\",\"inLanguage\":\"de\",\"@id\":\"https:\\\/\\\/mbi-design.de\\\/wp\\\/produkt\\\/13mm-eck-absperrventil-90-7\\\/#primaryimage\",\"url\":\"https:\\\/\\\/mbi-design.de\\\/wp\\\/wp-content\\\/uploads\\\/2023\\\/01\\\/Eckvemtil-EV-4-2.jpg\",\"contentUrl\":\"https:\\\/\\\/mbi-design.de\\\/wp\\\/wp-content\\\/uploads\\\/2023\\\/01\\\/Eckvemtil-EV-4-2.jpg\",\"width\":521,\"height\":502},{\"@type\":\"BreadcrumbList\",\"@id\":\"https:\\\/\\\/mbi-design.de\\\/wp\\\/produkt\\\/13mm-eck-absperrventil-90-7\\\/#breadcrumb\",\"itemListElement\":[{\"@type\":\"ListItem\",\"position\":1,\"name\":\"Startseite\",\"item\":\"https:\\\/\\\/mbi-design.de\\\/wp\\\/\"},{\"@type\":\"ListItem\",\"position\":2,\"name\":\"Shop\",\"item\":\"https:\\\/\\\/mbi-design.de\\\/wp\\\/shop\\\/\"},{\"@type\":\"ListItem\",\"position\":3,\"name\":\"13mm Eck-Absperrventil\"}]},{\"@type\":\"WebSite\",\"@id\":\"https:\\\/\\\/mbi-design.de\\\/wp\\\/#website\",\"url\":\"https:\\\/\\\/mbi-design.de\\\/wp\\\/\",\"name\":\"MBI Design Modellbau\",\"description\":\"Funktionsmodellbau\",\"publisher\":{\"@id\":\"https:\\\/\\\/mbi-design.de\\\/wp\\\/#organization\"},\"potentialAction\":[{\"@type\":\"SearchAction\",\"target\":{\"@type\":\"EntryPoint\",\"urlTemplate\":\"https:\\\/\\\/mbi-design.de\\\/wp\\\/?s={search_term_string}\"},\"query-input\":{\"@type\":\"PropertyValueSpecification\",\"valueRequired\":true,\"valueName\":\"search_term_string\"}}],\"inLanguage\":\"de\"},{\"@type\":\"Organization\",\"@id\":\"https:\\\/\\\/mbi-design.de\\\/wp\\\/#organization\",\"name\":\"MBI Design Modellbau\",\"url\":\"https:\\\/\\\/mbi-design.de\\\/wp\\\/\",\"logo\":{\"@type\":\"ImageObject\",\"inLanguage\":\"de\",\"@id\":\"https:\\\/\\\/mbi-design.de\\\/wp\\\/#\\\/schema\\\/logo\\\/image\\\/\",\"url\":\"https:\\\/\\\/mbi-design.de\\\/wp\\\/wp-content\\\/uploads\\\/2020\\\/03\\\/favicon-1.png\",\"contentUrl\":\"https:\\\/\\\/mbi-design.de\\\/wp\\\/wp-content\\\/uploads\\\/2020\\\/03\\\/favicon-1.png\",\"width\":102,\"height\":102,\"caption\":\"MBI Design Modellbau\"},\"image\":{\"@id\":\"https:\\\/\\\/mbi-design.de\\\/wp\\\/#\\\/schema\\\/logo\\\/image\\\/\"}}]}<\/script>\n<!-- \/ Yoast SEO plugin. -->","yoast_head_json":{"title":"13mm Eck-Absperrventil - MBI Design Modellbau","robots":{"index":"index","follow":"follow","max-snippet":"max-snippet:-1","max-image-preview":"max-image-preview:large","max-video-preview":"max-video-preview:-1"},"canonical":"https:\/\/mbi-design.de\/wp\/produkt\/13mm-eck-absperrventil-90-7\/","og_locale":"de_DE","og_type":"article","og_title":"13mm Eck-Absperrventil - MBI Design Modellbau","og_description":"St\u00fcck","og_url":"https:\/\/mbi-design.de\/wp\/produkt\/13mm-eck-absperrventil-90-7\/","og_site_name":"MBI Design Modellbau","article_modified_time":"2024-02-16T10:46:12+00:00","og_image":[{"width":521,"height":502,"url":"https:\/\/mbi-design.de\/wp\/wp-content\/uploads\/2023\/01\/Eckvemtil-EV-4-2.jpg","type":"image\/jpeg"}],"twitter_card":"summary_large_image","twitter_misc":{"Gesch\u00e4tzte Lesezeit":"1\u00a0Minute"},"schema":{"@context":"https:\/\/schema.org","@graph":[{"@type":"WebPage","@id":"https:\/\/mbi-design.de\/wp\/produkt\/13mm-eck-absperrventil-90-7\/","url":"https:\/\/mbi-design.de\/wp\/produkt\/13mm-eck-absperrventil-90-7\/","name":"13mm Eck-Absperrventil - MBI Design Modellbau","isPartOf":{"@id":"https:\/\/mbi-design.de\/wp\/#website"},"primaryImageOfPage":{"@id":"https:\/\/mbi-design.de\/wp\/produkt\/13mm-eck-absperrventil-90-7\/#primaryimage"},"image":{"@id":"https:\/\/mbi-design.de\/wp\/produkt\/13mm-eck-absperrventil-90-7\/#primaryimage"},"thumbnailUrl":"https:\/\/mbi-design.de\/wp\/wp-content\/uploads\/2023\/01\/Eckvemtil-EV-4-2.jpg","datePublished":"2023-01-15T17:05:36+00:00","dateModified":"2024-02-16T10:46:12+00:00","breadcrumb":{"@id":"https:\/\/mbi-design.de\/wp\/produkt\/13mm-eck-absperrventil-90-7\/#breadcrumb"},"inLanguage":"de","potentialAction":[{"@type":"ReadAction","target":["https:\/\/mbi-design.de\/wp\/produkt\/13mm-eck-absperrventil-90-7\/"]}]},{"@type":"ImageObject","inLanguage":"de","@id":"https:\/\/mbi-design.de\/wp\/produkt\/13mm-eck-absperrventil-90-7\/#primaryimage","url":"https:\/\/mbi-design.de\/wp\/wp-content\/uploads\/2023\/01\/Eckvemtil-EV-4-2.jpg","contentUrl":"https:\/\/mbi-design.de\/wp\/wp-content\/uploads\/2023\/01\/Eckvemtil-EV-4-2.jpg","width":521,"height":502},{"@type":"BreadcrumbList","@id":"https:\/\/mbi-design.de\/wp\/produkt\/13mm-eck-absperrventil-90-7\/#breadcrumb","itemListElement":[{"@type":"ListItem","position":1,"name":"Startseite","item":"https:\/\/mbi-design.de\/wp\/"},{"@type":"ListItem","position":2,"name":"Shop","item":"https:\/\/mbi-design.de\/wp\/shop\/"},{"@type":"ListItem","position":3,"name":"13mm Eck-Absperrventil"}]},{"@type":"WebSite","@id":"https:\/\/mbi-design.de\/wp\/#website","url":"https:\/\/mbi-design.de\/wp\/","name":"MBI Design Modellbau","description":"Funktionsmodellbau","publisher":{"@id":"https:\/\/mbi-design.de\/wp\/#organization"},"potentialAction":[{"@type":"SearchAction","target":{"@type":"EntryPoint","urlTemplate":"https:\/\/mbi-design.de\/wp\/?s={search_term_string}"},"query-input":{"@type":"PropertyValueSpecification","valueRequired":true,"valueName":"search_term_string"}}],"inLanguage":"de"},{"@type":"Organization","@id":"https:\/\/mbi-design.de\/wp\/#organization","name":"MBI Design Modellbau","url":"https:\/\/mbi-design.de\/wp\/","logo":{"@type":"ImageObject","inLanguage":"de","@id":"https:\/\/mbi-design.de\/wp\/#\/schema\/logo\/image\/","url":"https:\/\/mbi-design.de\/wp\/wp-content\/uploads\/2020\/03\/favicon-1.png","contentUrl":"https:\/\/mbi-design.de\/wp\/wp-content\/uploads\/2020\/03\/favicon-1.png","width":102,"height":102,"caption":"MBI Design Modellbau"},"image":{"@id":"https:\/\/mbi-design.de\/wp\/#\/schema\/logo\/image\/"}}]}},"_links":{"self":[{"href":"https:\/\/mbi-design.de\/wp\/wp-json\/wp\/v2\/product\/3256","targetHints":{"allow":["GET"]}}],"collection":[{"href":"https:\/\/mbi-design.de\/wp\/wp-json\/wp\/v2\/product"}],"about":[{"href":"https:\/\/mbi-design.de\/wp\/wp-json\/wp\/v2\/types\/product"}],"wp:featuredmedia":[{"embeddable":true,"href":"https:\/\/mbi-design.de\/wp\/wp-json\/wp\/v2\/media\/3257"}],"wp:attachment":[{"href":"https:\/\/mbi-design.de\/wp\/wp-json\/wp\/v2\/media?parent=3256"}],"wp:term":[{"taxonomy":"product_brand","embeddable":true,"href":"https:\/\/mbi-design.de\/wp\/wp-json\/wp\/v2\/product_brand?post=3256"},{"taxonomy":"product_cat","embeddable":true,"href":"https:\/\/mbi-design.de\/wp\/wp-json\/wp\/v2\/product_cat?post=3256"},{"taxonomy":"product_tag","embeddable":true,"href":"https:\/\/mbi-design.de\/wp\/wp-json\/wp\/v2\/product_tag?post=3256"}],"curies":[{"name":"wp","href":"https:\/\/api.w.org\/{rel}","templated":true}]}}