{"id":3634,"date":"2023-02-26T21:27:43","date_gmt":"2023-02-26T20:27:43","guid":{"rendered":"https:\/\/mbi-design.de\/wp\/?post_type=product&#038;p=3634"},"modified":"2023-02-27T23:58:29","modified_gmt":"2023-02-27T22:58:29","slug":"praezisions-bohrfutter-1-13mm-mtb3","status":"publish","type":"product","link":"https:\/\/mbi-design.de\/wp\/produkt\/praezisions-bohrfutter-1-13mm-mtb3\/","title":{"rendered":"Pr\u00e4zisions Bohrfutter 1-13mm MTB3"},"content":{"rendered":"<p>Pr\u00e4zisions Schnellspannbohrfutter, kurze Ausf\u00fchrung mit&nbsp; MTB3 (MK3) Aufnahme und einen Spannbereich von 1 bis 13mm. Speziell geh\u00e4rteten Spannbacken mit einer H\u00e4rte von HRC 55\u00b0.&nbsp; Rundlaufgenauigkeit von 0,8\u00b5 und Spanngenauigkeit von 0,05mm. Mit Anzugsgewinde im MK Konus M12, wird meistens bei Fr\u00e4smaschinen benutzt. Bei Drehmaschinen ist darauf zu achten das eine Madenschraube eingedreht ist, damit die Spindel beim Ausdr\u00fccken keinen Schaden nimmt. Mit dieser Ausf\u00fchrung&nbsp; l\u00e4sst sich auch die Reitstockpinole weiter zur\u00fcck drehen bevor der Konus ausgedr\u00fcckt wird. Besser bei kleinen Drehb\u00e4nken.<\/p>\n<p>&nbsp;<\/p>\n","protected":false},"excerpt":{"rendered":"<p>St\u00fcck<\/p>\n","protected":false},"featured_media":3633,"template":"","meta":{"ngg_post_thumbnail":0},"product_brand":[],"product_cat":[67,89],"product_tag":[],"class_list":{"0":"post-3634","1":"product","2":"type-product","3":"status-publish","4":"has-post-thumbnail","6":"product_cat-bohrer","7":"product_cat-bohrfutter","10":"first","11":"instock","12":"taxable","13":"shipping-taxable","14":"purchasable","15":"product-type-simple"},"yoast_head":"<!-- This site is optimized with the Yoast SEO plugin v27.3 - https:\/\/yoast.com\/product\/yoast-seo-wordpress\/ -->\n<title>Pr\u00e4zisions Bohrfutter 1-13mm MTB3 - MBI Design Modellbau<\/title>\n<meta name=\"robots\" content=\"index, follow, max-snippet:-1, max-image-preview:large, max-video-preview:-1\" \/>\n<link rel=\"canonical\" href=\"https:\/\/mbi-design.de\/wp\/produkt\/praezisions-bohrfutter-1-13mm-mtb3\/\" \/>\n<meta property=\"og:locale\" content=\"de_DE\" \/>\n<meta property=\"og:type\" content=\"article\" \/>\n<meta property=\"og:title\" content=\"Pr\u00e4zisions Bohrfutter 1-13mm MTB3 - MBI Design Modellbau\" \/>\n<meta property=\"og:description\" content=\"St\u00fcck\" \/>\n<meta property=\"og:url\" content=\"https:\/\/mbi-design.de\/wp\/produkt\/praezisions-bohrfutter-1-13mm-mtb3\/\" \/>\n<meta property=\"og:site_name\" content=\"MBI Design Modellbau\" \/>\n<meta property=\"article:modified_time\" content=\"2023-02-27T22:58:29+00:00\" \/>\n<meta property=\"og:image\" content=\"https:\/\/mbi-design.de\/wp\/wp-content\/uploads\/2023\/02\/Praezisionsbohrfutter.jpg\" \/>\n\t<meta property=\"og:image:width\" content=\"2122\" \/>\n\t<meta property=\"og:image:height\" content=\"1976\" \/>\n\t<meta property=\"og:image:type\" content=\"image\/jpeg\" \/>\n<meta name=\"twitter:card\" content=\"summary_large_image\" \/>\n<script type=\"application\/ld+json\" class=\"yoast-schema-graph\">{\"@context\":\"https:\\\/\\\/schema.org\",\"@graph\":[{\"@type\":\"WebPage\",\"@id\":\"https:\\\/\\\/mbi-design.de\\\/wp\\\/produkt\\\/praezisions-bohrfutter-1-13mm-mtb3\\\/\",\"url\":\"https:\\\/\\\/mbi-design.de\\\/wp\\\/produkt\\\/praezisions-bohrfutter-1-13mm-mtb3\\\/\",\"name\":\"Pr\u00e4zisions Bohrfutter 1-13mm MTB3 - MBI Design Modellbau\",\"isPartOf\":{\"@id\":\"https:\\\/\\\/mbi-design.de\\\/wp\\\/#website\"},\"primaryImageOfPage\":{\"@id\":\"https:\\\/\\\/mbi-design.de\\\/wp\\\/produkt\\\/praezisions-bohrfutter-1-13mm-mtb3\\\/#primaryimage\"},\"image\":{\"@id\":\"https:\\\/\\\/mbi-design.de\\\/wp\\\/produkt\\\/praezisions-bohrfutter-1-13mm-mtb3\\\/#primaryimage\"},\"thumbnailUrl\":\"https:\\\/\\\/mbi-design.de\\\/wp\\\/wp-content\\\/uploads\\\/2023\\\/02\\\/Praezisionsbohrfutter.jpg\",\"datePublished\":\"2023-02-26T20:27:43+00:00\",\"dateModified\":\"2023-02-27T22:58:29+00:00\",\"breadcrumb\":{\"@id\":\"https:\\\/\\\/mbi-design.de\\\/wp\\\/produkt\\\/praezisions-bohrfutter-1-13mm-mtb3\\\/#breadcrumb\"},\"inLanguage\":\"de\",\"potentialAction\":[{\"@type\":\"ReadAction\",\"target\":[\"https:\\\/\\\/mbi-design.de\\\/wp\\\/produkt\\\/praezisions-bohrfutter-1-13mm-mtb3\\\/\"]}]},{\"@type\":\"ImageObject\",\"inLanguage\":\"de\",\"@id\":\"https:\\\/\\\/mbi-design.de\\\/wp\\\/produkt\\\/praezisions-bohrfutter-1-13mm-mtb3\\\/#primaryimage\",\"url\":\"https:\\\/\\\/mbi-design.de\\\/wp\\\/wp-content\\\/uploads\\\/2023\\\/02\\\/Praezisionsbohrfutter.jpg\",\"contentUrl\":\"https:\\\/\\\/mbi-design.de\\\/wp\\\/wp-content\\\/uploads\\\/2023\\\/02\\\/Praezisionsbohrfutter.jpg\",\"width\":2122,\"height\":1976},{\"@type\":\"BreadcrumbList\",\"@id\":\"https:\\\/\\\/mbi-design.de\\\/wp\\\/produkt\\\/praezisions-bohrfutter-1-13mm-mtb3\\\/#breadcrumb\",\"itemListElement\":[{\"@type\":\"ListItem\",\"position\":1,\"name\":\"Startseite\",\"item\":\"https:\\\/\\\/mbi-design.de\\\/wp\\\/\"},{\"@type\":\"ListItem\",\"position\":2,\"name\":\"Shop\",\"item\":\"https:\\\/\\\/mbi-design.de\\\/wp\\\/shop\\\/\"},{\"@type\":\"ListItem\",\"position\":3,\"name\":\"Pr\u00e4zisions Bohrfutter 1-13mm MTB3\"}]},{\"@type\":\"WebSite\",\"@id\":\"https:\\\/\\\/mbi-design.de\\\/wp\\\/#website\",\"url\":\"https:\\\/\\\/mbi-design.de\\\/wp\\\/\",\"name\":\"MBI Design Modellbau\",\"description\":\"Funktionsmodellbau\",\"publisher\":{\"@id\":\"https:\\\/\\\/mbi-design.de\\\/wp\\\/#organization\"},\"potentialAction\":[{\"@type\":\"SearchAction\",\"target\":{\"@type\":\"EntryPoint\",\"urlTemplate\":\"https:\\\/\\\/mbi-design.de\\\/wp\\\/?s={search_term_string}\"},\"query-input\":{\"@type\":\"PropertyValueSpecification\",\"valueRequired\":true,\"valueName\":\"search_term_string\"}}],\"inLanguage\":\"de\"},{\"@type\":\"Organization\",\"@id\":\"https:\\\/\\\/mbi-design.de\\\/wp\\\/#organization\",\"name\":\"MBI Design Modellbau\",\"url\":\"https:\\\/\\\/mbi-design.de\\\/wp\\\/\",\"logo\":{\"@type\":\"ImageObject\",\"inLanguage\":\"de\",\"@id\":\"https:\\\/\\\/mbi-design.de\\\/wp\\\/#\\\/schema\\\/logo\\\/image\\\/\",\"url\":\"https:\\\/\\\/mbi-design.de\\\/wp\\\/wp-content\\\/uploads\\\/2020\\\/03\\\/favicon-1.png\",\"contentUrl\":\"https:\\\/\\\/mbi-design.de\\\/wp\\\/wp-content\\\/uploads\\\/2020\\\/03\\\/favicon-1.png\",\"width\":102,\"height\":102,\"caption\":\"MBI Design Modellbau\"},\"image\":{\"@id\":\"https:\\\/\\\/mbi-design.de\\\/wp\\\/#\\\/schema\\\/logo\\\/image\\\/\"}}]}<\/script>\n<!-- \/ Yoast SEO plugin. -->","yoast_head_json":{"title":"Pr\u00e4zisions Bohrfutter 1-13mm MTB3 - MBI Design Modellbau","robots":{"index":"index","follow":"follow","max-snippet":"max-snippet:-1","max-image-preview":"max-image-preview:large","max-video-preview":"max-video-preview:-1"},"canonical":"https:\/\/mbi-design.de\/wp\/produkt\/praezisions-bohrfutter-1-13mm-mtb3\/","og_locale":"de_DE","og_type":"article","og_title":"Pr\u00e4zisions Bohrfutter 1-13mm MTB3 - MBI Design Modellbau","og_description":"St\u00fcck","og_url":"https:\/\/mbi-design.de\/wp\/produkt\/praezisions-bohrfutter-1-13mm-mtb3\/","og_site_name":"MBI Design Modellbau","article_modified_time":"2023-02-27T22:58:29+00:00","og_image":[{"width":2122,"height":1976,"url":"https:\/\/mbi-design.de\/wp\/wp-content\/uploads\/2023\/02\/Praezisionsbohrfutter.jpg","type":"image\/jpeg"}],"twitter_card":"summary_large_image","schema":{"@context":"https:\/\/schema.org","@graph":[{"@type":"WebPage","@id":"https:\/\/mbi-design.de\/wp\/produkt\/praezisions-bohrfutter-1-13mm-mtb3\/","url":"https:\/\/mbi-design.de\/wp\/produkt\/praezisions-bohrfutter-1-13mm-mtb3\/","name":"Pr\u00e4zisions Bohrfutter 1-13mm MTB3 - MBI Design Modellbau","isPartOf":{"@id":"https:\/\/mbi-design.de\/wp\/#website"},"primaryImageOfPage":{"@id":"https:\/\/mbi-design.de\/wp\/produkt\/praezisions-bohrfutter-1-13mm-mtb3\/#primaryimage"},"image":{"@id":"https:\/\/mbi-design.de\/wp\/produkt\/praezisions-bohrfutter-1-13mm-mtb3\/#primaryimage"},"thumbnailUrl":"https:\/\/mbi-design.de\/wp\/wp-content\/uploads\/2023\/02\/Praezisionsbohrfutter.jpg","datePublished":"2023-02-26T20:27:43+00:00","dateModified":"2023-02-27T22:58:29+00:00","breadcrumb":{"@id":"https:\/\/mbi-design.de\/wp\/produkt\/praezisions-bohrfutter-1-13mm-mtb3\/#breadcrumb"},"inLanguage":"de","potentialAction":[{"@type":"ReadAction","target":["https:\/\/mbi-design.de\/wp\/produkt\/praezisions-bohrfutter-1-13mm-mtb3\/"]}]},{"@type":"ImageObject","inLanguage":"de","@id":"https:\/\/mbi-design.de\/wp\/produkt\/praezisions-bohrfutter-1-13mm-mtb3\/#primaryimage","url":"https:\/\/mbi-design.de\/wp\/wp-content\/uploads\/2023\/02\/Praezisionsbohrfutter.jpg","contentUrl":"https:\/\/mbi-design.de\/wp\/wp-content\/uploads\/2023\/02\/Praezisionsbohrfutter.jpg","width":2122,"height":1976},{"@type":"BreadcrumbList","@id":"https:\/\/mbi-design.de\/wp\/produkt\/praezisions-bohrfutter-1-13mm-mtb3\/#breadcrumb","itemListElement":[{"@type":"ListItem","position":1,"name":"Startseite","item":"https:\/\/mbi-design.de\/wp\/"},{"@type":"ListItem","position":2,"name":"Shop","item":"https:\/\/mbi-design.de\/wp\/shop\/"},{"@type":"ListItem","position":3,"name":"Pr\u00e4zisions Bohrfutter 1-13mm MTB3"}]},{"@type":"WebSite","@id":"https:\/\/mbi-design.de\/wp\/#website","url":"https:\/\/mbi-design.de\/wp\/","name":"MBI Design Modellbau","description":"Funktionsmodellbau","publisher":{"@id":"https:\/\/mbi-design.de\/wp\/#organization"},"potentialAction":[{"@type":"SearchAction","target":{"@type":"EntryPoint","urlTemplate":"https:\/\/mbi-design.de\/wp\/?s={search_term_string}"},"query-input":{"@type":"PropertyValueSpecification","valueRequired":true,"valueName":"search_term_string"}}],"inLanguage":"de"},{"@type":"Organization","@id":"https:\/\/mbi-design.de\/wp\/#organization","name":"MBI Design Modellbau","url":"https:\/\/mbi-design.de\/wp\/","logo":{"@type":"ImageObject","inLanguage":"de","@id":"https:\/\/mbi-design.de\/wp\/#\/schema\/logo\/image\/","url":"https:\/\/mbi-design.de\/wp\/wp-content\/uploads\/2020\/03\/favicon-1.png","contentUrl":"https:\/\/mbi-design.de\/wp\/wp-content\/uploads\/2020\/03\/favicon-1.png","width":102,"height":102,"caption":"MBI Design Modellbau"},"image":{"@id":"https:\/\/mbi-design.de\/wp\/#\/schema\/logo\/image\/"}}]}},"_links":{"self":[{"href":"https:\/\/mbi-design.de\/wp\/wp-json\/wp\/v2\/product\/3634","targetHints":{"allow":["GET"]}}],"collection":[{"href":"https:\/\/mbi-design.de\/wp\/wp-json\/wp\/v2\/product"}],"about":[{"href":"https:\/\/mbi-design.de\/wp\/wp-json\/wp\/v2\/types\/product"}],"wp:featuredmedia":[{"embeddable":true,"href":"https:\/\/mbi-design.de\/wp\/wp-json\/wp\/v2\/media\/3633"}],"wp:attachment":[{"href":"https:\/\/mbi-design.de\/wp\/wp-json\/wp\/v2\/media?parent=3634"}],"wp:term":[{"taxonomy":"product_brand","embeddable":true,"href":"https:\/\/mbi-design.de\/wp\/wp-json\/wp\/v2\/product_brand?post=3634"},{"taxonomy":"product_cat","embeddable":true,"href":"https:\/\/mbi-design.de\/wp\/wp-json\/wp\/v2\/product_cat?post=3634"},{"taxonomy":"product_tag","embeddable":true,"href":"https:\/\/mbi-design.de\/wp\/wp-json\/wp\/v2\/product_tag?post=3634"}],"curies":[{"name":"wp","href":"https:\/\/api.w.org\/{rel}","templated":true}]}}