{"id":3714,"date":"2023-03-04T13:56:41","date_gmt":"2023-03-04T12:56:41","guid":{"rendered":"https:\/\/mbi-design.de\/wp\/?post_type=product&#038;p=3714"},"modified":"2023-03-04T14:02:10","modified_gmt":"2023-03-04T13:02:10","slug":"bohrer-45mm-hss-co","status":"publish","type":"product","link":"https:\/\/mbi-design.de\/wp\/produkt\/bohrer-45mm-hss-co\/","title":{"rendered":"Bohrer 4,5mm HSS-Co"},"content":{"rendered":"<p>Diese Bohrer sind geschliffen und zeichnen sich durch ihre Rundlauf Genauigkeit aus. Die Standzeiten sind deutlich h\u00f6her als normale HSS Bohrer durch die Cobalt Legierung von 5-10%. Wir arbeiten mit den selben Bohrern in unserer Fertigung und sind von der guten Qualit\u00e4t \u00fcberzeugt, das wir sie weiter empfehlen k\u00f6nnen.<\/p>\n<p>Verwendung:&nbsp; M5x0,5 Feingewinde (Kl 4,5mm)<\/p>\n<p>Bohrer Gr\u00f6\u00dfe:&nbsp; 4,5mm<\/p>\n<p>Spirall\u00e4nge:&nbsp; 40mm<\/p>\n<p>Gesamtl\u00e4nge des Bohrers:&nbsp; 80mm&nbsp;<\/p>\n","protected":false},"excerpt":{"rendered":"<p>St\u00fcck<\/p>\n","protected":false},"featured_media":3678,"template":"","meta":{"ngg_post_thumbnail":0},"product_brand":[],"product_cat":[67,56],"product_tag":[],"class_list":{"0":"post-3714","1":"product","2":"type-product","3":"status-publish","4":"has-post-thumbnail","6":"product_cat-bohrer","7":"product_cat-werkstattbedarf","10":"first","11":"instock","12":"taxable","13":"shipping-taxable","14":"purchasable","15":"product-type-simple"},"yoast_head":"<!-- This site is optimized with the Yoast SEO plugin v27.3 - https:\/\/yoast.com\/product\/yoast-seo-wordpress\/ -->\n<title>Bohrer 4,5mm HSS-Co - MBI Design Modellbau<\/title>\n<meta name=\"robots\" content=\"index, follow, max-snippet:-1, max-image-preview:large, max-video-preview:-1\" \/>\n<link rel=\"canonical\" href=\"https:\/\/mbi-design.de\/wp\/produkt\/bohrer-45mm-hss-co\/\" \/>\n<meta property=\"og:locale\" content=\"de_DE\" \/>\n<meta property=\"og:type\" content=\"article\" \/>\n<meta property=\"og:title\" content=\"Bohrer 4,5mm HSS-Co - MBI Design Modellbau\" \/>\n<meta property=\"og:description\" content=\"St\u00fcck\" \/>\n<meta property=\"og:url\" content=\"https:\/\/mbi-design.de\/wp\/produkt\/bohrer-45mm-hss-co\/\" \/>\n<meta property=\"og:site_name\" content=\"MBI Design Modellbau\" \/>\n<meta property=\"article:modified_time\" content=\"2023-03-04T13:02:10+00:00\" \/>\n<meta property=\"og:image\" content=\"https:\/\/mbi-design.de\/wp\/wp-content\/uploads\/2023\/03\/Bohrer-HSS-Co-5.jpg\" \/>\n\t<meta property=\"og:image:width\" content=\"2204\" \/>\n\t<meta property=\"og:image:height\" content=\"1902\" \/>\n\t<meta property=\"og:image:type\" content=\"image\/jpeg\" \/>\n<meta name=\"twitter:card\" content=\"summary_large_image\" \/>\n<script type=\"application\/ld+json\" class=\"yoast-schema-graph\">{\"@context\":\"https:\\\/\\\/schema.org\",\"@graph\":[{\"@type\":\"WebPage\",\"@id\":\"https:\\\/\\\/mbi-design.de\\\/wp\\\/produkt\\\/bohrer-45mm-hss-co\\\/\",\"url\":\"https:\\\/\\\/mbi-design.de\\\/wp\\\/produkt\\\/bohrer-45mm-hss-co\\\/\",\"name\":\"Bohrer 4,5mm HSS-Co - MBI Design Modellbau\",\"isPartOf\":{\"@id\":\"https:\\\/\\\/mbi-design.de\\\/wp\\\/#website\"},\"primaryImageOfPage\":{\"@id\":\"https:\\\/\\\/mbi-design.de\\\/wp\\\/produkt\\\/bohrer-45mm-hss-co\\\/#primaryimage\"},\"image\":{\"@id\":\"https:\\\/\\\/mbi-design.de\\\/wp\\\/produkt\\\/bohrer-45mm-hss-co\\\/#primaryimage\"},\"thumbnailUrl\":\"https:\\\/\\\/mbi-design.de\\\/wp\\\/wp-content\\\/uploads\\\/2023\\\/03\\\/Bohrer-HSS-Co-5.jpg\",\"datePublished\":\"2023-03-04T12:56:41+00:00\",\"dateModified\":\"2023-03-04T13:02:10+00:00\",\"breadcrumb\":{\"@id\":\"https:\\\/\\\/mbi-design.de\\\/wp\\\/produkt\\\/bohrer-45mm-hss-co\\\/#breadcrumb\"},\"inLanguage\":\"de\",\"potentialAction\":[{\"@type\":\"ReadAction\",\"target\":[\"https:\\\/\\\/mbi-design.de\\\/wp\\\/produkt\\\/bohrer-45mm-hss-co\\\/\"]}]},{\"@type\":\"ImageObject\",\"inLanguage\":\"de\",\"@id\":\"https:\\\/\\\/mbi-design.de\\\/wp\\\/produkt\\\/bohrer-45mm-hss-co\\\/#primaryimage\",\"url\":\"https:\\\/\\\/mbi-design.de\\\/wp\\\/wp-content\\\/uploads\\\/2023\\\/03\\\/Bohrer-HSS-Co-5.jpg\",\"contentUrl\":\"https:\\\/\\\/mbi-design.de\\\/wp\\\/wp-content\\\/uploads\\\/2023\\\/03\\\/Bohrer-HSS-Co-5.jpg\",\"width\":2204,\"height\":1902},{\"@type\":\"BreadcrumbList\",\"@id\":\"https:\\\/\\\/mbi-design.de\\\/wp\\\/produkt\\\/bohrer-45mm-hss-co\\\/#breadcrumb\",\"itemListElement\":[{\"@type\":\"ListItem\",\"position\":1,\"name\":\"Startseite\",\"item\":\"https:\\\/\\\/mbi-design.de\\\/wp\\\/\"},{\"@type\":\"ListItem\",\"position\":2,\"name\":\"Shop\",\"item\":\"https:\\\/\\\/mbi-design.de\\\/wp\\\/shop\\\/\"},{\"@type\":\"ListItem\",\"position\":3,\"name\":\"Bohrer 4,5mm HSS-Co\"}]},{\"@type\":\"WebSite\",\"@id\":\"https:\\\/\\\/mbi-design.de\\\/wp\\\/#website\",\"url\":\"https:\\\/\\\/mbi-design.de\\\/wp\\\/\",\"name\":\"MBI Design Modellbau\",\"description\":\"Funktionsmodellbau\",\"publisher\":{\"@id\":\"https:\\\/\\\/mbi-design.de\\\/wp\\\/#organization\"},\"potentialAction\":[{\"@type\":\"SearchAction\",\"target\":{\"@type\":\"EntryPoint\",\"urlTemplate\":\"https:\\\/\\\/mbi-design.de\\\/wp\\\/?s={search_term_string}\"},\"query-input\":{\"@type\":\"PropertyValueSpecification\",\"valueRequired\":true,\"valueName\":\"search_term_string\"}}],\"inLanguage\":\"de\"},{\"@type\":\"Organization\",\"@id\":\"https:\\\/\\\/mbi-design.de\\\/wp\\\/#organization\",\"name\":\"MBI Design Modellbau\",\"url\":\"https:\\\/\\\/mbi-design.de\\\/wp\\\/\",\"logo\":{\"@type\":\"ImageObject\",\"inLanguage\":\"de\",\"@id\":\"https:\\\/\\\/mbi-design.de\\\/wp\\\/#\\\/schema\\\/logo\\\/image\\\/\",\"url\":\"https:\\\/\\\/mbi-design.de\\\/wp\\\/wp-content\\\/uploads\\\/2020\\\/03\\\/favicon-1.png\",\"contentUrl\":\"https:\\\/\\\/mbi-design.de\\\/wp\\\/wp-content\\\/uploads\\\/2020\\\/03\\\/favicon-1.png\",\"width\":102,\"height\":102,\"caption\":\"MBI Design Modellbau\"},\"image\":{\"@id\":\"https:\\\/\\\/mbi-design.de\\\/wp\\\/#\\\/schema\\\/logo\\\/image\\\/\"}}]}<\/script>\n<!-- \/ Yoast SEO plugin. -->","yoast_head_json":{"title":"Bohrer 4,5mm HSS-Co - MBI Design Modellbau","robots":{"index":"index","follow":"follow","max-snippet":"max-snippet:-1","max-image-preview":"max-image-preview:large","max-video-preview":"max-video-preview:-1"},"canonical":"https:\/\/mbi-design.de\/wp\/produkt\/bohrer-45mm-hss-co\/","og_locale":"de_DE","og_type":"article","og_title":"Bohrer 4,5mm HSS-Co - MBI Design Modellbau","og_description":"St\u00fcck","og_url":"https:\/\/mbi-design.de\/wp\/produkt\/bohrer-45mm-hss-co\/","og_site_name":"MBI Design Modellbau","article_modified_time":"2023-03-04T13:02:10+00:00","og_image":[{"width":2204,"height":1902,"url":"https:\/\/mbi-design.de\/wp\/wp-content\/uploads\/2023\/03\/Bohrer-HSS-Co-5.jpg","type":"image\/jpeg"}],"twitter_card":"summary_large_image","schema":{"@context":"https:\/\/schema.org","@graph":[{"@type":"WebPage","@id":"https:\/\/mbi-design.de\/wp\/produkt\/bohrer-45mm-hss-co\/","url":"https:\/\/mbi-design.de\/wp\/produkt\/bohrer-45mm-hss-co\/","name":"Bohrer 4,5mm HSS-Co - MBI Design Modellbau","isPartOf":{"@id":"https:\/\/mbi-design.de\/wp\/#website"},"primaryImageOfPage":{"@id":"https:\/\/mbi-design.de\/wp\/produkt\/bohrer-45mm-hss-co\/#primaryimage"},"image":{"@id":"https:\/\/mbi-design.de\/wp\/produkt\/bohrer-45mm-hss-co\/#primaryimage"},"thumbnailUrl":"https:\/\/mbi-design.de\/wp\/wp-content\/uploads\/2023\/03\/Bohrer-HSS-Co-5.jpg","datePublished":"2023-03-04T12:56:41+00:00","dateModified":"2023-03-04T13:02:10+00:00","breadcrumb":{"@id":"https:\/\/mbi-design.de\/wp\/produkt\/bohrer-45mm-hss-co\/#breadcrumb"},"inLanguage":"de","potentialAction":[{"@type":"ReadAction","target":["https:\/\/mbi-design.de\/wp\/produkt\/bohrer-45mm-hss-co\/"]}]},{"@type":"ImageObject","inLanguage":"de","@id":"https:\/\/mbi-design.de\/wp\/produkt\/bohrer-45mm-hss-co\/#primaryimage","url":"https:\/\/mbi-design.de\/wp\/wp-content\/uploads\/2023\/03\/Bohrer-HSS-Co-5.jpg","contentUrl":"https:\/\/mbi-design.de\/wp\/wp-content\/uploads\/2023\/03\/Bohrer-HSS-Co-5.jpg","width":2204,"height":1902},{"@type":"BreadcrumbList","@id":"https:\/\/mbi-design.de\/wp\/produkt\/bohrer-45mm-hss-co\/#breadcrumb","itemListElement":[{"@type":"ListItem","position":1,"name":"Startseite","item":"https:\/\/mbi-design.de\/wp\/"},{"@type":"ListItem","position":2,"name":"Shop","item":"https:\/\/mbi-design.de\/wp\/shop\/"},{"@type":"ListItem","position":3,"name":"Bohrer 4,5mm HSS-Co"}]},{"@type":"WebSite","@id":"https:\/\/mbi-design.de\/wp\/#website","url":"https:\/\/mbi-design.de\/wp\/","name":"MBI Design Modellbau","description":"Funktionsmodellbau","publisher":{"@id":"https:\/\/mbi-design.de\/wp\/#organization"},"potentialAction":[{"@type":"SearchAction","target":{"@type":"EntryPoint","urlTemplate":"https:\/\/mbi-design.de\/wp\/?s={search_term_string}"},"query-input":{"@type":"PropertyValueSpecification","valueRequired":true,"valueName":"search_term_string"}}],"inLanguage":"de"},{"@type":"Organization","@id":"https:\/\/mbi-design.de\/wp\/#organization","name":"MBI Design Modellbau","url":"https:\/\/mbi-design.de\/wp\/","logo":{"@type":"ImageObject","inLanguage":"de","@id":"https:\/\/mbi-design.de\/wp\/#\/schema\/logo\/image\/","url":"https:\/\/mbi-design.de\/wp\/wp-content\/uploads\/2020\/03\/favicon-1.png","contentUrl":"https:\/\/mbi-design.de\/wp\/wp-content\/uploads\/2020\/03\/favicon-1.png","width":102,"height":102,"caption":"MBI Design Modellbau"},"image":{"@id":"https:\/\/mbi-design.de\/wp\/#\/schema\/logo\/image\/"}}]}},"_links":{"self":[{"href":"https:\/\/mbi-design.de\/wp\/wp-json\/wp\/v2\/product\/3714","targetHints":{"allow":["GET"]}}],"collection":[{"href":"https:\/\/mbi-design.de\/wp\/wp-json\/wp\/v2\/product"}],"about":[{"href":"https:\/\/mbi-design.de\/wp\/wp-json\/wp\/v2\/types\/product"}],"wp:featuredmedia":[{"embeddable":true,"href":"https:\/\/mbi-design.de\/wp\/wp-json\/wp\/v2\/media\/3678"}],"wp:attachment":[{"href":"https:\/\/mbi-design.de\/wp\/wp-json\/wp\/v2\/media?parent=3714"}],"wp:term":[{"taxonomy":"product_brand","embeddable":true,"href":"https:\/\/mbi-design.de\/wp\/wp-json\/wp\/v2\/product_brand?post=3714"},{"taxonomy":"product_cat","embeddable":true,"href":"https:\/\/mbi-design.de\/wp\/wp-json\/wp\/v2\/product_cat?post=3714"},{"taxonomy":"product_tag","embeddable":true,"href":"https:\/\/mbi-design.de\/wp\/wp-json\/wp\/v2\/product_tag?post=3714"}],"curies":[{"name":"wp","href":"https:\/\/api.w.org\/{rel}","templated":true}]}}