{"id":4081,"date":"2024-09-29T20:53:16","date_gmt":"2024-09-29T18:53:16","guid":{"rendered":"https:\/\/mbi-design.de\/wp\/?post_type=product&#038;p=4081"},"modified":"2025-02-09T16:15:14","modified_gmt":"2025-02-09T15:15:14","slug":"gelaenderstuetze-113-2","status":"publish","type":"product","link":"https:\/\/mbi-design.de\/wp\/produkt\/gelaenderstuetze-113-2\/","title":{"rendered":"Gel\u00e4nderst\u00fctze 1:13"},"content":{"rendered":"<pre>Die Gel\u00e4nderst\u00fctzen sind aus Messing und im Feingussverfahren hergestellt. Die Ma\u00dfe wurden vom originalen St\u00fctzen \u00fcbernommen und aufwendig in 3D gezeichnet. Die St\u00fctzen k\u00f6nnen mit ein Innengewinde versehen werden.\r\n\r\nH\u00f6he der St\u00fctze: 89mm\r\nH\u00f6he Handlauf: 73mm\r\nH\u00f6he Knielauf: 40mm\r\nGel\u00e4nderdurchmesser: max.2,5mm\r\nFu\u00dfdurchmesser: 10mm<\/pre>\n","protected":false},"excerpt":{"rendered":"<p>St\u00fcck<\/p>\n","protected":false},"featured_media":4082,"template":"","meta":{"ngg_post_thumbnail":0},"product_brand":[],"product_cat":[94],"product_tag":[],"class_list":{"0":"post-4081","1":"product","2":"type-product","3":"status-publish","4":"has-post-thumbnail","6":"product_cat-gelaenderstuetzen","9":"first","10":"instock","11":"taxable","12":"shipping-taxable","13":"purchasable","14":"product-type-simple"},"yoast_head":"<!-- This site is optimized with the Yoast SEO plugin v27.3 - https:\/\/yoast.com\/product\/yoast-seo-wordpress\/ -->\n<title>Gel\u00e4nderst\u00fctze 1:13 - MBI Design Modellbau<\/title>\n<meta name=\"robots\" content=\"index, follow, max-snippet:-1, max-image-preview:large, max-video-preview:-1\" \/>\n<link rel=\"canonical\" href=\"https:\/\/mbi-design.de\/wp\/produkt\/gelaenderstuetze-113-2\/\" \/>\n<meta property=\"og:locale\" content=\"de_DE\" \/>\n<meta property=\"og:type\" content=\"article\" \/>\n<meta property=\"og:title\" content=\"Gel\u00e4nderst\u00fctze 1:13 - MBI Design Modellbau\" \/>\n<meta property=\"og:description\" content=\"St\u00fcck\" \/>\n<meta property=\"og:url\" content=\"https:\/\/mbi-design.de\/wp\/produkt\/gelaenderstuetze-113-2\/\" \/>\n<meta property=\"og:site_name\" content=\"MBI Design Modellbau\" \/>\n<meta property=\"article:modified_time\" content=\"2025-02-09T15:15:14+00:00\" \/>\n<meta property=\"og:image\" content=\"https:\/\/mbi-design.de\/wp\/wp-content\/uploads\/2024\/09\/Gelaenderstuetze.jpg\" \/>\n\t<meta property=\"og:image:width\" content=\"1037\" \/>\n\t<meta property=\"og:image:height\" content=\"1383\" \/>\n\t<meta property=\"og:image:type\" content=\"image\/jpeg\" \/>\n<meta name=\"twitter:card\" content=\"summary_large_image\" \/>\n<meta name=\"twitter:label1\" content=\"Gesch\u00e4tzte Lesezeit\" \/>\n\t<meta name=\"twitter:data1\" content=\"1\u00a0Minute\" \/>\n<script type=\"application\/ld+json\" class=\"yoast-schema-graph\">{\"@context\":\"https:\\\/\\\/schema.org\",\"@graph\":[{\"@type\":\"WebPage\",\"@id\":\"https:\\\/\\\/mbi-design.de\\\/wp\\\/produkt\\\/gelaenderstuetze-113-2\\\/\",\"url\":\"https:\\\/\\\/mbi-design.de\\\/wp\\\/produkt\\\/gelaenderstuetze-113-2\\\/\",\"name\":\"Gel\u00e4nderst\u00fctze 1:13 - MBI Design Modellbau\",\"isPartOf\":{\"@id\":\"https:\\\/\\\/mbi-design.de\\\/wp\\\/#website\"},\"primaryImageOfPage\":{\"@id\":\"https:\\\/\\\/mbi-design.de\\\/wp\\\/produkt\\\/gelaenderstuetze-113-2\\\/#primaryimage\"},\"image\":{\"@id\":\"https:\\\/\\\/mbi-design.de\\\/wp\\\/produkt\\\/gelaenderstuetze-113-2\\\/#primaryimage\"},\"thumbnailUrl\":\"https:\\\/\\\/mbi-design.de\\\/wp\\\/wp-content\\\/uploads\\\/2024\\\/09\\\/Gelaenderstuetze.jpg\",\"datePublished\":\"2024-09-29T18:53:16+00:00\",\"dateModified\":\"2025-02-09T15:15:14+00:00\",\"breadcrumb\":{\"@id\":\"https:\\\/\\\/mbi-design.de\\\/wp\\\/produkt\\\/gelaenderstuetze-113-2\\\/#breadcrumb\"},\"inLanguage\":\"de\",\"potentialAction\":[{\"@type\":\"ReadAction\",\"target\":[\"https:\\\/\\\/mbi-design.de\\\/wp\\\/produkt\\\/gelaenderstuetze-113-2\\\/\"]}]},{\"@type\":\"ImageObject\",\"inLanguage\":\"de\",\"@id\":\"https:\\\/\\\/mbi-design.de\\\/wp\\\/produkt\\\/gelaenderstuetze-113-2\\\/#primaryimage\",\"url\":\"https:\\\/\\\/mbi-design.de\\\/wp\\\/wp-content\\\/uploads\\\/2024\\\/09\\\/Gelaenderstuetze.jpg\",\"contentUrl\":\"https:\\\/\\\/mbi-design.de\\\/wp\\\/wp-content\\\/uploads\\\/2024\\\/09\\\/Gelaenderstuetze.jpg\",\"width\":1037,\"height\":1383},{\"@type\":\"BreadcrumbList\",\"@id\":\"https:\\\/\\\/mbi-design.de\\\/wp\\\/produkt\\\/gelaenderstuetze-113-2\\\/#breadcrumb\",\"itemListElement\":[{\"@type\":\"ListItem\",\"position\":1,\"name\":\"Startseite\",\"item\":\"https:\\\/\\\/mbi-design.de\\\/wp\\\/\"},{\"@type\":\"ListItem\",\"position\":2,\"name\":\"Shop\",\"item\":\"https:\\\/\\\/mbi-design.de\\\/wp\\\/shop\\\/\"},{\"@type\":\"ListItem\",\"position\":3,\"name\":\"Gel\u00e4nderst\u00fctze 1:13\"}]},{\"@type\":\"WebSite\",\"@id\":\"https:\\\/\\\/mbi-design.de\\\/wp\\\/#website\",\"url\":\"https:\\\/\\\/mbi-design.de\\\/wp\\\/\",\"name\":\"MBI Design Modellbau\",\"description\":\"Funktionsmodellbau\",\"publisher\":{\"@id\":\"https:\\\/\\\/mbi-design.de\\\/wp\\\/#organization\"},\"potentialAction\":[{\"@type\":\"SearchAction\",\"target\":{\"@type\":\"EntryPoint\",\"urlTemplate\":\"https:\\\/\\\/mbi-design.de\\\/wp\\\/?s={search_term_string}\"},\"query-input\":{\"@type\":\"PropertyValueSpecification\",\"valueRequired\":true,\"valueName\":\"search_term_string\"}}],\"inLanguage\":\"de\"},{\"@type\":\"Organization\",\"@id\":\"https:\\\/\\\/mbi-design.de\\\/wp\\\/#organization\",\"name\":\"MBI Design Modellbau\",\"url\":\"https:\\\/\\\/mbi-design.de\\\/wp\\\/\",\"logo\":{\"@type\":\"ImageObject\",\"inLanguage\":\"de\",\"@id\":\"https:\\\/\\\/mbi-design.de\\\/wp\\\/#\\\/schema\\\/logo\\\/image\\\/\",\"url\":\"https:\\\/\\\/mbi-design.de\\\/wp\\\/wp-content\\\/uploads\\\/2020\\\/03\\\/favicon-1.png\",\"contentUrl\":\"https:\\\/\\\/mbi-design.de\\\/wp\\\/wp-content\\\/uploads\\\/2020\\\/03\\\/favicon-1.png\",\"width\":102,\"height\":102,\"caption\":\"MBI Design Modellbau\"},\"image\":{\"@id\":\"https:\\\/\\\/mbi-design.de\\\/wp\\\/#\\\/schema\\\/logo\\\/image\\\/\"}}]}<\/script>\n<!-- \/ Yoast SEO plugin. -->","yoast_head_json":{"title":"Gel\u00e4nderst\u00fctze 1:13 - MBI Design Modellbau","robots":{"index":"index","follow":"follow","max-snippet":"max-snippet:-1","max-image-preview":"max-image-preview:large","max-video-preview":"max-video-preview:-1"},"canonical":"https:\/\/mbi-design.de\/wp\/produkt\/gelaenderstuetze-113-2\/","og_locale":"de_DE","og_type":"article","og_title":"Gel\u00e4nderst\u00fctze 1:13 - MBI Design Modellbau","og_description":"St\u00fcck","og_url":"https:\/\/mbi-design.de\/wp\/produkt\/gelaenderstuetze-113-2\/","og_site_name":"MBI Design Modellbau","article_modified_time":"2025-02-09T15:15:14+00:00","og_image":[{"width":1037,"height":1383,"url":"https:\/\/mbi-design.de\/wp\/wp-content\/uploads\/2024\/09\/Gelaenderstuetze.jpg","type":"image\/jpeg"}],"twitter_card":"summary_large_image","twitter_misc":{"Gesch\u00e4tzte Lesezeit":"1\u00a0Minute"},"schema":{"@context":"https:\/\/schema.org","@graph":[{"@type":"WebPage","@id":"https:\/\/mbi-design.de\/wp\/produkt\/gelaenderstuetze-113-2\/","url":"https:\/\/mbi-design.de\/wp\/produkt\/gelaenderstuetze-113-2\/","name":"Gel\u00e4nderst\u00fctze 1:13 - MBI Design Modellbau","isPartOf":{"@id":"https:\/\/mbi-design.de\/wp\/#website"},"primaryImageOfPage":{"@id":"https:\/\/mbi-design.de\/wp\/produkt\/gelaenderstuetze-113-2\/#primaryimage"},"image":{"@id":"https:\/\/mbi-design.de\/wp\/produkt\/gelaenderstuetze-113-2\/#primaryimage"},"thumbnailUrl":"https:\/\/mbi-design.de\/wp\/wp-content\/uploads\/2024\/09\/Gelaenderstuetze.jpg","datePublished":"2024-09-29T18:53:16+00:00","dateModified":"2025-02-09T15:15:14+00:00","breadcrumb":{"@id":"https:\/\/mbi-design.de\/wp\/produkt\/gelaenderstuetze-113-2\/#breadcrumb"},"inLanguage":"de","potentialAction":[{"@type":"ReadAction","target":["https:\/\/mbi-design.de\/wp\/produkt\/gelaenderstuetze-113-2\/"]}]},{"@type":"ImageObject","inLanguage":"de","@id":"https:\/\/mbi-design.de\/wp\/produkt\/gelaenderstuetze-113-2\/#primaryimage","url":"https:\/\/mbi-design.de\/wp\/wp-content\/uploads\/2024\/09\/Gelaenderstuetze.jpg","contentUrl":"https:\/\/mbi-design.de\/wp\/wp-content\/uploads\/2024\/09\/Gelaenderstuetze.jpg","width":1037,"height":1383},{"@type":"BreadcrumbList","@id":"https:\/\/mbi-design.de\/wp\/produkt\/gelaenderstuetze-113-2\/#breadcrumb","itemListElement":[{"@type":"ListItem","position":1,"name":"Startseite","item":"https:\/\/mbi-design.de\/wp\/"},{"@type":"ListItem","position":2,"name":"Shop","item":"https:\/\/mbi-design.de\/wp\/shop\/"},{"@type":"ListItem","position":3,"name":"Gel\u00e4nderst\u00fctze 1:13"}]},{"@type":"WebSite","@id":"https:\/\/mbi-design.de\/wp\/#website","url":"https:\/\/mbi-design.de\/wp\/","name":"MBI Design Modellbau","description":"Funktionsmodellbau","publisher":{"@id":"https:\/\/mbi-design.de\/wp\/#organization"},"potentialAction":[{"@type":"SearchAction","target":{"@type":"EntryPoint","urlTemplate":"https:\/\/mbi-design.de\/wp\/?s={search_term_string}"},"query-input":{"@type":"PropertyValueSpecification","valueRequired":true,"valueName":"search_term_string"}}],"inLanguage":"de"},{"@type":"Organization","@id":"https:\/\/mbi-design.de\/wp\/#organization","name":"MBI Design Modellbau","url":"https:\/\/mbi-design.de\/wp\/","logo":{"@type":"ImageObject","inLanguage":"de","@id":"https:\/\/mbi-design.de\/wp\/#\/schema\/logo\/image\/","url":"https:\/\/mbi-design.de\/wp\/wp-content\/uploads\/2020\/03\/favicon-1.png","contentUrl":"https:\/\/mbi-design.de\/wp\/wp-content\/uploads\/2020\/03\/favicon-1.png","width":102,"height":102,"caption":"MBI Design Modellbau"},"image":{"@id":"https:\/\/mbi-design.de\/wp\/#\/schema\/logo\/image\/"}}]}},"_links":{"self":[{"href":"https:\/\/mbi-design.de\/wp\/wp-json\/wp\/v2\/product\/4081","targetHints":{"allow":["GET"]}}],"collection":[{"href":"https:\/\/mbi-design.de\/wp\/wp-json\/wp\/v2\/product"}],"about":[{"href":"https:\/\/mbi-design.de\/wp\/wp-json\/wp\/v2\/types\/product"}],"wp:featuredmedia":[{"embeddable":true,"href":"https:\/\/mbi-design.de\/wp\/wp-json\/wp\/v2\/media\/4082"}],"wp:attachment":[{"href":"https:\/\/mbi-design.de\/wp\/wp-json\/wp\/v2\/media?parent=4081"}],"wp:term":[{"taxonomy":"product_brand","embeddable":true,"href":"https:\/\/mbi-design.de\/wp\/wp-json\/wp\/v2\/product_brand?post=4081"},{"taxonomy":"product_cat","embeddable":true,"href":"https:\/\/mbi-design.de\/wp\/wp-json\/wp\/v2\/product_cat?post=4081"},{"taxonomy":"product_tag","embeddable":true,"href":"https:\/\/mbi-design.de\/wp\/wp-json\/wp\/v2\/product_tag?post=4081"}],"curies":[{"name":"wp","href":"https:\/\/api.w.org\/{rel}","templated":true}]}}