{"id":4189,"date":"2025-01-10T01:55:38","date_gmt":"2025-01-10T00:55:38","guid":{"rendered":"https:\/\/mbi-design.de\/wp\/?post_type=product&#038;p=4189"},"modified":"2026-01-29T16:08:19","modified_gmt":"2026-01-29T15:08:19","slug":"dampfpfeife-zweiteiliger-bausatz-2","status":"publish","type":"product","link":"https:\/\/mbi-design.de\/wp\/produkt\/dampfpfeife-zweiteiliger-bausatz-2\/","title":{"rendered":"Dampfpfeife zweiteiliger Bausatz Big"},"content":{"rendered":"<pre>Bausatz einer zweiteiligen Dampfpfeife, dem Original nachempfunden. Die Pfeife ist aus Messing und im Feingussverfahren hergestellt. Die meisten Gussteile haben zur besseren Bearbeitung einen Ansatz zum Spannen. Es kann die Pfeife vom Ventil abgenommen werden, um eine andere Montage als das Ausl\u00f6seventil zu haben. Es k\u00f6nnen die Anschl\u00fcsse nach Ihren w\u00fcnschen angepasst werden. Der Hebel zum Ausl\u00f6sen kann senkrecht und waagerecht bet\u00e4tigt werden. Die Lautst\u00e4rke ist einstellbar. Eine Zeichnung liegt mit bei.<\/pre>\n<p>Anschlussgewinde: alles bis M10x0,75<\/p>\n<p>L\u00e4nge \u00fcber alles: 150mm<\/p>\n<p>Breite: 18mm<\/p>\n<p>Mindestdruck: 1,5 Bar<\/p>\n<p>Schl\u00fcsselweite: 11mm und 10mm<\/p>\n","protected":false},"excerpt":{"rendered":"<p>St\u00fcck<\/p>\n","protected":false},"featured_media":4186,"template":"","meta":{"ngg_post_thumbnail":0},"product_brand":[],"product_cat":[52,98],"product_tag":[97,96,109,95,108],"class_list":{"0":"post-4189","1":"product","2":"type-product","3":"status-publish","4":"has-post-thumbnail","6":"product_cat-absperrventile-bausaetze","7":"product_cat-dampfpfeifen","8":"product_tag-dampfkessel","9":"product_tag-dampfmaschine","10":"product_tag-dampfpfeife","11":"product_tag-pfeife","12":"product_tag-signalhorn","15":"first","16":"instock","17":"taxable","18":"shipping-taxable","19":"purchasable","20":"product-type-simple"},"yoast_head":"<!-- This site is optimized with the Yoast SEO plugin v27.3 - https:\/\/yoast.com\/product\/yoast-seo-wordpress\/ -->\n<title>Dampfpfeife zweiteiliger Bausatz Big - MBI Design Modellbau<\/title>\n<meta name=\"description\" content=\"Originaler Nachbau einer Dampfpfeife in Messing. Ein muss f\u00fcr jeden Dampf Modellbauer der sein Dampfmodell ein Eyecatcher verpassen m\u00f6chte.\" \/>\n<meta name=\"robots\" content=\"index, follow, max-snippet:-1, max-image-preview:large, max-video-preview:-1\" \/>\n<link rel=\"canonical\" href=\"https:\/\/mbi-design.de\/wp\/produkt\/dampfpfeife-zweiteiliger-bausatz-2\/\" \/>\n<meta property=\"og:locale\" content=\"de_DE\" \/>\n<meta property=\"og:type\" content=\"article\" \/>\n<meta property=\"og:title\" content=\"Dampfpfeife zweiteiliger Bausatz Big - MBI Design Modellbau\" \/>\n<meta property=\"og:description\" content=\"Originaler Nachbau einer Dampfpfeife in Messing. Ein muss f\u00fcr jeden Dampf Modellbauer der sein Dampfmodell ein Eyecatcher verpassen m\u00f6chte.\" \/>\n<meta property=\"og:url\" content=\"https:\/\/mbi-design.de\/wp\/produkt\/dampfpfeife-zweiteiliger-bausatz-2\/\" \/>\n<meta property=\"og:site_name\" content=\"MBI Design Modellbau\" \/>\n<meta property=\"article:modified_time\" content=\"2026-01-29T15:08:19+00:00\" \/>\n<meta property=\"og:image\" content=\"https:\/\/mbi-design.de\/wp\/wp-content\/uploads\/2025\/01\/Pfeife-zweiteilig.jpg\" \/>\n\t<meta property=\"og:image:width\" content=\"1555\" \/>\n\t<meta property=\"og:image:height\" content=\"1166\" \/>\n\t<meta property=\"og:image:type\" content=\"image\/jpeg\" \/>\n<meta name=\"twitter:card\" content=\"summary_large_image\" \/>\n<meta name=\"twitter:label1\" content=\"Gesch\u00e4tzte Lesezeit\" \/>\n\t<meta name=\"twitter:data1\" content=\"1\u00a0Minute\" \/>\n<script type=\"application\/ld+json\" class=\"yoast-schema-graph\">{\"@context\":\"https:\\\/\\\/schema.org\",\"@graph\":[{\"@type\":\"WebPage\",\"@id\":\"https:\\\/\\\/mbi-design.de\\\/wp\\\/produkt\\\/dampfpfeife-zweiteiliger-bausatz-2\\\/\",\"url\":\"https:\\\/\\\/mbi-design.de\\\/wp\\\/produkt\\\/dampfpfeife-zweiteiliger-bausatz-2\\\/\",\"name\":\"Dampfpfeife zweiteiliger Bausatz Big - MBI Design Modellbau\",\"isPartOf\":{\"@id\":\"https:\\\/\\\/mbi-design.de\\\/wp\\\/#website\"},\"primaryImageOfPage\":{\"@id\":\"https:\\\/\\\/mbi-design.de\\\/wp\\\/produkt\\\/dampfpfeife-zweiteiliger-bausatz-2\\\/#primaryimage\"},\"image\":{\"@id\":\"https:\\\/\\\/mbi-design.de\\\/wp\\\/produkt\\\/dampfpfeife-zweiteiliger-bausatz-2\\\/#primaryimage\"},\"thumbnailUrl\":\"https:\\\/\\\/mbi-design.de\\\/wp\\\/wp-content\\\/uploads\\\/2025\\\/01\\\/Pfeife-zweiteilig.jpg\",\"datePublished\":\"2025-01-10T00:55:38+00:00\",\"dateModified\":\"2026-01-29T15:08:19+00:00\",\"description\":\"Originaler Nachbau einer Dampfpfeife in Messing. Ein muss f\u00fcr jeden Dampf Modellbauer der sein Dampfmodell ein Eyecatcher verpassen m\u00f6chte.\",\"breadcrumb\":{\"@id\":\"https:\\\/\\\/mbi-design.de\\\/wp\\\/produkt\\\/dampfpfeife-zweiteiliger-bausatz-2\\\/#breadcrumb\"},\"inLanguage\":\"de\",\"potentialAction\":[{\"@type\":\"ReadAction\",\"target\":[\"https:\\\/\\\/mbi-design.de\\\/wp\\\/produkt\\\/dampfpfeife-zweiteiliger-bausatz-2\\\/\"]}]},{\"@type\":\"ImageObject\",\"inLanguage\":\"de\",\"@id\":\"https:\\\/\\\/mbi-design.de\\\/wp\\\/produkt\\\/dampfpfeife-zweiteiliger-bausatz-2\\\/#primaryimage\",\"url\":\"https:\\\/\\\/mbi-design.de\\\/wp\\\/wp-content\\\/uploads\\\/2025\\\/01\\\/Pfeife-zweiteilig.jpg\",\"contentUrl\":\"https:\\\/\\\/mbi-design.de\\\/wp\\\/wp-content\\\/uploads\\\/2025\\\/01\\\/Pfeife-zweiteilig.jpg\",\"width\":1555,\"height\":1166},{\"@type\":\"BreadcrumbList\",\"@id\":\"https:\\\/\\\/mbi-design.de\\\/wp\\\/produkt\\\/dampfpfeife-zweiteiliger-bausatz-2\\\/#breadcrumb\",\"itemListElement\":[{\"@type\":\"ListItem\",\"position\":1,\"name\":\"Startseite\",\"item\":\"https:\\\/\\\/mbi-design.de\\\/wp\\\/\"},{\"@type\":\"ListItem\",\"position\":2,\"name\":\"Shop\",\"item\":\"https:\\\/\\\/mbi-design.de\\\/wp\\\/shop\\\/\"},{\"@type\":\"ListItem\",\"position\":3,\"name\":\"Dampfpfeife zweiteiliger Bausatz Big\"}]},{\"@type\":\"WebSite\",\"@id\":\"https:\\\/\\\/mbi-design.de\\\/wp\\\/#website\",\"url\":\"https:\\\/\\\/mbi-design.de\\\/wp\\\/\",\"name\":\"MBI Design Modellbau\",\"description\":\"Funktionsmodellbau\",\"publisher\":{\"@id\":\"https:\\\/\\\/mbi-design.de\\\/wp\\\/#organization\"},\"potentialAction\":[{\"@type\":\"SearchAction\",\"target\":{\"@type\":\"EntryPoint\",\"urlTemplate\":\"https:\\\/\\\/mbi-design.de\\\/wp\\\/?s={search_term_string}\"},\"query-input\":{\"@type\":\"PropertyValueSpecification\",\"valueRequired\":true,\"valueName\":\"search_term_string\"}}],\"inLanguage\":\"de\"},{\"@type\":\"Organization\",\"@id\":\"https:\\\/\\\/mbi-design.de\\\/wp\\\/#organization\",\"name\":\"MBI Design Modellbau\",\"url\":\"https:\\\/\\\/mbi-design.de\\\/wp\\\/\",\"logo\":{\"@type\":\"ImageObject\",\"inLanguage\":\"de\",\"@id\":\"https:\\\/\\\/mbi-design.de\\\/wp\\\/#\\\/schema\\\/logo\\\/image\\\/\",\"url\":\"https:\\\/\\\/mbi-design.de\\\/wp\\\/wp-content\\\/uploads\\\/2020\\\/03\\\/favicon-1.png\",\"contentUrl\":\"https:\\\/\\\/mbi-design.de\\\/wp\\\/wp-content\\\/uploads\\\/2020\\\/03\\\/favicon-1.png\",\"width\":102,\"height\":102,\"caption\":\"MBI Design Modellbau\"},\"image\":{\"@id\":\"https:\\\/\\\/mbi-design.de\\\/wp\\\/#\\\/schema\\\/logo\\\/image\\\/\"}}]}<\/script>\n<!-- \/ Yoast SEO plugin. -->","yoast_head_json":{"title":"Dampfpfeife zweiteiliger Bausatz Big - MBI Design Modellbau","description":"Originaler Nachbau einer Dampfpfeife in Messing. Ein muss f\u00fcr jeden Dampf Modellbauer der sein Dampfmodell ein Eyecatcher verpassen m\u00f6chte.","robots":{"index":"index","follow":"follow","max-snippet":"max-snippet:-1","max-image-preview":"max-image-preview:large","max-video-preview":"max-video-preview:-1"},"canonical":"https:\/\/mbi-design.de\/wp\/produkt\/dampfpfeife-zweiteiliger-bausatz-2\/","og_locale":"de_DE","og_type":"article","og_title":"Dampfpfeife zweiteiliger Bausatz Big - MBI Design Modellbau","og_description":"Originaler Nachbau einer Dampfpfeife in Messing. Ein muss f\u00fcr jeden Dampf Modellbauer der sein Dampfmodell ein Eyecatcher verpassen m\u00f6chte.","og_url":"https:\/\/mbi-design.de\/wp\/produkt\/dampfpfeife-zweiteiliger-bausatz-2\/","og_site_name":"MBI Design Modellbau","article_modified_time":"2026-01-29T15:08:19+00:00","og_image":[{"width":1555,"height":1166,"url":"https:\/\/mbi-design.de\/wp\/wp-content\/uploads\/2025\/01\/Pfeife-zweiteilig.jpg","type":"image\/jpeg"}],"twitter_card":"summary_large_image","twitter_misc":{"Gesch\u00e4tzte Lesezeit":"1\u00a0Minute"},"schema":{"@context":"https:\/\/schema.org","@graph":[{"@type":"WebPage","@id":"https:\/\/mbi-design.de\/wp\/produkt\/dampfpfeife-zweiteiliger-bausatz-2\/","url":"https:\/\/mbi-design.de\/wp\/produkt\/dampfpfeife-zweiteiliger-bausatz-2\/","name":"Dampfpfeife zweiteiliger Bausatz Big - MBI Design Modellbau","isPartOf":{"@id":"https:\/\/mbi-design.de\/wp\/#website"},"primaryImageOfPage":{"@id":"https:\/\/mbi-design.de\/wp\/produkt\/dampfpfeife-zweiteiliger-bausatz-2\/#primaryimage"},"image":{"@id":"https:\/\/mbi-design.de\/wp\/produkt\/dampfpfeife-zweiteiliger-bausatz-2\/#primaryimage"},"thumbnailUrl":"https:\/\/mbi-design.de\/wp\/wp-content\/uploads\/2025\/01\/Pfeife-zweiteilig.jpg","datePublished":"2025-01-10T00:55:38+00:00","dateModified":"2026-01-29T15:08:19+00:00","description":"Originaler Nachbau einer Dampfpfeife in Messing. Ein muss f\u00fcr jeden Dampf Modellbauer der sein Dampfmodell ein Eyecatcher verpassen m\u00f6chte.","breadcrumb":{"@id":"https:\/\/mbi-design.de\/wp\/produkt\/dampfpfeife-zweiteiliger-bausatz-2\/#breadcrumb"},"inLanguage":"de","potentialAction":[{"@type":"ReadAction","target":["https:\/\/mbi-design.de\/wp\/produkt\/dampfpfeife-zweiteiliger-bausatz-2\/"]}]},{"@type":"ImageObject","inLanguage":"de","@id":"https:\/\/mbi-design.de\/wp\/produkt\/dampfpfeife-zweiteiliger-bausatz-2\/#primaryimage","url":"https:\/\/mbi-design.de\/wp\/wp-content\/uploads\/2025\/01\/Pfeife-zweiteilig.jpg","contentUrl":"https:\/\/mbi-design.de\/wp\/wp-content\/uploads\/2025\/01\/Pfeife-zweiteilig.jpg","width":1555,"height":1166},{"@type":"BreadcrumbList","@id":"https:\/\/mbi-design.de\/wp\/produkt\/dampfpfeife-zweiteiliger-bausatz-2\/#breadcrumb","itemListElement":[{"@type":"ListItem","position":1,"name":"Startseite","item":"https:\/\/mbi-design.de\/wp\/"},{"@type":"ListItem","position":2,"name":"Shop","item":"https:\/\/mbi-design.de\/wp\/shop\/"},{"@type":"ListItem","position":3,"name":"Dampfpfeife zweiteiliger Bausatz Big"}]},{"@type":"WebSite","@id":"https:\/\/mbi-design.de\/wp\/#website","url":"https:\/\/mbi-design.de\/wp\/","name":"MBI Design Modellbau","description":"Funktionsmodellbau","publisher":{"@id":"https:\/\/mbi-design.de\/wp\/#organization"},"potentialAction":[{"@type":"SearchAction","target":{"@type":"EntryPoint","urlTemplate":"https:\/\/mbi-design.de\/wp\/?s={search_term_string}"},"query-input":{"@type":"PropertyValueSpecification","valueRequired":true,"valueName":"search_term_string"}}],"inLanguage":"de"},{"@type":"Organization","@id":"https:\/\/mbi-design.de\/wp\/#organization","name":"MBI Design Modellbau","url":"https:\/\/mbi-design.de\/wp\/","logo":{"@type":"ImageObject","inLanguage":"de","@id":"https:\/\/mbi-design.de\/wp\/#\/schema\/logo\/image\/","url":"https:\/\/mbi-design.de\/wp\/wp-content\/uploads\/2020\/03\/favicon-1.png","contentUrl":"https:\/\/mbi-design.de\/wp\/wp-content\/uploads\/2020\/03\/favicon-1.png","width":102,"height":102,"caption":"MBI Design Modellbau"},"image":{"@id":"https:\/\/mbi-design.de\/wp\/#\/schema\/logo\/image\/"}}]}},"_links":{"self":[{"href":"https:\/\/mbi-design.de\/wp\/wp-json\/wp\/v2\/product\/4189","targetHints":{"allow":["GET"]}}],"collection":[{"href":"https:\/\/mbi-design.de\/wp\/wp-json\/wp\/v2\/product"}],"about":[{"href":"https:\/\/mbi-design.de\/wp\/wp-json\/wp\/v2\/types\/product"}],"wp:featuredmedia":[{"embeddable":true,"href":"https:\/\/mbi-design.de\/wp\/wp-json\/wp\/v2\/media\/4186"}],"wp:attachment":[{"href":"https:\/\/mbi-design.de\/wp\/wp-json\/wp\/v2\/media?parent=4189"}],"wp:term":[{"taxonomy":"product_brand","embeddable":true,"href":"https:\/\/mbi-design.de\/wp\/wp-json\/wp\/v2\/product_brand?post=4189"},{"taxonomy":"product_cat","embeddable":true,"href":"https:\/\/mbi-design.de\/wp\/wp-json\/wp\/v2\/product_cat?post=4189"},{"taxonomy":"product_tag","embeddable":true,"href":"https:\/\/mbi-design.de\/wp\/wp-json\/wp\/v2\/product_tag?post=4189"}],"curies":[{"name":"wp","href":"https:\/\/api.w.org\/{rel}","templated":true}]}}