{"id":4266,"date":"2025-01-12T19:54:37","date_gmt":"2025-01-12T18:54:37","guid":{"rendered":"https:\/\/mbi-design.de\/wp\/?post_type=product&#038;p=4266"},"modified":"2025-05-05T22:37:29","modified_gmt":"2025-05-05T20:37:29","slug":"10-40-uns-zuendkerzen-stecker","status":"publish","type":"product","link":"https:\/\/mbi-design.de\/wp\/produkt\/10-40-uns-zuendkerzen-stecker\/","title":{"rendered":"10\/40 Z\u00fcndkerzen Stecker f\u00fcr 3,5mm"},"content":{"rendered":"<p><span style=\"vertical-align: inherit;\"><span style=\"vertical-align: inherit;\">Kerzenstecker f\u00fcr Z\u00fcndkerzen von Rcexl 10-40. Der Kerzenstecker ist f\u00fcr 3,5mm Z\u00fcndkabel geeignet und Kerze 90\u00b0 abgewinkelt. Das Material ist aus Silikon und der Kerzenstecker ist wasserdicht. Der Stecker hat eine innere W\u00f6lbung, die am oberen Ende der Z\u00fcndkerze einrastet und somit fest an der Z\u00fcndkerze sitzt. Das Silikonkabel der Z\u00fcndung muss sauber und fettfrei sein. Es wird am Ende des Z\u00fcndkabels ca. 2,5mm abisoliert und verzinnt. Das Kabelende wird soweit in den Stecker geschoben, bis das abisolierte Ende an der Stelle der Z\u00fcndkerze zu sehen ist. Es haftet der Stecker sehr gut am Silikonkabel.<\/span><\/span><\/p>\n<p><span style=\"vertical-align: inherit;\"><span style=\"vertical-align: inherit;\">Wir stellen die Stecker selber her und sie sind keine Massenware. Wenn Sie mehr ben\u00f6tigen, dann schreiben Sie uns \u00fcber das Kontaktformular an.<\/span><\/span><\/p>\n","protected":false},"excerpt":{"rendered":"<p><span style=\"vertical-align: inherit;\"><span style=\"vertical-align: inherit;\">Kerzenstecker aus Silikon f\u00fcr 3,5mm Z\u00fcndkabel. Passend f\u00fcr Rcexl Z\u00fcndkerze 10-40 .<\/span><\/span><\/p>\n","protected":false},"featured_media":4267,"template":"","meta":{"ngg_post_thumbnail":0},"product_brand":[],"product_cat":[53,118],"product_tag":[116,114,115,117],"class_list":{"0":"post-4266","1":"product","2":"type-product","3":"status-publish","4":"has-post-thumbnail","6":"product_cat-motoren-zubehoer","7":"product_cat-zuendkerzen-und-stecker","8":"product_tag-kerzenstecker","9":"product_tag-modellmotor","10":"product_tag-zuendanlage","11":"product_tag-zuendkabel","14":"first","15":"instock","16":"taxable","17":"shipping-taxable","18":"purchasable","19":"product-type-simple"},"yoast_head":"<!-- This site is optimized with the Yoast SEO plugin v27.3 - https:\/\/yoast.com\/product\/yoast-seo-wordpress\/ -->\n<title>10\/40 Z\u00fcndkerzen Stecker f\u00fcr 3,5mm - MBI Design Modellbau<\/title>\n<meta name=\"description\" content=\"Suchen Sie f\u00fcr Ihren Modellmotor einen Kerzenstecker? Wir haben f\u00fcr alle Modelle Rcexl CM6, 1\/4-32 Zoll, 10-40 Zoll und 3\/16-40 Zoll den passenden Stecker.\" \/>\n<meta name=\"robots\" content=\"index, follow, max-snippet:-1, max-image-preview:large, max-video-preview:-1\" \/>\n<link rel=\"canonical\" href=\"https:\/\/mbi-design.de\/wp\/produkt\/10-40-uns-zuendkerzen-stecker\/\" \/>\n<meta property=\"og:locale\" content=\"de_DE\" \/>\n<meta property=\"og:type\" content=\"article\" \/>\n<meta property=\"og:title\" content=\"10\/40 Z\u00fcndkerzen Stecker f\u00fcr 3,5mm - MBI Design Modellbau\" \/>\n<meta property=\"og:description\" content=\"Suchen Sie f\u00fcr Ihren Modellmotor einen Kerzenstecker? Wir haben f\u00fcr alle Modelle Rcexl CM6, 1\/4-32 Zoll, 10-40 Zoll und 3\/16-40 Zoll den passenden Stecker.\" \/>\n<meta property=\"og:url\" content=\"https:\/\/mbi-design.de\/wp\/produkt\/10-40-uns-zuendkerzen-stecker\/\" \/>\n<meta property=\"og:site_name\" content=\"MBI Design Modellbau\" \/>\n<meta property=\"article:modified_time\" content=\"2025-05-05T20:37:29+00:00\" \/>\n<meta property=\"og:image\" content=\"https:\/\/mbi-design.de\/wp\/wp-content\/uploads\/2025\/01\/10-40-Zuendkerzenstecker.jpg\" \/>\n\t<meta property=\"og:image:width\" content=\"1555\" \/>\n\t<meta property=\"og:image:height\" content=\"1166\" \/>\n\t<meta property=\"og:image:type\" content=\"image\/jpeg\" \/>\n<meta name=\"twitter:card\" content=\"summary_large_image\" \/>\n<meta name=\"twitter:label1\" content=\"Gesch\u00e4tzte Lesezeit\" \/>\n\t<meta name=\"twitter:data1\" content=\"1\u00a0Minute\" \/>\n<script type=\"application\/ld+json\" class=\"yoast-schema-graph\">{\"@context\":\"https:\\\/\\\/schema.org\",\"@graph\":[{\"@type\":\"WebPage\",\"@id\":\"https:\\\/\\\/mbi-design.de\\\/wp\\\/produkt\\\/10-40-uns-zuendkerzen-stecker\\\/\",\"url\":\"https:\\\/\\\/mbi-design.de\\\/wp\\\/produkt\\\/10-40-uns-zuendkerzen-stecker\\\/\",\"name\":\"10\\\/40 Z\u00fcndkerzen Stecker f\u00fcr 3,5mm - MBI Design Modellbau\",\"isPartOf\":{\"@id\":\"https:\\\/\\\/mbi-design.de\\\/wp\\\/#website\"},\"primaryImageOfPage\":{\"@id\":\"https:\\\/\\\/mbi-design.de\\\/wp\\\/produkt\\\/10-40-uns-zuendkerzen-stecker\\\/#primaryimage\"},\"image\":{\"@id\":\"https:\\\/\\\/mbi-design.de\\\/wp\\\/produkt\\\/10-40-uns-zuendkerzen-stecker\\\/#primaryimage\"},\"thumbnailUrl\":\"https:\\\/\\\/mbi-design.de\\\/wp\\\/wp-content\\\/uploads\\\/2025\\\/01\\\/10-40-Zuendkerzenstecker.jpg\",\"datePublished\":\"2025-01-12T18:54:37+00:00\",\"dateModified\":\"2025-05-05T20:37:29+00:00\",\"description\":\"Suchen Sie f\u00fcr Ihren Modellmotor einen Kerzenstecker? Wir haben f\u00fcr alle Modelle Rcexl CM6, 1\\\/4-32 Zoll, 10-40 Zoll und 3\\\/16-40 Zoll den passenden Stecker.\",\"breadcrumb\":{\"@id\":\"https:\\\/\\\/mbi-design.de\\\/wp\\\/produkt\\\/10-40-uns-zuendkerzen-stecker\\\/#breadcrumb\"},\"inLanguage\":\"de\",\"potentialAction\":[{\"@type\":\"ReadAction\",\"target\":[\"https:\\\/\\\/mbi-design.de\\\/wp\\\/produkt\\\/10-40-uns-zuendkerzen-stecker\\\/\"]}]},{\"@type\":\"ImageObject\",\"inLanguage\":\"de\",\"@id\":\"https:\\\/\\\/mbi-design.de\\\/wp\\\/produkt\\\/10-40-uns-zuendkerzen-stecker\\\/#primaryimage\",\"url\":\"https:\\\/\\\/mbi-design.de\\\/wp\\\/wp-content\\\/uploads\\\/2025\\\/01\\\/10-40-Zuendkerzenstecker.jpg\",\"contentUrl\":\"https:\\\/\\\/mbi-design.de\\\/wp\\\/wp-content\\\/uploads\\\/2025\\\/01\\\/10-40-Zuendkerzenstecker.jpg\",\"width\":1555,\"height\":1166},{\"@type\":\"BreadcrumbList\",\"@id\":\"https:\\\/\\\/mbi-design.de\\\/wp\\\/produkt\\\/10-40-uns-zuendkerzen-stecker\\\/#breadcrumb\",\"itemListElement\":[{\"@type\":\"ListItem\",\"position\":1,\"name\":\"Startseite\",\"item\":\"https:\\\/\\\/mbi-design.de\\\/wp\\\/\"},{\"@type\":\"ListItem\",\"position\":2,\"name\":\"Shop\",\"item\":\"https:\\\/\\\/mbi-design.de\\\/wp\\\/shop\\\/\"},{\"@type\":\"ListItem\",\"position\":3,\"name\":\"10\\\/40 Z\u00fcndkerzen Stecker f\u00fcr 3,5mm\"}]},{\"@type\":\"WebSite\",\"@id\":\"https:\\\/\\\/mbi-design.de\\\/wp\\\/#website\",\"url\":\"https:\\\/\\\/mbi-design.de\\\/wp\\\/\",\"name\":\"MBI Design Modellbau\",\"description\":\"Funktionsmodellbau\",\"publisher\":{\"@id\":\"https:\\\/\\\/mbi-design.de\\\/wp\\\/#organization\"},\"potentialAction\":[{\"@type\":\"SearchAction\",\"target\":{\"@type\":\"EntryPoint\",\"urlTemplate\":\"https:\\\/\\\/mbi-design.de\\\/wp\\\/?s={search_term_string}\"},\"query-input\":{\"@type\":\"PropertyValueSpecification\",\"valueRequired\":true,\"valueName\":\"search_term_string\"}}],\"inLanguage\":\"de\"},{\"@type\":\"Organization\",\"@id\":\"https:\\\/\\\/mbi-design.de\\\/wp\\\/#organization\",\"name\":\"MBI Design Modellbau\",\"url\":\"https:\\\/\\\/mbi-design.de\\\/wp\\\/\",\"logo\":{\"@type\":\"ImageObject\",\"inLanguage\":\"de\",\"@id\":\"https:\\\/\\\/mbi-design.de\\\/wp\\\/#\\\/schema\\\/logo\\\/image\\\/\",\"url\":\"https:\\\/\\\/mbi-design.de\\\/wp\\\/wp-content\\\/uploads\\\/2020\\\/03\\\/favicon-1.png\",\"contentUrl\":\"https:\\\/\\\/mbi-design.de\\\/wp\\\/wp-content\\\/uploads\\\/2020\\\/03\\\/favicon-1.png\",\"width\":102,\"height\":102,\"caption\":\"MBI Design Modellbau\"},\"image\":{\"@id\":\"https:\\\/\\\/mbi-design.de\\\/wp\\\/#\\\/schema\\\/logo\\\/image\\\/\"}}]}<\/script>\n<!-- \/ Yoast SEO plugin. -->","yoast_head_json":{"title":"10\/40 Z\u00fcndkerzen Stecker f\u00fcr 3,5mm - MBI Design Modellbau","description":"Suchen Sie f\u00fcr Ihren Modellmotor einen Kerzenstecker? Wir haben f\u00fcr alle Modelle Rcexl CM6, 1\/4-32 Zoll, 10-40 Zoll und 3\/16-40 Zoll den passenden Stecker.","robots":{"index":"index","follow":"follow","max-snippet":"max-snippet:-1","max-image-preview":"max-image-preview:large","max-video-preview":"max-video-preview:-1"},"canonical":"https:\/\/mbi-design.de\/wp\/produkt\/10-40-uns-zuendkerzen-stecker\/","og_locale":"de_DE","og_type":"article","og_title":"10\/40 Z\u00fcndkerzen Stecker f\u00fcr 3,5mm - MBI Design Modellbau","og_description":"Suchen Sie f\u00fcr Ihren Modellmotor einen Kerzenstecker? Wir haben f\u00fcr alle Modelle Rcexl CM6, 1\/4-32 Zoll, 10-40 Zoll und 3\/16-40 Zoll den passenden Stecker.","og_url":"https:\/\/mbi-design.de\/wp\/produkt\/10-40-uns-zuendkerzen-stecker\/","og_site_name":"MBI Design Modellbau","article_modified_time":"2025-05-05T20:37:29+00:00","og_image":[{"width":1555,"height":1166,"url":"https:\/\/mbi-design.de\/wp\/wp-content\/uploads\/2025\/01\/10-40-Zuendkerzenstecker.jpg","type":"image\/jpeg"}],"twitter_card":"summary_large_image","twitter_misc":{"Gesch\u00e4tzte Lesezeit":"1\u00a0Minute"},"schema":{"@context":"https:\/\/schema.org","@graph":[{"@type":"WebPage","@id":"https:\/\/mbi-design.de\/wp\/produkt\/10-40-uns-zuendkerzen-stecker\/","url":"https:\/\/mbi-design.de\/wp\/produkt\/10-40-uns-zuendkerzen-stecker\/","name":"10\/40 Z\u00fcndkerzen Stecker f\u00fcr 3,5mm - MBI Design Modellbau","isPartOf":{"@id":"https:\/\/mbi-design.de\/wp\/#website"},"primaryImageOfPage":{"@id":"https:\/\/mbi-design.de\/wp\/produkt\/10-40-uns-zuendkerzen-stecker\/#primaryimage"},"image":{"@id":"https:\/\/mbi-design.de\/wp\/produkt\/10-40-uns-zuendkerzen-stecker\/#primaryimage"},"thumbnailUrl":"https:\/\/mbi-design.de\/wp\/wp-content\/uploads\/2025\/01\/10-40-Zuendkerzenstecker.jpg","datePublished":"2025-01-12T18:54:37+00:00","dateModified":"2025-05-05T20:37:29+00:00","description":"Suchen Sie f\u00fcr Ihren Modellmotor einen Kerzenstecker? Wir haben f\u00fcr alle Modelle Rcexl CM6, 1\/4-32 Zoll, 10-40 Zoll und 3\/16-40 Zoll den passenden Stecker.","breadcrumb":{"@id":"https:\/\/mbi-design.de\/wp\/produkt\/10-40-uns-zuendkerzen-stecker\/#breadcrumb"},"inLanguage":"de","potentialAction":[{"@type":"ReadAction","target":["https:\/\/mbi-design.de\/wp\/produkt\/10-40-uns-zuendkerzen-stecker\/"]}]},{"@type":"ImageObject","inLanguage":"de","@id":"https:\/\/mbi-design.de\/wp\/produkt\/10-40-uns-zuendkerzen-stecker\/#primaryimage","url":"https:\/\/mbi-design.de\/wp\/wp-content\/uploads\/2025\/01\/10-40-Zuendkerzenstecker.jpg","contentUrl":"https:\/\/mbi-design.de\/wp\/wp-content\/uploads\/2025\/01\/10-40-Zuendkerzenstecker.jpg","width":1555,"height":1166},{"@type":"BreadcrumbList","@id":"https:\/\/mbi-design.de\/wp\/produkt\/10-40-uns-zuendkerzen-stecker\/#breadcrumb","itemListElement":[{"@type":"ListItem","position":1,"name":"Startseite","item":"https:\/\/mbi-design.de\/wp\/"},{"@type":"ListItem","position":2,"name":"Shop","item":"https:\/\/mbi-design.de\/wp\/shop\/"},{"@type":"ListItem","position":3,"name":"10\/40 Z\u00fcndkerzen Stecker f\u00fcr 3,5mm"}]},{"@type":"WebSite","@id":"https:\/\/mbi-design.de\/wp\/#website","url":"https:\/\/mbi-design.de\/wp\/","name":"MBI Design Modellbau","description":"Funktionsmodellbau","publisher":{"@id":"https:\/\/mbi-design.de\/wp\/#organization"},"potentialAction":[{"@type":"SearchAction","target":{"@type":"EntryPoint","urlTemplate":"https:\/\/mbi-design.de\/wp\/?s={search_term_string}"},"query-input":{"@type":"PropertyValueSpecification","valueRequired":true,"valueName":"search_term_string"}}],"inLanguage":"de"},{"@type":"Organization","@id":"https:\/\/mbi-design.de\/wp\/#organization","name":"MBI Design Modellbau","url":"https:\/\/mbi-design.de\/wp\/","logo":{"@type":"ImageObject","inLanguage":"de","@id":"https:\/\/mbi-design.de\/wp\/#\/schema\/logo\/image\/","url":"https:\/\/mbi-design.de\/wp\/wp-content\/uploads\/2020\/03\/favicon-1.png","contentUrl":"https:\/\/mbi-design.de\/wp\/wp-content\/uploads\/2020\/03\/favicon-1.png","width":102,"height":102,"caption":"MBI Design Modellbau"},"image":{"@id":"https:\/\/mbi-design.de\/wp\/#\/schema\/logo\/image\/"}}]}},"_links":{"self":[{"href":"https:\/\/mbi-design.de\/wp\/wp-json\/wp\/v2\/product\/4266","targetHints":{"allow":["GET"]}}],"collection":[{"href":"https:\/\/mbi-design.de\/wp\/wp-json\/wp\/v2\/product"}],"about":[{"href":"https:\/\/mbi-design.de\/wp\/wp-json\/wp\/v2\/types\/product"}],"wp:featuredmedia":[{"embeddable":true,"href":"https:\/\/mbi-design.de\/wp\/wp-json\/wp\/v2\/media\/4267"}],"wp:attachment":[{"href":"https:\/\/mbi-design.de\/wp\/wp-json\/wp\/v2\/media?parent=4266"}],"wp:term":[{"taxonomy":"product_brand","embeddable":true,"href":"https:\/\/mbi-design.de\/wp\/wp-json\/wp\/v2\/product_brand?post=4266"},{"taxonomy":"product_cat","embeddable":true,"href":"https:\/\/mbi-design.de\/wp\/wp-json\/wp\/v2\/product_cat?post=4266"},{"taxonomy":"product_tag","embeddable":true,"href":"https:\/\/mbi-design.de\/wp\/wp-json\/wp\/v2\/product_tag?post=4266"}],"curies":[{"name":"wp","href":"https:\/\/api.w.org\/{rel}","templated":true}]}}